{"id":89638,"date":"2024-01-31T15:50:22","date_gmt":"2024-01-31T14:50:22","guid":{"rendered":"https:\/\/secureus.se\/produkt\/vaggram-click-8888-26-mm\/"},"modified":"2026-04-08T16:41:32","modified_gmt":"2026-04-08T14:41:32","slug":"vaggram-click-8888-26-mm","status":"publish","type":"product","link":"https:\/\/secureus.se\/dk\/vaggram-click-8888-26-mm\/","title":{"rendered":"V\u00c6GRAMME KLIK 88*88 26 MM"},"content":{"rendered":"<p>V\u00e6gramme 1-rum 88*88 mm med dybde 26 mm til skruefastg\u00f8relse af apparater med b\u00f8lge- og lodret hulm\u00f8nster c\/c 60 mm.<\/p>\n<p>Monteres udvendigt med 4 skruer.<\/p>\n<p>Best\u00e5r af hvid termoplast.<\/p>","protected":false},"excerpt":{"rendered":"<p>V\u00e6gramme 1-rum 88*88 mm med dybde 26 mm til skruefastg\u00f8relse af apparater med b\u00f8lge- og lodret hulm\u00f8nster c\/c 60 mm.<\/p>\n<p>Monteres udvendigt med 4 skruer.<\/p>\n<p>Best\u00e5r af hvid termoplast.<\/p>","protected":false},"featured_media":139197,"template":"","meta":{"_acf_changed":false},"product_brand":[],"product_cat":[1603],"product_tag":[],"class_list":{"0":"post-89638","1":"product","2":"type-product","3":"status-publish","4":"has-post-thumbnail","6":"product_cat-tillbehor-till-rwc-larm","7":"product_shipping_class-postnord-varubrev","8":"tm-no-options","10":"first","11":"instock","12":"sale","13":"taxable","14":"shipping-taxable","15":"purchasable","16":"product-type-simple"},"acf":[],"_links":{"self":[{"href":"https:\/\/secureus.se\/dk\/wp-json\/wp\/v2\/product\/89638","targetHints":{"allow":["GET"]}}],"collection":[{"href":"https:\/\/secureus.se\/dk\/wp-json\/wp\/v2\/product"}],"about":[{"href":"https:\/\/secureus.se\/dk\/wp-json\/wp\/v2\/types\/product"}],"wp:featuredmedia":[{"embeddable":true,"href":"https:\/\/secureus.se\/dk\/wp-json\/wp\/v2\/media\/139197"}],"wp:attachment":[{"href":"https:\/\/secureus.se\/dk\/wp-json\/wp\/v2\/media?parent=89638"}],"wp:term":[{"taxonomy":"product_brand","embeddable":true,"href":"https:\/\/secureus.se\/dk\/wp-json\/wp\/v2\/product_brand?post=89638"},{"taxonomy":"product_cat","embeddable":true,"href":"https:\/\/secureus.se\/dk\/wp-json\/wp\/v2\/product_cat?post=89638"},{"taxonomy":"product_tag","embeddable":true,"href":"https:\/\/secureus.se\/dk\/wp-json\/wp\/v2\/product_tag?post=89638"}],"curies":[{"name":"wp","href":"https:\/\/api.w.org\/{rel}","templated":true}]}}