{"id":89641,"date":"2024-01-26T12:09:06","date_gmt":"2024-01-26T11:09:06","guid":{"rendered":"https:\/\/secureus.se\/produkt\/plastlada-elektronik-sabotage\/"},"modified":"2026-04-01T13:56:51","modified_gmt":"2026-04-01T11:56:51","slug":"plastlada-elektronik-sabotage","status":"publish","type":"product","link":"https:\/\/secureus.se\/dk\/plastlada-elektronik-sabotage\/","title":{"rendered":"Plastbokselektronik OPU-1 B Universal ABS-kabinet med sabotageafbryder"},"content":{"rendered":"<h1>Plastbokselektronik OPU-1 B Universal ABS-hus<\/h1>\n<p>En plastboks til elektronik, skr\u00e6ddersyet til alarmform\u00e5l og udstyret med en indbygget sabotagekontakt, f\u00e5s nu hos os.<\/p>\n<p>Denne alsidige boks er ideel til en r\u00e6kke funktioner, s\u00e5som installation af rel\u00e6er og andre moduler.<\/p>\n<p>Den forh\u00f8jede montering g\u00f8r det nemmere at forbinde ledninger og giver mulighed for let at skjule inde i boksen, hvilket er s\u00e6rligt praktisk, n\u00e5r der er behov for ekstra kabell\u00e6ngde til enhedsmontering.<\/p>\n<p>Plastbokselektronik OPU-1 B har en indbygget sabotageafbryder aktiveret n\u00e5r boksen \u00e5bnes, hvilket giver et ekstra sikkerhedsniveau for systemet.<\/p>\n<p>Denne plastboks er designet til at opfylde kravene til forskellige elektroniske applikationer, hvilket g\u00f8r den til en fleksibel mulighed for forskellige projekter.<\/p>\n<p>Dens robuste konstruktion sikrer langtidsholdbarhed og beskyttelse af de installerede komponenter.<\/p>\n<p>Den enkle installation g\u00f8r det muligt hurtigt at komme i gang med projektet uden besv\u00e6r.<\/p>\n<p>Derudover giver den indbyggede sabotagekontakt et ekstra lag af sikkerhed ved at detektere uautoriserede fors\u00f8g p\u00e5 at \u00e5bne eller manipulere med skuffen.<\/p>\n<p>Uanset om det er til alarmapplikationer eller andre elektronikprojekter, tilbyder denne plastbokselektronik OPU-1 B en p\u00e5lidelig og sikker l\u00f8sning til at beskytte og montere dine elektronikkomponenter.<\/p>\n<p>Bes\u00f8g vores butik for flere og andre l\u00f8sninger til dine projekter.<\/p>\n<p><span class=\"no_row_id_130\">St\u00f8rrelse<\/span>: 125 x 157 x 46 mm<\/p>","protected":false},"excerpt":{"rendered":"<p>Plastbokselektronik OPU-1 B Universal ABS-hus<\/p>\n<p>En plastboks til elektronik, skr\u00e6ddersyet til alarmform\u00e5l og udstyret med en indbygget sabotagekontakt, f\u00e5s nu hos os.<\/p>\n<p><span class=\"no_row_id_130\">St\u00f8rrelse<\/span>: 125 x 157 x 46 mm<\/p>","protected":false},"featured_media":138441,"template":"","meta":{"_acf_changed":false},"product_brand":[],"product_cat":[1547],"product_tag":[],"class_list":{"0":"post-89641","1":"product","2":"type-product","3":"status-publish","4":"has-post-thumbnail","6":"product_cat-plint-larm-telebox","7":"product_shipping_class-postnord-varubrev","8":"pa_brands-satel","9":"tm-no-options","11":"first","12":"instock","13":"sale","14":"taxable","15":"shipping-taxable","16":"purchasable","17":"product-type-simple"},"acf":[],"_links":{"self":[{"href":"https:\/\/secureus.se\/dk\/wp-json\/wp\/v2\/product\/89641","targetHints":{"allow":["GET"]}}],"collection":[{"href":"https:\/\/secureus.se\/dk\/wp-json\/wp\/v2\/product"}],"about":[{"href":"https:\/\/secureus.se\/dk\/wp-json\/wp\/v2\/types\/product"}],"wp:featuredmedia":[{"embeddable":true,"href":"https:\/\/secureus.se\/dk\/wp-json\/wp\/v2\/media\/138441"}],"wp:attachment":[{"href":"https:\/\/secureus.se\/dk\/wp-json\/wp\/v2\/media?parent=89641"}],"wp:term":[{"taxonomy":"product_brand","embeddable":true,"href":"https:\/\/secureus.se\/dk\/wp-json\/wp\/v2\/product_brand?post=89641"},{"taxonomy":"product_cat","embeddable":true,"href":"https:\/\/secureus.se\/dk\/wp-json\/wp\/v2\/product_cat?post=89641"},{"taxonomy":"product_tag","embeddable":true,"href":"https:\/\/secureus.se\/dk\/wp-json\/wp\/v2\/product_tag?post=89641"}],"curies":[{"name":"wp","href":"https:\/\/api.w.org\/{rel}","templated":true}]}}