{"id":89694,"date":"2024-02-05T17:18:48","date_gmt":"2024-02-05T16:18:48","guid":{"rendered":"https:\/\/secureus.se\/?post_type=product&#038;p=89694"},"modified":"2026-03-10T11:03:46","modified_gmt":"2026-03-10T10:03:46","slug":"ajax-nvr-16-kanaler-svart-videolagring","status":"publish","type":"product","link":"https:\/\/secureus.se\/dk\/ajax-nvr-16-kanaler-svart-videolagring\/","title":{"rendered":"Ajax NVR 16 Channels Black - Videolagring"},"content":{"rendered":"<div class=\"flex-1 overflow-hidden\">\n<div class=\"h-full\">\n<div class=\"react-scroll-to-bottom--css-ssefx-79elbk h-full\">\n<div class=\"react-scroll-to-bottom--css-ssefx-1n7m0yu\">\n<div class=\"flex flex-col text-sm md:pb-9\">\n<article class=\"w-full scroll-mb-[var(--thread-trailing-height)] text-token-text-primary focus-visible:outline-2 focus-visible:outline-offset-[-4px]\" dir=\"auto\" data-testid=\"conversation-turn-407\" data-scroll-anchor=\"true\">\n<div class=\"m-auto text-base py-[18px] px-3 md:px-4 w-full md:px-5 lg:px-4 xl:px-5\">\n<div class=\"mx-auto flex flex-1 gap-4 text-base md:gap-5 lg:gap-6 md:max-w-3xl lg:max-w-[40rem] xl:max-w-[48rem]\">\n<div class=\"group\/conversation-turn relative flex w-full min-w-0 flex-col agent-turn\">\n<div class=\"flex-col gap-1 md:gap-3\">\n<div class=\"flex max-w-full flex-col flex-grow\">\n<div class=\"min-h-8 text-message flex w-full flex-col items-end gap-2 whitespace-normal break-words [.text-message+&amp;]:mt-5\" dir=\"auto\" data-message-author-role=\"assistant\" data-message-id=\"069211f2-a729-4ad3-9eb5-3ce6b7f01c23\" data-message-model-slug=\"gpt-4o-mini\">\n<div class=\"flex w-full flex-col gap-1 empty:hidden first:pt-[3px]\">\n<div class=\"markdown prose w-full break-words dark:prose-invert light\">\n<h3>Ajax NVR 16 kanaler \u00e4r en av de mest avancerade och anv\u00e4ndarv\u00e4nliga videolagringsl\u00f6sningarna p\u00e5 marknaden.<\/h3>\n<p>Den \u00e4r designad f\u00f6r att enkelt integreras med Ajax-larmsystemet, vilket g\u00f6r det m\u00f6jligt att centralisera b\u00e5de video\u00f6vervakning och s\u00e4kerhet i ett och samma system.<\/p>\n<p>NVR-enheten erbjuder m\u00f6jlighet att spela in och lagra videomaterial fr\u00e5n upp till 16 kameror samtidigt, vilket g\u00f6r den perfekt f\u00f6r b\u00e5de sm\u00e5 och stora installationer.<\/p>\n<p><strong>Avancerad Videolagring och Enkel Integration<\/strong><\/p>\n<p>Ajax NVR 16-kanaler g\u00f6r det enkelt att ansluta och konfigurera kameror fr\u00e5n Ajax-systemet eller andra kompatibla enheter som st\u00f6der Onvif eller RTSP.<\/p>\n<p>N\u00e4r kamerorna \u00e4r installerade p\u00e5 n\u00e4tverket och konfigurerade via Ajax-appen kan du enkelt spela in och granska videomaterial i realtid eller senare.<\/p>\n<p>F\u00f6r st\u00f6rre installationsbehov kan du anv\u00e4nda en h\u00e5rddisk p\u00e5 upp till 16TB f\u00f6r att lagra videostr\u00f6mmarna s\u00e4kert och utan problem. Detta g\u00f6r det m\u00f6jligt att spela in och lagra stora m\u00e4ngder video fr\u00e5n flera kameror.<\/p>\n<p><strong>Flexibilitet och Skalbarhet<\/strong><br \/>\nAjax NVR 16-kanaler \u00e4r mycket flexibel och kan ut\u00f6kas med fler kameror \u00f6ver tid f\u00f6r att anpassa sig till v\u00e4xande s\u00e4kerhetsbehov.<\/p>\n<p>Med sin m\u00f6jlighet att st\u00f6dja upp till 16 kameror erbjuder det en kraftfull l\u00f6sning f\u00f6r st\u00f6rre f\u00f6retag eller fastigheter som kr\u00e4ver omfattande \u00f6vervakning. Den anv\u00e4ndarv\u00e4nliga designen g\u00f6r att systemet kan skalas och installeras utan tekniska sv\u00e5righeter. En enkel app-baserad installation g\u00f6r det enkelt att komma ig\u00e5ng snabbt.<\/p>\n<p><strong>Scenarier och Fj\u00e4rr\u00e5tkomst<\/strong><br \/>\nEn av de mest uppskattade funktionerna hos Ajax NVR \u00e4r f\u00f6rm\u00e5gan att skapa anpassade inspelningsscenarier.<\/p>\n<p>NVR-enheten kan konfigureras f\u00f6r att spela in endast n\u00e4r ett larm triggas, vilket sparar p\u00e5 lagringsutrymme och g\u00f6r det enklare att hitta viktiga videosekvenser.<\/p>\n<p>Till exempel kan kamerorna b\u00f6rja spela in om ett inbrottslarm, brandlarm eller vattenlarm utl\u00f6ses. Detta g\u00f6r att du enkelt kan f\u00e5 tillg\u00e5ng till bevis p\u00e5 intr\u00e4ffade h\u00e4ndelser utan att beh\u00f6va g\u00e5 igenom m\u00e4ngder av on\u00f6dig inspelning.<\/p>\n<p><strong>S\u00e4kerhet och Kryptering<\/strong><br \/>\nF\u00f6r att s\u00e4kerst\u00e4lla att dina data \u00e4r skyddade anv\u00e4nder Ajax NVR JetSparrow-teknologi f\u00f6r snabb och s\u00e4ker \u00f6verf\u00f6ring av videodata.<\/p>\n<p>All videostr\u00f6mning och lagring \u00e4r krypterad, vilket skyddar mot obeh\u00f6rig \u00e5tkomst.<\/p>\n<p>ystemet \u00e4r ocks\u00e5 kompatibelt med de strikta s\u00e4kerhetsstandarderna f\u00f6r cyberskydd och \u00e4r NDAA-kompatibelt, vilket inneb\u00e4r att det genomg\u00e5r rigor\u00f6sa tester f\u00f6r att uppr\u00e4tth\u00e5lla h\u00f6gsta niv\u00e5 av s\u00e4kerhet.<\/p>\n<p><strong>Enkel Installation och H\u00e4lsokontroll<\/strong><br \/>\nMed Ajax NVR kan du enkelt installera och konfigurera systemet via appen.<\/p>\n<p>N\u00e4r systemet \u00e4r ig\u00e5ng kan du ocks\u00e5 \u00f6vervaka NVR h\u00e4lsostatus och f\u00e5 information om HDD-utrymme, CPU-belastning, RAM-anv\u00e4ndning och temperatur.<\/p>\n<p>Detta g\u00f6r det enkelt att h\u00e5lla systemet i drift och optimera prestanda f\u00f6r l\u00e5ngvarig anv\u00e4ndning.<\/p>\n<p><strong>Tekniska Specifikationer<\/strong>:<\/p>\n<ul>\n<li><strong>Antal kanaler<\/strong>: 16<\/li>\n<li><strong>H\u00e5rddiskkapacitet<\/strong>: Upp till 16TB (HDD ing\u00e5r ej)<\/li>\n<li><strong>Inspelning<\/strong>: Lokalt p\u00e5 enheten, fj\u00e4rr\u00e5tkomst via app<\/li>\n<li><strong>Kompatibilitet<\/strong>: Onvif eller RTSP-kompatibla kameror<\/li>\n<li><strong>Lagring<\/strong>: St\u00f6d f\u00f6r lokal lagring och s\u00e4kerhetskopiering<\/li>\n<li><strong>S\u00e4kerhet<\/strong>: Kryptering via JetSparrow-teknologi, NDAA-kompatibel<\/li>\n<li><strong>Fj\u00e4rr\u00e5tkomst<\/strong>: Webapplikation och mobilapp<\/li>\n<li><strong>Str\u00f6mf\u00f6rs\u00f6rjning<\/strong>: 12V DC, PoE (valfritt)<\/li>\n<li><strong>Anslutning<\/strong>: Ethernet, RS232 f\u00f6r kommunikation<\/li>\n<\/ul>\n<p><strong>F\u00f6rpackningen Inneh\u00e5ller<\/strong>:<\/p>\n<ul>\n<li>1 x Ajax NVR 16-kanaler<\/li>\n<li>1 x SmartBracket monteringspanel<\/li>\n<li>1 x Str\u00f6mkabel<\/li>\n<li>1 x Ethernetkabel<\/li>\n<li>1 x Installationskit<\/li>\n<li>1 x Snabbstartsguide<\/li>\n<\/ul>\n<p><strong>Slutsats<\/strong>:<br \/>\nMed Ajax NVR 16-kanaler f\u00e5r du en kraftfull och flexibel videolagringsl\u00f6sning som s\u00e4kerst\u00e4ller att din \u00f6vervakning alltid \u00e4r i toppklass.<\/p>\n<p>Enkel att installera, anv\u00e4nda och fj\u00e4rr\u00e5tkomlig via appen, g\u00f6r denna enhet att du kan h\u00e5lla koll p\u00e5 alla dina kameror och lagra inspelat material p\u00e5 ett tryggt och s\u00e4kert s\u00e4tt.<\/p>\n<\/div>\n<\/div>\n<\/div>\n<\/div>\n<div class=\"mb-2 flex gap-3 empty:hidden -ml-2\">\n<div class=\"items-center justify-start rounded-xl p-1 flex\">\n<div class=\"flex items-center\"><\/div>\n<\/div>\n<\/div>\n<\/div>\n<\/div>\n<\/div>\n<\/div>\n<\/article>\n<\/div>\n<\/div>\n<\/div>\n<\/div>\n<\/div>\n","protected":false},"excerpt":{"rendered":"<p>Ajax NVR 16-kanaler er en h\u00f8jtydende videolagringsl\u00f8sning, der problemfrit integreres med Ajax alarmsystem.<\/p>\n<p>Den underst\u00f8tter op til 16 kameraer og gemmer video lokalt med en harddiskkapacitet p\u00e5 op til 16TB.<\/p>\n<p>Nem installation og fjernadgang via appen.<\/p>","protected":false},"featured_media":155634,"template":"","meta":{"_acf_changed":false},"product_brand":[],"product_cat":[1319,4011,3358],"product_tag":[4863],"class_list":{"0":"post-89694","1":"product","2":"type-product","3":"status-publish","4":"has-post-thumbnail","6":"product_cat-ajax-larm","7":"product_cat-ajax-kameror","8":"product_cat-nvr-network-video-recorder","9":"product_tag-pf","10":"product_shipping_class-tunga-paket","11":"pa_brands-ajax-systems","12":"pa_farg-svart","13":"tm-no-options","15":"first","16":"instock","17":"sale","18":"taxable","19":"shipping-taxable","20":"purchasable","21":"product-type-simple"},"acf":[],"_links":{"self":[{"href":"https:\/\/secureus.se\/dk\/wp-json\/wp\/v2\/product\/89694","targetHints":{"allow":["GET"]}}],"collection":[{"href":"https:\/\/secureus.se\/dk\/wp-json\/wp\/v2\/product"}],"about":[{"href":"https:\/\/secureus.se\/dk\/wp-json\/wp\/v2\/types\/product"}],"wp:featuredmedia":[{"embeddable":true,"href":"https:\/\/secureus.se\/dk\/wp-json\/wp\/v2\/media\/155634"}],"wp:attachment":[{"href":"https:\/\/secureus.se\/dk\/wp-json\/wp\/v2\/media?parent=89694"}],"wp:term":[{"taxonomy":"product_brand","embeddable":true,"href":"https:\/\/secureus.se\/dk\/wp-json\/wp\/v2\/product_brand?post=89694"},{"taxonomy":"product_cat","embeddable":true,"href":"https:\/\/secureus.se\/dk\/wp-json\/wp\/v2\/product_cat?post=89694"},{"taxonomy":"product_tag","embeddable":true,"href":"https:\/\/secureus.se\/dk\/wp-json\/wp\/v2\/product_tag?post=89694"}],"curies":[{"name":"wp","href":"https:\/\/api.w.org\/{rel}","templated":true}]}}