{"id":89816,"date":"2024-02-20T14:23:38","date_gmt":"2024-02-20T13:23:38","guid":{"rendered":"https:\/\/secureus.se\/produkt\/magicard-3633-0054-printer-cleaning-roller-kit-pack-of-5\/"},"modified":"2026-04-08T16:21:47","modified_gmt":"2026-04-08T14:21:47","slug":"magicard-3633-0054-printer-cleaning-roller-kit-pack-of-5","status":"publish","type":"product","link":"https:\/\/secureus.se\/dk\/magicard-3633-0054-printer-cleaning-roller-kit-pack-of-5\/","title":{"rendered":"Magicard 3633-0054 Reng\u00f8ringsruller til kortprinter \u2013 5-pak"},"content":{"rendered":"<p>Det er bevist, at Magicard 3633-0054 printerrenserulles\u00e6t fjerner st\u00f8v, snavs og bl\u00e6krester, der kan for\u00e5rsage skade p\u00e5 printerens afg\u00f8rende dele. Regelm\u00e6ssig reng\u00f8ring er den nemmeste m\u00e5de at bevare din printers ydeevne p\u00e5 og til at producere udskriftsresultater i h\u00f8j kvalitet.<\/p>\n<ul>\n<li>Indeholder fem kort til reng\u00f8ringsrullehylstre og en genanvendelig rullestang<\/li>\n<li>Producenten anbefaler brugen af et reng\u00f8ringss\u00e6t ved hver udskiftning af farveb\u00e5nd<\/li>\n<li>Holdbarhed p\u00e5 op til et \u00e5r ved opbevaring under korrekte forhold Producentens varenummer: 3633-0054<\/li>\n<\/ul>","protected":false},"excerpt":{"rendered":"<p>Det er bevist, at Magicard 3633-0054 printerrenserulles\u00e6t fjerner st\u00f8v, snavs og bl\u00e6krester, der kan for\u00e5rsage skade p\u00e5 printerens afg\u00f8rende dele. Regelm\u00e6ssig reng\u00f8ring er den nemmeste m\u00e5de at vedligeholde<\/p>","protected":false},"featured_media":139075,"template":"","meta":{"_acf_changed":false},"product_brand":[],"product_cat":[4807],"product_tag":[3174,3182,4863],"class_list":{"0":"post-89816","1":"product","2":"type-product","3":"status-publish","4":"has-post-thumbnail","6":"product_cat-rengoringskit","7":"product_tag-magicard","8":"product_tag-magicard-tillbehor","9":"product_tag-pf","10":"product_shipping_class-postnord-varubrev","11":"pa_brands-magicard","12":"tm-no-options","14":"first","15":"instock","16":"taxable","17":"shipping-taxable","18":"purchasable","19":"product-type-simple"},"acf":[],"_links":{"self":[{"href":"https:\/\/secureus.se\/dk\/wp-json\/wp\/v2\/product\/89816","targetHints":{"allow":["GET"]}}],"collection":[{"href":"https:\/\/secureus.se\/dk\/wp-json\/wp\/v2\/product"}],"about":[{"href":"https:\/\/secureus.se\/dk\/wp-json\/wp\/v2\/types\/product"}],"wp:featuredmedia":[{"embeddable":true,"href":"https:\/\/secureus.se\/dk\/wp-json\/wp\/v2\/media\/139075"}],"wp:attachment":[{"href":"https:\/\/secureus.se\/dk\/wp-json\/wp\/v2\/media?parent=89816"}],"wp:term":[{"taxonomy":"product_brand","embeddable":true,"href":"https:\/\/secureus.se\/dk\/wp-json\/wp\/v2\/product_brand?post=89816"},{"taxonomy":"product_cat","embeddable":true,"href":"https:\/\/secureus.se\/dk\/wp-json\/wp\/v2\/product_cat?post=89816"},{"taxonomy":"product_tag","embeddable":true,"href":"https:\/\/secureus.se\/dk\/wp-json\/wp\/v2\/product_tag?post=89816"}],"curies":[{"name":"wp","href":"https:\/\/api.w.org\/{rel}","templated":true}]}}