{"id":89991,"date":"2024-03-04T14:25:15","date_gmt":"2024-03-04T13:25:15","guid":{"rendered":"https:\/\/secureus.se\/produkt\/evolis-agilia-rt5f102e100-ymckk-colour-ribbon-600-prints\/"},"modified":"2026-04-23T12:31:00","modified_gmt":"2026-04-23T10:31:00","slug":"evolis-agilia-rt5f102e100-ymckk-colour-ribbon-600-prints","status":"publish","type":"product","link":"https:\/\/secureus.se\/dk\/evolis-agilia-rt5f102e100-ymckk-colour-ribbon-600-prints\/","title":{"rendered":"Evolis YMCKK farveb\u00e5nd \u2013 Agilia (600 tryk)"},"content":{"rendered":"<h1>B\u00e5nd<br \/>\n  Evolis YMCKK \u2013 Agilia (600 print)<\/h1>\n<p>Evolis YMCKK-b\u00e5nd \u2013 Agilia (600 tryk) er et bl\u00e6kb\u00e5nd<br \/>\n  til udskrivning af plastikkort med skarpe farver, klar tekst og god<br \/>\n  YMCKK-b\u00e5ndtypen giver den korrekte kombination af farvepaneler til<br \/>\n  professionel korttrykning.<\/p>\n<p>Velegnet til ID-kort, adgangskort, medlemskort og andet<br \/>\n  plastikkort, hvor h\u00f8j udskriftskvalitet og p\u00e5lidelighed er afg\u00f8rende<br \/>\n  vigtig.<\/p>\n<ul>\n<li>Kapacitet: op til 600 udskrifter<\/li>\n<li>B\u00e5ndtype: YMCKK<\/li>\n<li>Velegnet til dobbeltsidet korttryk<\/li>\n<li>Originalt produkt<\/li>\n<\/ul>","protected":false},"excerpt":{"rendered":"<p>F\u00e4rgband Evolis YMCKK &#8211; Agilia (600 utskrifter) F\u00e4rgband Evolis YMCKK &#8211; Agilia (600 utskrifter) \u00e4r ett f\u00e4rgband f\u00f6r utskrift av plastkort med skarpa f\u00e4rger, tydlig text och bra detalj\u00e5tergivning. Bandtypen<\/p>","protected":false},"featured_media":138692,"template":"","meta":{"_acf_changed":false},"product_brand":[],"product_cat":[3213,4854],"product_tag":[3181,4863],"class_list":{"0":"post-89991","1":"product","2":"type-product","3":"status-publish","4":"has-post-thumbnail","6":"product_cat-evolis-fargband-retransfer","7":"product_cat-agilia","8":"product_tag-evolis-tillbehor","9":"product_tag-pf","10":"product_shipping_class-tunga-paket","11":"pa_brands-evolis","12":"tm-has-options","14":"first","15":"instock","16":"sale","17":"taxable","18":"shipping-taxable","19":"purchasable","20":"product-type-simple"},"acf":[],"_links":{"self":[{"href":"https:\/\/secureus.se\/dk\/wp-json\/wp\/v2\/product\/89991","targetHints":{"allow":["GET"]}}],"collection":[{"href":"https:\/\/secureus.se\/dk\/wp-json\/wp\/v2\/product"}],"about":[{"href":"https:\/\/secureus.se\/dk\/wp-json\/wp\/v2\/types\/product"}],"wp:featuredmedia":[{"embeddable":true,"href":"https:\/\/secureus.se\/dk\/wp-json\/wp\/v2\/media\/138692"}],"wp:attachment":[{"href":"https:\/\/secureus.se\/dk\/wp-json\/wp\/v2\/media?parent=89991"}],"wp:term":[{"taxonomy":"product_brand","embeddable":true,"href":"https:\/\/secureus.se\/dk\/wp-json\/wp\/v2\/product_brand?post=89991"},{"taxonomy":"product_cat","embeddable":true,"href":"https:\/\/secureus.se\/dk\/wp-json\/wp\/v2\/product_cat?post=89991"},{"taxonomy":"product_tag","embeddable":true,"href":"https:\/\/secureus.se\/dk\/wp-json\/wp\/v2\/product_tag?post=89991"}],"curies":[{"name":"wp","href":"https:\/\/api.w.org\/{rel}","templated":true}]}}