{"id":90027,"date":"2024-03-04T14:23:56","date_gmt":"2024-03-04T13:23:56","guid":{"rendered":"https:\/\/secureus.se\/produkt\/magicard-ultima-color-ymck-dye-film-retransfer-film-set-x1\/"},"modified":"2026-03-26T10:11:12","modified_gmt":"2026-03-26T09:11:12","slug":"magicard-ultima-color-ymck-dye-film-retransfer-film-set-x1","status":"publish","type":"product","link":"https:\/\/secureus.se\/dk\/magicard-ultima-color-ymck-dye-film-retransfer-film-set-x1\/","title":{"rendered":"Magicard Ultima Color YMCK Dye Film &amp; Retransfer Film Set x1"},"content":{"rendered":"<p>Magicard HE4000-SINGLESET YMCK farvefilm og retransfer s\u00e6t er kun kompatible til brug med Magicard Ultima.<\/p>\n<p>Dette s\u00e6t inkluderer et farvefilmb\u00e5nd i fuld farve med og en genoverf\u00f8rselsfilm.<\/p>\n<ul dir=\"ltr\">\n<li>1.000 fuldfarvetryk<\/li>\n<li>1 x YMCK farvefilmsb\u00e5nd og 1 x retransferfilm<\/li>\n<\/ul>\n<p dir=\"ltr\">Producentens reservedelsnummer: HE4000-SINGLESET<\/p>","protected":false},"excerpt":{"rendered":"<p>Magicard HE4000-SINGLESET YMCK farvefilm og retransfer s\u00e6t er kun kompatible til brug med Magicard Ultima. Dette s\u00e6t inkluderer et farvefilmb\u00e5nd i fuld farve med og en retransfer<\/p>","protected":false},"featured_media":138825,"template":"","meta":{"_acf_changed":false},"product_brand":[],"product_cat":[3216,4831],"product_tag":[3182,4863],"class_list":{"0":"post-90027","1":"product","2":"type-product","3":"status-publish","4":"has-post-thumbnail","6":"product_cat-magicard-fargband-retransfer","7":"product_cat-magicard-ultima-ribbons","8":"product_tag-magicard-tillbehor","9":"product_tag-pf","10":"product_shipping_class-tunga-paket","11":"pa_brands-magicard","12":"tm-has-options","14":"first","15":"instock","16":"sale","17":"taxable","18":"shipping-taxable","19":"purchasable","20":"product-type-simple"},"acf":[],"_links":{"self":[{"href":"https:\/\/secureus.se\/dk\/wp-json\/wp\/v2\/product\/90027","targetHints":{"allow":["GET"]}}],"collection":[{"href":"https:\/\/secureus.se\/dk\/wp-json\/wp\/v2\/product"}],"about":[{"href":"https:\/\/secureus.se\/dk\/wp-json\/wp\/v2\/types\/product"}],"wp:featuredmedia":[{"embeddable":true,"href":"https:\/\/secureus.se\/dk\/wp-json\/wp\/v2\/media\/138825"}],"wp:attachment":[{"href":"https:\/\/secureus.se\/dk\/wp-json\/wp\/v2\/media?parent=90027"}],"wp:term":[{"taxonomy":"product_brand","embeddable":true,"href":"https:\/\/secureus.se\/dk\/wp-json\/wp\/v2\/product_brand?post=90027"},{"taxonomy":"product_cat","embeddable":true,"href":"https:\/\/secureus.se\/dk\/wp-json\/wp\/v2\/product_cat?post=90027"},{"taxonomy":"product_tag","embeddable":true,"href":"https:\/\/secureus.se\/dk\/wp-json\/wp\/v2\/product_tag?post=90027"}],"curies":[{"name":"wp","href":"https:\/\/api.w.org\/{rel}","templated":true}]}}