{"id":90168,"date":"2024-03-12T10:37:30","date_gmt":"2024-03-12T09:37:30","guid":{"rendered":"https:\/\/secureus.se\/?post_type=product&#038;p=90168"},"modified":"2026-04-21T14:54:59","modified_gmt":"2026-04-21T12:54:59","slug":"risco-wifi-2mp-eyeball-camera","status":"publish","type":"product","link":"https:\/\/secureus.se\/dk\/risco-wifi-2mp-eyeball-camera\/","title":{"rendered":"Risco WiFi 2MP \u00f8je\u00e6blekamera"},"content":{"rendered":"<h1>Risco WiFi 2MP \u00f8je\u00e6blekamera<\/h1>\n<p data-start=\"355\" data-end=\"728\">Risco WiFi 2MP \u00f8je\u00e6blekameraet tilbyder en progressiv CMOS-billedsensor med h\u00f8j opl\u00f8sning p\u00e5 2 megapixel, der leverer klar og detaljeret billedkvalitet.<\/p>\n<p data-start=\"355\" data-end=\"728\">Kameraet har en IR-r\u00e6kkevidde p\u00e5 op til 20 meter, hvilket g\u00f8r det ideelt til b\u00e5de dag- og natoverv\u00e5gning.<\/p>\n<p data-start=\"355\" data-end=\"728\">Med en br\u00e6ndvidde p\u00e5 2,8 mm indfanger kameraet et bredt synsfelt og er perfekt til overv\u00e5gning af st\u00f8rre omr\u00e5der.<\/p>\n<p data-start=\"730\" data-end=\"974\">Kameraet er IP67-certificeret, hvilket g\u00f8r det b\u00e5de vandt\u00e6t og st\u00f8vt\u00e6t, hvilket g\u00f8r det velegnet til b\u00e5de indend\u00f8rs og udend\u00f8rs brug.<\/p>\n<p data-start=\"730\" data-end=\"974\">Den underst\u00f8tter ogs\u00e5 Micro SD-kort med op til 128 GB kapacitet til lokal lagring af videomateriale.<\/p>\n<p data-start=\"976\" data-end=\"1223\">Risco WiFi 2MP \u00f8je\u00e6blekameraet har Wi-Fi-forbindelse, hvilket forenkler installationen og giver fleksibilitet til at placere kameraet, hvor det er n\u00f8dvendigt, uden at tr\u00e6kke kabler.<\/p>\n<p data-start=\"976\" data-end=\"1223\">Den underst\u00f8tter en Wi-Fi-udgangseffekt p\u00e5 op til 20 dBm og fungerer p\u00e5 2,4 GHz-frekvensen.<\/p>\n<p data-start=\"1225\" data-end=\"1254\"><strong data-start=\"1225\" data-end=\"1254\">Tekniske specifikationer:<\/strong><\/p>\n<ul data-start=\"1255\" data-end=\"1696\">\n<li data-start=\"1255\" data-end=\"1276\">\n<p data-start=\"1257\" data-end=\"1276\">Model: RVCM32W1600<\/p>\n<\/li>\n<li data-start=\"1277\" data-end=\"1325\">\n<p data-start=\"1279\" data-end=\"1325\">Billedsensor: 1\/2,7\u201d 2-megapixel progressiv CMOS<\/p>\n<\/li>\n<li data-start=\"1326\" data-end=\"1348\">\n<p data-start=\"1328\" data-end=\"1348\">IR-afstand: 20 meter<\/p>\n<\/li>\n<li data-start=\"1349\" data-end=\"1368\">\n<p data-start=\"1351\" data-end=\"1368\">Br\u00e6ndvidde: 2,8 mm<\/p>\n<\/li>\n<li data-start=\"1369\" data-end=\"1399\">\n<p data-start=\"1371\" data-end=\"1399\">Str\u00f8mforsyning: 12V DC, 1A<\/p>\n<\/li>\n<li data-start=\"1400\" data-end=\"1425\">\n<p data-start=\"1402\" data-end=\"1425\">Str\u00f8mforbrug: &lt;4,7W<\/p>\n<\/li>\n<li data-start=\"1426\" data-end=\"1462\">\n<p data-start=\"1428\" data-end=\"1462\">Wi-Fi-udgangseffekt: Maksimum 20 dBm<\/p>\n<\/li>\n<li data-start=\"1463\" data-end=\"1488\">\n<p data-start=\"1465\" data-end=\"1488\">Wi-Fi-frekvens: 2,4 GHz<\/p>\n<\/li>\n<li data-start=\"1489\" data-end=\"1565\">\n<p data-start=\"1491\" data-end=\"1565\">Driftsforhold: -20\u00b0C til 45\u00b0C (-4\u00b0F til 113\u00b0F), \u2264 95% luftfugtighed<\/p>\n<\/li>\n<li data-start=\"1566\" data-end=\"1615\">\n<p data-start=\"1568\" data-end=\"1615\">Beskyttelsesklasse: IP67 (vandt\u00e6t og st\u00f8vt\u00e6t)<\/p>\n<\/li>\n<li data-start=\"1616\" data-end=\"1647\">\n<p data-start=\"1618\" data-end=\"1647\">Lagring: Micro SD, maks. 128 GB<\/p>\n<\/li>\n<li data-start=\"1648\" data-end=\"1696\">\n<p data-start=\"1650\" data-end=\"1696\">Funktioner: Dag\/nat ICR (med infrar\u00f8dt filter)<\/p>\n<\/li>\n<\/ul>","protected":false},"excerpt":{"rendered":"<p>Risco WiFi 2MP \u00f8je\u00e6blekamera er et 2-megapixel sikkerhedskamera med IR-sigtbarhed p\u00e5 op til 20 meter.<\/p>\n<p>Den er IP67-certificeret og tilbyder videooverv\u00e5gning i h\u00f8j kvalitet med en br\u00e6ndvidde p\u00e5 2,8 mm og Wi-Fi-forbindelse for nem installation.<\/p>","protected":false},"featured_media":138328,"template":"","meta":{"_acf_changed":false},"product_brand":[],"product_cat":[3192],"product_tag":[],"class_list":{"0":"post-90168","1":"product","2":"type-product","3":"status-publish","4":"has-post-thumbnail","6":"product_cat-risco-ip-kamera","7":"product_shipping_class-tunga-paket","8":"pa_brands-4risco","9":"tm-no-options","11":"first","12":"onbackorder","13":"sale","14":"taxable","15":"shipping-taxable","16":"purchasable","17":"product-type-simple"},"acf":[],"_links":{"self":[{"href":"https:\/\/secureus.se\/dk\/wp-json\/wp\/v2\/product\/90168","targetHints":{"allow":["GET"]}}],"collection":[{"href":"https:\/\/secureus.se\/dk\/wp-json\/wp\/v2\/product"}],"about":[{"href":"https:\/\/secureus.se\/dk\/wp-json\/wp\/v2\/types\/product"}],"wp:featuredmedia":[{"embeddable":true,"href":"https:\/\/secureus.se\/dk\/wp-json\/wp\/v2\/media\/138328"}],"wp:attachment":[{"href":"https:\/\/secureus.se\/dk\/wp-json\/wp\/v2\/media?parent=90168"}],"wp:term":[{"taxonomy":"product_brand","embeddable":true,"href":"https:\/\/secureus.se\/dk\/wp-json\/wp\/v2\/product_brand?post=90168"},{"taxonomy":"product_cat","embeddable":true,"href":"https:\/\/secureus.se\/dk\/wp-json\/wp\/v2\/product_cat?post=90168"},{"taxonomy":"product_tag","embeddable":true,"href":"https:\/\/secureus.se\/dk\/wp-json\/wp\/v2\/product_tag?post=90168"}],"curies":[{"name":"wp","href":"https:\/\/api.w.org\/{rel}","templated":true}]}}