{"id":90175,"date":"2024-03-12T10:37:30","date_gmt":"2024-03-12T09:37:30","guid":{"rendered":"https:\/\/secureus.se\/?post_type=product&#038;p=90175"},"modified":"2026-01-06T21:07:26","modified_gmt":"2026-01-06T20:07:26","slug":"risco-poe-4mp-bullet-camera","status":"publish","type":"product","link":"https:\/\/secureus.se\/dk\/risco-poe-4mp-bullet-camera\/","title":{"rendered":"Risco PoE 4MP Bullet Camera"},"content":{"rendered":"<h1>Risco PoE 4MP Bullet Camera<\/h1>\n<p data-start=\"356\" data-end=\"751\">Risco PoE 4MP Bullet-kameraet leverer krystalklar billedkvalitet med sin 4-megapixel progressive CMOS-billedsensor.<\/p>\n<p data-start=\"356\" data-end=\"751\">Den har en IR-r\u00e6kkevidde p\u00e5 op til 30 meter, hvilket giver fremragende synlighed selv i m\u00f8rke forhold.<\/p>\n<p data-start=\"356\" data-end=\"751\">Kameraet er udstyret med WDR (Wide Dynamic Range) p\u00e5 120 dB, hvilket g\u00f8r det muligt at h\u00e5ndtere vanskelige lysforhold, s\u00e5som st\u00e6rkt sollys eller skyggefulde omr\u00e5der.<\/p>\n<p data-start=\"753\" data-end=\"1036\">Til installation tilsluttes kameraet via Ethernet-kabel til din router eller PoE-port p\u00e5 en NVR.<\/p>\n<p data-start=\"753\" data-end=\"1036\">Hvis PoE ikke anvendes, forsynes kameraet med str\u00f8m fra en passende str\u00f8madapter.<\/p>\n<p data-start=\"753\" data-end=\"1036\">Kameraet er IP67-certificeret, hvilket g\u00f8r det vand- og st\u00f8vt\u00e6t og perfekt til udend\u00f8rs brug og barske milj\u00f8er.<\/p>\n<p data-start=\"1038\" data-end=\"1067\"><strong data-start=\"1038\" data-end=\"1067\">Tekniske specifikationer:<\/strong><\/p>\n<ul data-start=\"1068\" data-end=\"1504\">\n<li data-start=\"1068\" data-end=\"1089\">\n<p data-start=\"1070\" data-end=\"1089\">Model: RVCM52P2000<\/p>\n<\/li>\n<li data-start=\"1090\" data-end=\"1136\">\n<p data-start=\"1092\" data-end=\"1136\">Billedsensor: 1\/3\u201d 4-megapixel progressiv CMOS<\/p>\n<\/li>\n<li data-start=\"1137\" data-end=\"1159\">\n<p data-start=\"1139\" data-end=\"1159\">IR-afstand: 30 meter<\/p>\n<\/li>\n<li data-start=\"1160\" data-end=\"1179\">\n<p data-start=\"1162\" data-end=\"1179\">Br\u00e6ndvidde: 2,8 mm<\/p>\n<\/li>\n<li data-start=\"1180\" data-end=\"1214\">\n<p data-start=\"1182\" data-end=\"1214\">WDR: 120 dB (bredt dynamisk omr\u00e5de)<\/p>\n<\/li>\n<li data-start=\"1215\" data-end=\"1266\">\n<p data-start=\"1217\" data-end=\"1266\">Firmwareopgradering: Via kameraets webgr\u00e6nseflade<\/p>\n<\/li>\n<li data-start=\"1267\" data-end=\"1299\">\n<p data-start=\"1269\" data-end=\"1299\">Str\u00f8mforsyning: 12V DC \/ PoE<\/p>\n<\/li>\n<li data-start=\"1300\" data-end=\"1325\">\n<p data-start=\"1302\" data-end=\"1325\">Str\u00f8mforbrug: &lt;5,0W<\/p>\n<\/li>\n<li data-start=\"1326\" data-end=\"1403\">\n<p data-start=\"1328\" data-end=\"1403\">Driftsforhold: -40\u00b0C til 55\u00b0C (-40\u00b0F til 131\u00b0F), \u2264 95% luftfugtighed<\/p>\n<\/li>\n<li data-start=\"1404\" data-end=\"1460\">\n<p data-start=\"1406\" data-end=\"1460\">Opbevaringstemperatur: -40\u00b0C til 60\u00b0C (-40\u00b0F til 140\u00b0F)<\/p>\n<\/li>\n<li data-start=\"1461\" data-end=\"1504\">\n<p data-start=\"1463\" data-end=\"1504\">Beskyttelse: IP67 (vandt\u00e6t og st\u00f8vt\u00e6t)<\/p>\n<\/li>\n<\/ul>","protected":false},"excerpt":{"rendered":"<p>Risco PoE 4MP Bullet-kameraet er et sikkerhedskamera med h\u00f8j opl\u00f8sning, en 4-megapixel CMOS-billedsensor og IR-synlighed p\u00e5 op til 30 meter.<\/p>\n<p>Kameraet tilbyder WDR-teknologi og er IP67-certificeret for p\u00e5lidelig ydeevne i b\u00e5de indend\u00f8rs og udend\u00f8rs milj\u00f8er.<\/p>","protected":false},"featured_media":138418,"template":"","meta":{"_acf_changed":false},"product_brand":[],"product_cat":[3192],"product_tag":[],"class_list":{"0":"post-90175","1":"product","2":"type-product","3":"status-publish","4":"has-post-thumbnail","6":"product_cat-risco-ip-kamera","7":"product_shipping_class-tunga-paket","8":"pa_brands-4risco","9":"tm-no-options","11":"first","12":"onbackorder","13":"sale","14":"taxable","15":"shipping-taxable","16":"purchasable","17":"product-type-simple"},"acf":[],"_links":{"self":[{"href":"https:\/\/secureus.se\/dk\/wp-json\/wp\/v2\/product\/90175","targetHints":{"allow":["GET"]}}],"collection":[{"href":"https:\/\/secureus.se\/dk\/wp-json\/wp\/v2\/product"}],"about":[{"href":"https:\/\/secureus.se\/dk\/wp-json\/wp\/v2\/types\/product"}],"wp:featuredmedia":[{"embeddable":true,"href":"https:\/\/secureus.se\/dk\/wp-json\/wp\/v2\/media\/138418"}],"wp:attachment":[{"href":"https:\/\/secureus.se\/dk\/wp-json\/wp\/v2\/media?parent=90175"}],"wp:term":[{"taxonomy":"product_brand","embeddable":true,"href":"https:\/\/secureus.se\/dk\/wp-json\/wp\/v2\/product_brand?post=90175"},{"taxonomy":"product_cat","embeddable":true,"href":"https:\/\/secureus.se\/dk\/wp-json\/wp\/v2\/product_cat?post=90175"},{"taxonomy":"product_tag","embeddable":true,"href":"https:\/\/secureus.se\/dk\/wp-json\/wp\/v2\/product_tag?post=90175"}],"curies":[{"name":"wp","href":"https:\/\/api.w.org\/{rel}","templated":true}]}}