{"id":90185,"date":"2024-03-12T10:37:30","date_gmt":"2024-03-12T09:37:30","guid":{"rendered":"https:\/\/secureus.se\/?post_type=product&#038;p=90185"},"modified":"2025-12-31T21:03:12","modified_gmt":"2025-12-31T20:03:12","slug":"risco-vupoint-nvr-poe-8-channel","status":"publish","type":"product","link":"https:\/\/secureus.se\/dk\/risco-vupoint-nvr-poe-8-channel\/","title":{"rendered":"Risco VUPoint NVR PoE 8 kanal"},"content":{"rendered":"<h1>Risco VUPoint NVR PoE 8 kanal<\/h1>\n<p data-start=\"323\" data-end=\"609\">Risco VUPoint NVR PoE 8-kanalsenheden tilbyder en effektiv og p\u00e5lidelig l\u00f8sning til styring af videooverv\u00e5gning.<\/p>\n<p data-start=\"323\" data-end=\"609\">Den kan forsyne op til 8 PoE-kompatible kameraer med str\u00f8m og tilbyder lagring via en intern SATA III-port med op til 6 TB kapacitet (harddisk s\u00e6lges separat).<\/p>\n<p data-start=\"611\" data-end=\"928\">Enheden har et str\u00f8mforbrug p\u00e5 mindre end 8,3 W uden harddisk og tilbyder PoE-underst\u00f8ttelse med op til 25,5 W pr. port og i alt 80 W for 8-kanalsversionen.<\/p>\n<p data-start=\"611\" data-end=\"928\">Risco VUPoint NVR er designet til at fungere i et bredt temperaturomr\u00e5de fra -10\u00b0C til +55\u00b0C, hvilket g\u00f8r den velegnet til b\u00e5de indend\u00f8rs og udend\u00f8rs installationer.<\/p>\n<p data-start=\"930\" data-end=\"1192\">Med et kompakt design og robust konstruktion er denne enhed certificeret til sikker brug og opfylder CE- og FCC-kravene.<\/p>\n<p data-start=\"930\" data-end=\"1192\">Lagerpladsen kan nemt udvides ved at tilslutte en harddisk p\u00e5 op til 6 TB, hvilket g\u00f8r den ideel til store sikkerhedsinstallationer.<\/p>\n<p data-start=\"1194\" data-end=\"1223\"><strong data-start=\"1194\" data-end=\"1223\">Tekniske specifikationer:<\/strong><\/p>\n<ul data-start=\"1224\" data-end=\"1834\">\n<li data-start=\"1224\" data-end=\"1246\">\n<p data-start=\"1226\" data-end=\"1246\">Model: RVNVR08002QB<\/p>\n<\/li>\n<li data-start=\"1247\" data-end=\"1276\">\n<p data-start=\"1249\" data-end=\"1276\">Antal kanaler: 8-kanals NVR<\/p>\n<\/li>\n<li data-start=\"1277\" data-end=\"1348\">\n<p data-start=\"1279\" data-end=\"1348\">Lagring: Intern SATA III-port, op til 6 TB (harddisk s\u00e6lges separat)<\/p>\n<\/li>\n<li data-start=\"1349\" data-end=\"1379\">\n<p data-start=\"1351\" data-end=\"1379\">Str\u00f8mforsyning: DC48V\/1.5A<\/p>\n<\/li>\n<li data-start=\"1380\" data-end=\"1476\">\n<p data-start=\"1382\" data-end=\"1399\">Str\u00f8mforbrug:<\/p>\n<ul data-start=\"1403\" data-end=\"1476\">\n<li data-start=\"1403\" data-end=\"1435\">\n<p data-start=\"1405\" data-end=\"1435\">8-kanals NVR: &lt;8,3 W (uden harddisk)<\/p>\n<\/li>\n<li data-start=\"1439\" data-end=\"1476\">\n<p data-start=\"1441\" data-end=\"1476\">PoE: Maks. 25,5 W pr. port, i alt 80 W<\/p>\n<\/li>\n<\/ul>\n<\/li>\n<li data-start=\"1477\" data-end=\"1556\">\n<p data-start=\"1479\" data-end=\"1556\">Driftsforhold: -10\u00b0C til +55\u00b0C (+14\u00b0F til +131\u00b0F), \u2264 95% luftfugtighed<\/p>\n<\/li>\n<li data-start=\"1557\" data-end=\"1628\">\n<p data-start=\"1559\" data-end=\"1628\">Opbevaringsforhold: -20\u00b0C til +70\u00b0C (-4\u00b0F til +158\u00b0F), 0 ~ 90% RF<\/p>\n<\/li>\n<li data-start=\"1629\" data-end=\"1683\">\n<p data-start=\"1631\" data-end=\"1683\">Dimensioner: 270 mm x 204,7 mm x 45,7 mm (10,6&quot; x 8,1&quot; x 1,8&quot;)<\/p>\n<\/li>\n<li data-start=\"1684\" data-end=\"1716\">\n<p data-start=\"1686\" data-end=\"1716\">Nettov\u00e6gt: 0,65 kg (uden harddisk)<\/p>\n<\/li>\n<li data-start=\"1717\" data-end=\"1749\">\n<p data-start=\"1719\" data-end=\"1749\">Bruttov\u00e6gt: 1,8 kg (uden harddisk)<\/p>\n<\/li>\n<li data-start=\"1750\" data-end=\"1834\">\n<p data-start=\"1752\" data-end=\"1834\">Certificering: CE EN55032, EN55024, EN50130-4, EN60950-1, FCC del 15 underafsnit B<\/p>\n<\/li>\n<\/ul>","protected":false},"excerpt":{"rendered":"<p>Risco VUPoint NVR PoE 8-kanals enheden er en kraftfuld videooverv\u00e5gningsl\u00f8sning, designet til at forsyne PoE-kompatible kameraer med str\u00f8m og tilbyde op til 6 TB lagerplads via SATA III-porten.<\/p>\n<p>Harddisk s\u00e6lges separat.<\/p>\n<div id=\"gtx-trans\" style=\"position: absolute;left: 120px;top: 106.391px\">\n<div class=\"gtx-trans-icon\"><\/div>\n<\/div>","protected":false},"featured_media":138320,"template":"","meta":{"_acf_changed":false},"product_brand":[],"product_cat":[3250],"product_tag":[],"class_list":{"0":"post-90185","1":"product","2":"type-product","3":"status-publish","4":"has-post-thumbnail","6":"product_cat-risco-nvr","7":"product_shipping_class-tunga-paket","8":"pa_brands-4risco","9":"tm-no-options","11":"first","12":"outofstock","13":"sale","14":"taxable","15":"shipping-taxable","16":"purchasable","17":"product-type-simple"},"acf":[],"_links":{"self":[{"href":"https:\/\/secureus.se\/dk\/wp-json\/wp\/v2\/product\/90185","targetHints":{"allow":["GET"]}}],"collection":[{"href":"https:\/\/secureus.se\/dk\/wp-json\/wp\/v2\/product"}],"about":[{"href":"https:\/\/secureus.se\/dk\/wp-json\/wp\/v2\/types\/product"}],"wp:featuredmedia":[{"embeddable":true,"href":"https:\/\/secureus.se\/dk\/wp-json\/wp\/v2\/media\/138320"}],"wp:attachment":[{"href":"https:\/\/secureus.se\/dk\/wp-json\/wp\/v2\/media?parent=90185"}],"wp:term":[{"taxonomy":"product_brand","embeddable":true,"href":"https:\/\/secureus.se\/dk\/wp-json\/wp\/v2\/product_brand?post=90185"},{"taxonomy":"product_cat","embeddable":true,"href":"https:\/\/secureus.se\/dk\/wp-json\/wp\/v2\/product_cat?post=90185"},{"taxonomy":"product_tag","embeddable":true,"href":"https:\/\/secureus.se\/dk\/wp-json\/wp\/v2\/product_tag?post=90185"}],"curies":[{"name":"wp","href":"https:\/\/api.w.org\/{rel}","templated":true}]}}