{"id":90362,"date":"2024-03-15T09:44:28","date_gmt":"2024-03-15T08:44:28","guid":{"rendered":"https:\/\/secureus.se\/?post_type=product&#038;p=90362"},"modified":"2026-04-23T12:14:07","modified_gmt":"2026-04-23T10:14:07","slug":"cylinderring-659m-11-16mm-oval-multi-f9-rostfritt-utseende","status":"publish","type":"product","link":"https:\/\/secureus.se\/dk\/cylinderring-659m-11-16mm-oval-multi-f9-rostfritt-utseende\/","title":{"rendered":"Cylinderring 659M 11-16mm Oval Multi F9 Rustfrit udseende"},"content":{"rendered":"<div>HOPPE Cylinderring 659M er tilpasset til oval cylinder til d\u00f8re med l\u00e5sehustypemodul eller visse indvendige d\u00f8rl\u00e5se. F\u00e5s i flere 3 st\u00f8rrelser. H\u00f8jde p\u00e5 cylinderringe og l\u00e6ngde af skrue bestemmes af tykkelsen af d\u00f8ren og placeringen af l\u00e5sehuset. 659M er inkluderet i Cylindertilbeh\u00f8r kan kombineres med, Knop 42FIS Module, D\u00e6kplade 59F eller Cylinderring 59F til inderside.<\/div>\n<div><b><br \/>Egenskaber:<\/b><\/div>\n<div>\n<ul>\n<li>Til montering sammen med oval enkelt cylinder<\/li>\n<li>F\u00e5s i st\u00f8rrelserne: 6-11, 11-16 og 16-21 mm (udst\u00e5ende cylinder)<\/li>\n<li>Materiale: Aluminium<\/li>\n<\/ul>\n<\/div>","protected":false},"excerpt":{"rendered":"<p>HOPPE Cylinderring 659M er tilpasset til oval cylinder til d\u00f8re med l\u00e5semodul eller nogle indvendige d\u00f8rl\u00e5se. F\u00e5s i flere 3 st\u00f8rrelser. H\u00f8jde p\u00e5 cylinderringe og l\u00e6ngde p\u00e5 skrue bestemmes<\/p>","protected":false},"featured_media":138285,"template":"","meta":{"_acf_changed":false},"product_brand":[],"product_cat":[3254],"product_tag":[],"class_list":{"0":"post-90362","1":"product","2":"type-product","3":"status-publish","4":"has-post-thumbnail","6":"product_cat-cylinderringar","7":"product_shipping_class-postnord-varubrev","8":"pa_brands-hoppe","9":"tm-no-options","11":"first","12":"instock","13":"sale","14":"taxable","15":"shipping-taxable","16":"purchasable","17":"product-type-simple"},"acf":[],"_links":{"self":[{"href":"https:\/\/secureus.se\/dk\/wp-json\/wp\/v2\/product\/90362","targetHints":{"allow":["GET"]}}],"collection":[{"href":"https:\/\/secureus.se\/dk\/wp-json\/wp\/v2\/product"}],"about":[{"href":"https:\/\/secureus.se\/dk\/wp-json\/wp\/v2\/types\/product"}],"wp:featuredmedia":[{"embeddable":true,"href":"https:\/\/secureus.se\/dk\/wp-json\/wp\/v2\/media\/138285"}],"wp:attachment":[{"href":"https:\/\/secureus.se\/dk\/wp-json\/wp\/v2\/media?parent=90362"}],"wp:term":[{"taxonomy":"product_brand","embeddable":true,"href":"https:\/\/secureus.se\/dk\/wp-json\/wp\/v2\/product_brand?post=90362"},{"taxonomy":"product_cat","embeddable":true,"href":"https:\/\/secureus.se\/dk\/wp-json\/wp\/v2\/product_cat?post=90362"},{"taxonomy":"product_tag","embeddable":true,"href":"https:\/\/secureus.se\/dk\/wp-json\/wp\/v2\/product_tag?post=90362"}],"curies":[{"name":"wp","href":"https:\/\/api.w.org\/{rel}","templated":true}]}}