{"id":90380,"date":"2024-03-15T09:44:28","date_gmt":"2024-03-15T08:44:28","guid":{"rendered":"https:\/\/secureus.se\/?post_type=product&#038;p=90380"},"modified":"2026-03-25T15:39:11","modified_gmt":"2026-03-25T14:39:11","slug":"cylinderring-790-8mm-rund-f1-silver","status":"publish","type":"product","link":"https:\/\/secureus.se\/dk\/cylinderring-790-8mm-rund-f1-silver\/","title":{"rendered":"Cylinderring 790 8mm Rund F1 S\u00f8lv"},"content":{"rendered":"<p>\nHOPPE Cylinderring 790 er en cylinderring til runde cylindre til d\u00f8re med l\u00e5sehustypemodul. H\u00f8jde p\u00e5 cylinderringe og l\u00e6ngde af skrue bestemmes af tykkelsen af d\u00f8ren og placeringen af l\u00e5sehuset. Monteres sammen med Cylinderb\u00f8sning 990 p\u00e5 ASSA ABLOY cylindre.<br \/>\n<\/p>\n<div><b><br \/>Egenskaber:<\/b><\/div>\n<div>\n<ul>\n<li>Til montering sammen med rund enkelt eller dobbelt cylinder<\/li>\n<li>F\u00e5s i st\u00f8rrelserne: 8 og 13 mm (15 mm for Triton\/Neptune)<\/li>\n<li>Materiale: Aluminium<\/li>\n<li>Opfylder krav til nikkelaflejring - hypoallergen<\/li>\n<\/ul>\n<\/div>","protected":false},"excerpt":{"rendered":"<p>HOPPE Cylinderring 790 er en cylinderring til runde cylindre til d\u00f8re med l\u00e5sehustypemodul. H\u00f8jde p\u00e5 cylinderringe og l\u00e6ngde af skrue bestemmes af tykkelsen af d\u00f8ren og placeringen af l\u00e5sehuset. Monteret<\/p>","protected":false},"featured_media":137595,"template":"","meta":{"_acf_changed":false},"product_brand":[],"product_cat":[3254],"product_tag":[],"class_list":{"0":"post-90380","1":"product","2":"type-product","3":"status-publish","4":"has-post-thumbnail","6":"product_cat-cylinderringar","7":"product_shipping_class-postnord-varubrev","8":"pa_brands-hoppe","9":"tm-no-options","11":"first","12":"instock","13":"sale","14":"taxable","15":"shipping-taxable","16":"purchasable","17":"product-type-simple"},"acf":[],"_links":{"self":[{"href":"https:\/\/secureus.se\/dk\/wp-json\/wp\/v2\/product\/90380","targetHints":{"allow":["GET"]}}],"collection":[{"href":"https:\/\/secureus.se\/dk\/wp-json\/wp\/v2\/product"}],"about":[{"href":"https:\/\/secureus.se\/dk\/wp-json\/wp\/v2\/types\/product"}],"wp:featuredmedia":[{"embeddable":true,"href":"https:\/\/secureus.se\/dk\/wp-json\/wp\/v2\/media\/137595"}],"wp:attachment":[{"href":"https:\/\/secureus.se\/dk\/wp-json\/wp\/v2\/media?parent=90380"}],"wp:term":[{"taxonomy":"product_brand","embeddable":true,"href":"https:\/\/secureus.se\/dk\/wp-json\/wp\/v2\/product_brand?post=90380"},{"taxonomy":"product_cat","embeddable":true,"href":"https:\/\/secureus.se\/dk\/wp-json\/wp\/v2\/product_cat?post=90380"},{"taxonomy":"product_tag","embeddable":true,"href":"https:\/\/secureus.se\/dk\/wp-json\/wp\/v2\/product_tag?post=90380"}],"curies":[{"name":"wp","href":"https:\/\/api.w.org\/{rel}","templated":true}]}}