{"id":90494,"date":"2024-03-15T09:44:27","date_gmt":"2024-03-15T08:44:27","guid":{"rendered":"https:\/\/secureus.se\/?post_type=product&#038;p=90494"},"modified":"2026-04-23T12:14:13","modified_gmt":"2026-04-23T10:14:13","slug":"tackbricka-992-nickel","status":"publish","type":"product","link":"https:\/\/secureus.se\/dk\/tackbricka-992-nickel\/","title":{"rendered":"D\u00e6kplade 992 Nikkel"},"content":{"rendered":"<p>ASSA ABLOY d\u00e6kplade 992 er et tilbeh\u00f8r til at d\u00e6kke d\u00f8rens trykudsk\u00e6ring. Passer til modull\u00e5se i 50 og 70 dorne. Leveres parvis med skruer.<\/p>\n<p><b>S\u00e6ttet indeholder:<\/b><\/p>\n<p>2 stk. D\u00e6kplade 992, 2 stk. Drej skrue 65mm M5 med Talje og 2 stk. Manchetm\u00f8trik M5.<\/p>\n<div><\/div>\n<div><b>Egenskaber:<\/b><\/div>\n<div>\n<ul>\n<li>D\u00e6kker d\u00f8rens trykafbryder.<\/li>\n<li>Anvendes hvor d\u00f8rh\u00e6ngsler ikke skal monteres.<\/li>\n<li>Diameter: \u00d8 52 mm<\/li>\n<li>H\u00e5ndterer d\u00f8rtykkelse 40-60 mm men kan nemt suppleres med en l\u00e6ngere drejeskrue<\/li>\n<li>Materiale: Messing<\/li>\n<\/ul>\n<\/div>","protected":false},"excerpt":{"rendered":"<p>ASSA ABLOY d\u00e6kplade 992 er et tilbeh\u00f8r til at d\u00e6kke d\u00f8rens trykudsk\u00e6ring. Passer til modull\u00e5se i 50 og 70 dorne. Leveres parvis med skruer. S\u00e6ttet indeholder: 2 stk. D\u00e6kbakke<\/p>","protected":false},"featured_media":138079,"template":"","meta":{"_acf_changed":false},"product_brand":[],"product_cat":[3255],"product_tag":[],"class_list":{"0":"post-90494","1":"product","2":"type-product","3":"status-publish","4":"has-post-thumbnail","6":"product_cat-skyltbehor","7":"product_shipping_class-tunga-paket","8":"pa_brands-abloy","9":"tm-no-options","11":"first","12":"instock","13":"taxable","14":"shipping-taxable","15":"purchasable","16":"product-type-simple"},"acf":[],"_links":{"self":[{"href":"https:\/\/secureus.se\/dk\/wp-json\/wp\/v2\/product\/90494","targetHints":{"allow":["GET"]}}],"collection":[{"href":"https:\/\/secureus.se\/dk\/wp-json\/wp\/v2\/product"}],"about":[{"href":"https:\/\/secureus.se\/dk\/wp-json\/wp\/v2\/types\/product"}],"wp:featuredmedia":[{"embeddable":true,"href":"https:\/\/secureus.se\/dk\/wp-json\/wp\/v2\/media\/138079"}],"wp:attachment":[{"href":"https:\/\/secureus.se\/dk\/wp-json\/wp\/v2\/media?parent=90494"}],"wp:term":[{"taxonomy":"product_brand","embeddable":true,"href":"https:\/\/secureus.se\/dk\/wp-json\/wp\/v2\/product_brand?post=90494"},{"taxonomy":"product_cat","embeddable":true,"href":"https:\/\/secureus.se\/dk\/wp-json\/wp\/v2\/product_cat?post=90494"},{"taxonomy":"product_tag","embeddable":true,"href":"https:\/\/secureus.se\/dk\/wp-json\/wp\/v2\/product_tag?post=90494"}],"curies":[{"name":"wp","href":"https:\/\/api.w.org\/{rel}","templated":true}]}}