{"id":90586,"date":"2024-03-15T09:21:52","date_gmt":"2024-03-15T08:21:52","guid":{"rendered":"https:\/\/secureus.se\/?post_type=product&#038;p=90586"},"modified":"2026-04-21T12:50:19","modified_gmt":"2026-04-21T10:50:19","slug":"minneskort-microsd-wd-wdd032g1p0c-purple-sc-qd101-series-ultra-endurance-microsd-kort-for-overvakningskamera-32-gb","status":"publish","type":"product","link":"https:\/\/secureus.se\/dk\/minneskort-microsd-wd-wdd032g1p0c-purple-sc-qd101-series-ultra-endurance-microsd-kort-for-overvakningskamera-32-gb\/","title":{"rendered":"Hukommelseskort MicroSD 32 GB Ultra Endurance MicroSD-kort til overv\u00e5gningskamera, 32 GB"},"content":{"rendered":"<p>WD WDD032G1P0C Lilla SC QD101 Series Ultra Endurance overv\u00e5gningskamera MicroSD-kort 32GB<\/p>\n<h3 id=\"pdp_productoverview\" class=\"item-headertop rd-prod-overview-hygiene\">Produkt oversigt<\/h3>\n<div class=\"pd-overview-details pd-show-full-overview\">\n<div class=\"headernamehrnone\">Western Digitals WD Purple\u2122 SC QD101 microSD\u2122-kort er specielt designet til det brede marked for sikkerhedskameraer. Med avanceret 96-lags 3D NAND-teknologi giver kortet en omkostningseffektiv kombination af ultra-holdbarhed, h\u00f8j ydeevne og et bredt kapacitetsomr\u00e5de op til 512 GB, og dets underst\u00f8ttelse af Card Health Monitor-funktionalitet muligg\u00f8r proaktiv lagerstyring. Med det hastigt voksende marked for sikkerhedskameraer og den stigende brug af 4K-video tilbyder dette kort den rigtige kombination af lang levetid og kapacitet til at h\u00e5ndtere den kontinuerlige optagelsesbelastning 24\/7. Stol p\u00e5, at Western Digital leverer WD Purple \u2013 det perfekte microSD-lager til sikkerhedsvideokameraer og edge-enheder\u00a0<b>Det er WD Purple<\/b>Designet til overv\u00e5gning At v\u00e6re medlem af et markedsledende brand giver dig sikkerhed for, at det er designet med den rigtige robusthed, ydeevne og funktioner til sikkerhedsvideokameraer og edge-enheder<b>S\u00e6t mere tillid til dine kameraer<\/b>Ultra udholdenhed. WD Purple SC microSD-kort er designet til kontinuerlig 24\/7 optagelse, hvis kameraerne mister forbindelsen til NVR, hvilket giver yderligere tillid til din sikkerhedsvideol\u00f8sning.<b>Smart opbevaringsvedligeholdelse<\/b>Kortsundhedsoverv\u00e5gning. I kompatible kameraer giver kortets sundhedsoverv\u00e5gningsfunktion dig mulighed for at modtage meddelelser om dit WD Purple microSD-korts helbredsstatus, s\u00e5 du kan udf\u00f8re forebyggende lagerstyring.<b>Robust opbevaring, indend\u00f8rs eller udend\u00f8rs<\/b>Underst\u00f8tter temperaturomr\u00e5de -25\u00b0C til 85\u00b0C; fugtbestandig. Du kan v\u00e6re sikker p\u00e5, at dette kort er designet til kontinuerlig drift under ekstreme vejrforhold og i en r\u00e6kke forskellige klimaer.<b>Kontinuerlig optagelse. Timer eller dage<\/b>Kapaciteter fra 32GB til 512GB. Bredt udvalg af muligheder for forskellige kombinationer af kameraer, opl\u00f8sninger og optagelsesimplementeringer; bruges til b\u00e5de bev\u00e6gelsesstyret og kontinuerlig optagelse.<\/div>\n<\/div>","protected":false},"excerpt":{"rendered":"<p>Western Digitals WD Purple\u2122 SC QD101 microSD\u2122-kort er specielt designet til det brede marked for sikkerhedskameraer. Med avanceret 96-lags 3D NAND-teknologi giver kortet en omkostningseffektiv kombination af ultra holdbarhed, h\u00f8j ydeevne og et bredt kapacitetsomr\u00e5de.<\/p>","protected":false},"featured_media":138139,"template":"","meta":{"_acf_changed":false},"product_brand":[],"product_cat":[3260],"product_tag":[],"class_list":{"0":"post-90586","1":"product","2":"type-product","3":"status-publish","4":"has-post-thumbnail","6":"product_cat-micro-sd-minneskort","7":"product_shipping_class-postnord-varubrev","8":"pa_brands-western-digital","9":"tm-no-options","11":"first","12":"outofstock","13":"sale","14":"taxable","15":"shipping-taxable","16":"purchasable","17":"product-type-simple"},"acf":[],"_links":{"self":[{"href":"https:\/\/secureus.se\/dk\/wp-json\/wp\/v2\/product\/90586","targetHints":{"allow":["GET"]}}],"collection":[{"href":"https:\/\/secureus.se\/dk\/wp-json\/wp\/v2\/product"}],"about":[{"href":"https:\/\/secureus.se\/dk\/wp-json\/wp\/v2\/types\/product"}],"wp:featuredmedia":[{"embeddable":true,"href":"https:\/\/secureus.se\/dk\/wp-json\/wp\/v2\/media\/138139"}],"wp:attachment":[{"href":"https:\/\/secureus.se\/dk\/wp-json\/wp\/v2\/media?parent=90586"}],"wp:term":[{"taxonomy":"product_brand","embeddable":true,"href":"https:\/\/secureus.se\/dk\/wp-json\/wp\/v2\/product_brand?post=90586"},{"taxonomy":"product_cat","embeddable":true,"href":"https:\/\/secureus.se\/dk\/wp-json\/wp\/v2\/product_cat?post=90586"},{"taxonomy":"product_tag","embeddable":true,"href":"https:\/\/secureus.se\/dk\/wp-json\/wp\/v2\/product_tag?post=90586"}],"curies":[{"name":"wp","href":"https:\/\/api.w.org\/{rel}","templated":true}]}}