{"id":90609,"date":"2024-03-15T13:35:50","date_gmt":"2024-03-15T12:35:50","guid":{"rendered":"https:\/\/secureus.se\/harddisk-3-5-hdd-2-tb-256-mb-cache\/"},"modified":"2026-04-09T11:39:23","modified_gmt":"2026-04-09T09:39:23","slug":"harddisk-3-5-hdd-2-tb-256-mb-cache","status":"publish","type":"product","link":"https:\/\/secureus.se\/dk\/harddisk-3-5-hdd-2-tb-256-mb-cache\/","title":{"rendered":"WD Purple WD23PURZ \u2013 2TB overv\u00e5gningsharddisk 3,5\u2033 SATA"},"content":{"rendered":"<h3 data-start=\"608\" data-end=\"658\">Overv\u00e5gningsharddisk tilpasset til 24\/7 drift<\/h3>\n<p data-start=\"659\" data-end=\"888\">WD Purple WD23PURZ er en 3,5-tommer SATA-harddisk, der er specielt designet til videooverv\u00e5gning. I mods\u00e6tning til almindelige station\u00e6re harddiske er den designet til konstante skrivebelastninger i overv\u00e5gningssystemer, der altid er t\u00e6ndt.<\/p>\n<h3 data-start=\"890\" data-end=\"930\">Stabil optagelse med WD AllFrame\u2122<\/h3>\n<p data-start=\"931\" data-end=\"1139\">Drevet har WD AllFrame\u2122-teknologi, som reducerer risikoen for tabte billeder og forbedrer b\u00e5de videooptagelse og -afspilning, hvilket er afg\u00f8rende i systemer, hvor p\u00e5lidelige videodata er afg\u00f8rende.<\/p>\n<h3 data-start=\"1141\" data-end=\"1173\">Tilpasset til flere kameraer<\/h3>\n<p data-start=\"1174\" data-end=\"1379\">WD23PURZ underst\u00f8tter op til 64 HD-kameraer i et overv\u00e5gningssystem og er velegnet til DVR- og NVR-l\u00f8sninger med op til 8 harddiskpladser. Et godt valg til sm\u00e5 og mellemstore overv\u00e5gningsinstallationer.<\/p>\n<h3 data-start=\"1381\" data-end=\"1413\">Bygget til p\u00e5lidelighed<\/h3>\n<p data-start=\"1414\" data-end=\"1564\">Med en \u00e5rlig arbejdsbyrde p\u00e5 op til 180 TB og en MTBF p\u00e5 1 million timer er drevet designet til langvarig og stabil drift i kr\u00e6vende milj\u00f8er.<\/p>\n<hr data-start=\"1566\" data-end=\"1569\" \/>\n<h2 data-start=\"1571\" data-end=\"1603\"><strong data-start=\"1574\" data-end=\"1603\">TEKNISKE SPECIFIKATIONER:<\/strong><\/h2>\n<ul data-start=\"1605\" data-end=\"2139\">\n<li data-start=\"1605\" data-end=\"1625\">\n<p data-start=\"1607\" data-end=\"1625\">Model: WD23PURZ<\/p>\n<\/li>\n<li data-start=\"1626\" data-end=\"1646\">\n<p data-start=\"1628\" data-end=\"1646\">Serie: WD Purple<\/p>\n<\/li>\n<li data-start=\"1647\" data-end=\"1674\">\n<p data-start=\"1649\" data-end=\"1674\">Lagerkapacitet: 2 TB<\/p>\n<\/li>\n<li data-start=\"1675\" data-end=\"1698\">\n<p data-start=\"1677\" data-end=\"1698\">Formfaktor: 3,5 tommer<\/p>\n<\/li>\n<li data-start=\"1699\" data-end=\"1732\">\n<p data-start=\"1701\" data-end=\"1732\">Gr\u00e6nseflade: SATA III (6 Gb\/s)<\/p>\n<\/li>\n<li data-start=\"1733\" data-end=\"1758\">\n<p data-start=\"1735\" data-end=\"1758\">Cachehukommelse: <strong data-start=\"1747\" data-end=\"1756\">64 MB<\/strong><\/p>\n<\/li>\n<li data-start=\"1759\" data-end=\"1785\">\n<p data-start=\"1761\" data-end=\"1785\">Optagelsesteknologi: CMR<\/p>\n<\/li>\n<li data-start=\"1786\" data-end=\"1812\">\n<p data-start=\"1788\" data-end=\"1812\">Firmware: WD AllFrame\u2122<\/p>\n<\/li>\n<li data-start=\"1813\" data-end=\"1850\">\n<p data-start=\"1815\" data-end=\"1850\">Maks. antal kameraer: Op til 64 HD<\/p>\n<\/li>\n<li data-start=\"1851\" data-end=\"1879\">\n<p data-start=\"1853\" data-end=\"1879\">Maksimalt antal vaskepladser: 8<\/p>\n<\/li>\n<li data-start=\"1880\" data-end=\"1920\">\n<p data-start=\"1882\" data-end=\"1920\">Arbejdsbelastning: Op til 180 TB\/\u00e5r<\/p>\n<\/li>\n<li data-start=\"1921\" data-end=\"1947\">\n<p data-start=\"1923\" data-end=\"1947\">MTBF: 1.000.000 timer<\/p>\n<\/li>\n<li data-start=\"1948\" data-end=\"1990\">\n<p data-start=\"1950\" data-end=\"1990\">Str\u00f8mforbrug (l\u00e6se\/skrive): ca. 3,8 W<\/p>\n<\/li>\n<li data-start=\"1991\" data-end=\"2028\">\n<p data-start=\"1993\" data-end=\"2028\">Driftstemperatur: 0\u00b0C til 65\u00b0C<\/p>\n<\/li>\n<li data-start=\"2029\" data-end=\"2056\">\n<p data-start=\"2031\" data-end=\"2056\">St\u00f8jniveau (tomgang): 21 dBA<\/p>\n<\/li>\n<li data-start=\"2057\" data-end=\"2100\">\n<p data-start=\"2059\" data-end=\"2100\">M\u00e5l (H x B x D): 26,1 x 101,6 x 147 mm<\/p>\n<\/li>\n<li data-start=\"2101\" data-end=\"2121\">\n<p data-start=\"2103\" data-end=\"2121\">V\u00e6gt: ca. 0,45 kg<\/p>\n<\/li>\n<\/ul>","protected":false},"excerpt":{"rendered":"<p>WD Purple WD23PURZ er en 2TB overv\u00e5gningsharddisk designet til kontinuerlig drift d\u00f8gnet rundt. Optimeret til DVR- og NVR-systemer med flere kameraer, et p\u00e5lideligt valg til stabil og sikker videolagring.<\/p>","protected":false},"featured_media":137844,"template":"","meta":{"_acf_changed":false},"product_brand":[],"product_cat":[3261],"product_tag":[],"class_list":{"0":"post-90609","1":"product","2":"type-product","3":"status-publish","4":"has-post-thumbnail","6":"product_cat-hdd-harddisk-3-5","7":"product_shipping_class-tunga-paket","8":"pa_brands-western-digital","9":"tm-no-options","11":"first","12":"onbackorder","13":"sale","14":"taxable","15":"shipping-taxable","16":"purchasable","17":"product-type-simple"},"acf":[],"_links":{"self":[{"href":"https:\/\/secureus.se\/dk\/wp-json\/wp\/v2\/product\/90609","targetHints":{"allow":["GET"]}}],"collection":[{"href":"https:\/\/secureus.se\/dk\/wp-json\/wp\/v2\/product"}],"about":[{"href":"https:\/\/secureus.se\/dk\/wp-json\/wp\/v2\/types\/product"}],"wp:featuredmedia":[{"embeddable":true,"href":"https:\/\/secureus.se\/dk\/wp-json\/wp\/v2\/media\/137844"}],"wp:attachment":[{"href":"https:\/\/secureus.se\/dk\/wp-json\/wp\/v2\/media?parent=90609"}],"wp:term":[{"taxonomy":"product_brand","embeddable":true,"href":"https:\/\/secureus.se\/dk\/wp-json\/wp\/v2\/product_brand?post=90609"},{"taxonomy":"product_cat","embeddable":true,"href":"https:\/\/secureus.se\/dk\/wp-json\/wp\/v2\/product_cat?post=90609"},{"taxonomy":"product_tag","embeddable":true,"href":"https:\/\/secureus.se\/dk\/wp-json\/wp\/v2\/product_tag?post=90609"}],"curies":[{"name":"wp","href":"https:\/\/api.w.org\/{rel}","templated":true}]}}