{"id":90611,"date":"2024-03-15T13:35:50","date_gmt":"2024-03-15T12:35:50","guid":{"rendered":"https:\/\/secureus.se\/harddisk-3-5-hdd-1-tb-256-mb-cache-64-mb-cacheminne\/"},"modified":"2026-03-30T14:28:46","modified_gmt":"2026-03-30T12:28:46","slug":"harddisk-3-5-hdd-1-tb-256-mb-cache-64-mb-cacheminne","status":"publish","type":"product","link":"https:\/\/secureus.se\/dk\/harddisk-3-5-hdd-1-tb-256-mb-cache-64-mb-cacheminne\/","title":{"rendered":"Harddisk 3,5&quot; HDD 1 TB SATA \u2013 64 MB cache til smart videooverv\u00e5gning"},"content":{"rendered":"<h1>Harddisk 3,5&quot; HDD 1 TB SATA \u2013 64 MB cache<\/h1>\n<p>Produkth\u00f8jdepunkter<br \/>\n\u2022 Kapacitet op til 8TB1<br \/>\n\u2022 Designet til almindelige overv\u00e5gningssystemer<br \/>\n\u2022 WD AllFrame\u2122 hj\u00e6lper med at reducere tabte rammer<br \/>\n\u2022 Underst\u00f8tter op til 180 TB\/\u00e5r arbejdsbelastning\u2077<br \/>\n\u2022 3 \u00e5rs begr\u00e6nset garanti9<\/p>\n<h3>PRODUKTBESKRIVELSE OVERV\u00c5GNING HARDDISK<\/h3>\n<p>WD Purple\u00ae-harddiske<br \/>\nDen rigtige harddisk til Smart Video-overv\u00e5gning<br \/>\nWD Purple\u00ae-drev er designet til at im\u00f8dekomme udfordringerne ved 24\u00d77 videooverv\u00e5gningsoptagelse.<\/p>\n<p>Disse enheder er specielt designet til overv\u00e5gning for at modst\u00e5 de forh\u00f8jede temperatursvingninger og udstyrsvibrationer i NVR-milj\u00f8er. En gennemsnitlig desktop-enhed er designet til kun at k\u00f8re i korte intervaller, ikke det barske 24\/7-altid-on-milj\u00f8 i et high definition-overv\u00e5gningssystem.<\/p>\n<p>Med WD Purple-drev f\u00e5r du p\u00e5lidelig lagerplads i overv\u00e5gningsgrad, der er testet for kompatibilitet p\u00e5 tv\u00e6rs af en lang r\u00e6kke sikkerhedssystemer. Eksklusiv WD AllFrame\u2122-teknologi hj\u00e6lper med at reducere billedtab og forbedre den samlede videoafspilning.<\/p>\n<p>Brancheledende opbevaring. Overv\u00e5gning, du kan stole p\u00e5.<br \/>\nWestern Digital har leveret lager i overv\u00e5gningskvalitet i over et \u00e5rti.<\/p>\n<p>Med WD Purple\u00ae overv\u00e5gningsopbevaring er drev udviklet til overv\u00e5gningssystemer med h\u00f8j temperatur, altid t\u00e6ndt, s\u00e5 du kan stole p\u00e5 kvalitetsvideo, n\u00e5r du har mest brug for det. WD Purple leverer smart videolagring, du kan stole p\u00e5, og er underst\u00f8ttet af en 3-\u00e5rig begr\u00e6nset garanti9.<\/p>\n<p>Western Digitals eksklusive WD AllFrame\u2122-teknologi<br \/>\nAlle WD Purple\u00ae-drev er udstyret med AllFrame\u2122-teknologi, som hj\u00e6lper med at reducere tabte billeder og forbedre videooptagelse og -afspilning.<\/p>\n<p>Forbedret arbejdsbelastningsvurdering<br \/>\nWD Purple\u00ae-drev har en arbejdsbelastningsvurdering p\u00e5 op til 180 TB\/\u00e5r\u2077 \u2013 op til tre gange s\u00e5 stor som desktopdrev \u2013 for at h\u00e5ndtere de unikke krav fra almindelige videooverv\u00e5gnings-DVR- og NVR-systemer.<\/p>\n<p>Flere kameraer, flere streams<br \/>\nMere moderne optagere underst\u00f8tter nu flere videostreams pr. kamera. WD Purple\u00ae-drev underst\u00f8tter op til 64 enkelt HD-kameraer3.<\/p>\n<p>Med s\u00e5 mange muligheder har du fleksibiliteten til at opgradere eller udvide dine sikkerhedsapplikationer i fremtiden.<\/p>\n<p>Designet til p\u00e5lidelig drift<br \/>\nWD Purple\u00ae-drev, der er udviklet til p\u00e5lidelighed med en MTBF p\u00e5 op til 1 million timer8 og underst\u00f8ttet af en 3-\u00e5rig begr\u00e6nset garanti9, har komponenter, der er modstandsdygtige over for misfarvning11 og underst\u00f8tter lagersystemer med op til 16 drevb\u00e5se12.<\/p>\n<p>WD Purple\u00ae-harddiske er designet med RAID-fejlgendannelseskontrol for at hj\u00e6lpe med at reducere fejl i underst\u00f8ttede videooptagere.<\/p>\n<p>Bred kompatibilitet. S\u00f8ml\u00f8s integration.<br \/>\nWD Purple\u00ae-harddiske er bygget med kompatibilitet i tankerne, s\u00e5 du hurtigt og problemfrit kan tilf\u00f8je kapacitet til dit overv\u00e5gningssystem.<\/p>\n<p>Med underst\u00f8ttelse af en lang r\u00e6kke branchef\u00f8rende chassis og chips\u00e6t er du sikker p\u00e5 at finde den DVR- eller NVR-konfiguration, der passer til dig.<\/p>\n<p>Tre \u00e5rs begr\u00e6nset garanti<br \/>\nSom en branchef\u00f8rende harddiskproducent st\u00e5r Western Digital bag sine overv\u00e5gningslagringsl\u00f8sninger med en 3-\u00e5rs begr\u00e6nset garanti9 inkluderet med hvert WD Purple\u00ae-drev.<\/p>","protected":false},"excerpt":{"rendered":"<p>WD WD11PURZ Purple Series 1 TB 3,5&quot; harddisk til overv\u00e5gning, SATA, 64 MB cache, underst\u00f8ttelse af op til 64 HD-kameraer<\/p>","protected":false},"featured_media":138007,"template":"","meta":{"_acf_changed":false},"product_brand":[],"product_cat":[3261],"product_tag":[],"class_list":{"0":"post-90611","1":"product","2":"type-product","3":"status-publish","4":"has-post-thumbnail","6":"product_cat-hdd-harddisk-3-5","7":"product_shipping_class-tunga-paket","8":"pa_brands-western-digital","9":"tm-no-options","11":"first","12":"onbackorder","13":"sale","14":"taxable","15":"shipping-taxable","16":"purchasable","17":"product-type-simple"},"acf":[],"_links":{"self":[{"href":"https:\/\/secureus.se\/dk\/wp-json\/wp\/v2\/product\/90611","targetHints":{"allow":["GET"]}}],"collection":[{"href":"https:\/\/secureus.se\/dk\/wp-json\/wp\/v2\/product"}],"about":[{"href":"https:\/\/secureus.se\/dk\/wp-json\/wp\/v2\/types\/product"}],"wp:featuredmedia":[{"embeddable":true,"href":"https:\/\/secureus.se\/dk\/wp-json\/wp\/v2\/media\/138007"}],"wp:attachment":[{"href":"https:\/\/secureus.se\/dk\/wp-json\/wp\/v2\/media?parent=90611"}],"wp:term":[{"taxonomy":"product_brand","embeddable":true,"href":"https:\/\/secureus.se\/dk\/wp-json\/wp\/v2\/product_brand?post=90611"},{"taxonomy":"product_cat","embeddable":true,"href":"https:\/\/secureus.se\/dk\/wp-json\/wp\/v2\/product_cat?post=90611"},{"taxonomy":"product_tag","embeddable":true,"href":"https:\/\/secureus.se\/dk\/wp-json\/wp\/v2\/product_tag?post=90611"}],"curies":[{"name":"wp","href":"https:\/\/api.w.org\/{rel}","templated":true}]}}