{"id":90892,"date":"2024-03-27T11:42:38","date_gmt":"2024-03-27T10:42:38","guid":{"rendered":"https:\/\/secureus.se\/plomberingstrad-bla-finns-aven-med-graverad-eller-tryckt-logga-text\/"},"modified":"2026-04-22T12:32:37","modified_gmt":"2026-04-22T10:32:37","slug":"plomberingstrad-bla-finns-aven-med-graverad-eller-tryckt-logga-text","status":"publish","type":"product","link":"https:\/\/secureus.se\/dk\/plomberingstrad-bla-finns-aven-med-graverad-eller-tryckt-logga-text\/","title":{"rendered":"T\u00e6tningstr\u00e5d Bl\u00e5 Standard \u2013 Brugerdefineret logo\/tekst"},"content":{"rendered":"<h2 data-section-id=\"tzpez3\" data-start=\"601\" data-end=\"657\">T\u00e6tningstr\u00e5d til n\u00f8dd\u00f8re og sikkerhedsudstyr<\/h2>\n<p data-start=\"658\" data-end=\"833\">Denne bl\u00e5 forseglingstr\u00e5d bruges til at markere og sikre udstyr, der kun b\u00f8r bruges, n\u00e5r det er n\u00f8dvendigt, s\u00e5som n\u00f8dd\u00f8re, brandslukkere og andet sikkerhedsudstyr.<\/p>\n<p data-start=\"835\" data-end=\"994\">Forseglingen g\u00f8r det muligt hurtigt at se, om udstyret har v\u00e6ret \u00e5bnet eller brugt. N\u00e5r forseglingstr\u00e5den er brudt, er det straks tydeligt, at der er blevet manipuleret med enheden.<\/p>\n<p data-start=\"996\" data-end=\"1171\">Dette g\u00f8r produktet s\u00e6rligt nyttigt i milj\u00f8er, hvor sikkerhedsudstyr skal kontrolleres regelm\u00e6ssigt, s\u00e5som i ejendomme, industrier, skoler og offentlige milj\u00f8er.<\/p>\n<hr data-start=\"1173\" data-end=\"1176\" \/>\n<h2 data-section-id=\"1pcm1ba\" data-start=\"1178\" data-end=\"1229\">Tilpas seglet med din egen tekst eller logo<\/h2>\n<p data-start=\"1230\" data-end=\"1400\">Denne forseglingstr\u00e5d kan ogs\u00e5 bestilles med <strong data-start=\"1275\" data-end=\"1302\">egen tekst eller logo<\/strong>. Tilpasning kan ske via farvetryk eller lasergravering og er ogs\u00e5 velegnet til mindre serier.<\/p>\n<p data-start=\"1402\" data-end=\"1460\">Dette g\u00f8r det for eksempel muligt at m\u00e6rke seglet med:<\/p>\n<ul data-start=\"1462\" data-end=\"1532\">\n<li data-section-id=\"nzxgki\" data-start=\"1462\" data-end=\"1478\">\n<p data-start=\"1464\" data-end=\"1478\">firmanavn<\/p>\n<\/li>\n<li data-section-id=\"cej8am\" data-start=\"1479\" data-end=\"1490\">\n<p data-start=\"1481\" data-end=\"1490\">logo<\/p>\n<\/li>\n<li data-section-id=\"1uptt1j\" data-start=\"1491\" data-end=\"1509\">\n<p data-start=\"1493\" data-end=\"1509\">kontrolnummer<\/p>\n<\/li>\n<li data-section-id=\"1f8c95p\" data-start=\"1510\" data-end=\"1532\">\n<p data-start=\"1512\" data-end=\"1532\">egen sikkerhedstekst<\/p>\n<\/li>\n<\/ul>\n<hr data-start=\"1534\" data-end=\"1537\" \/>\n<h2 data-section-id=\"1dhihmh\" data-start=\"1539\" data-end=\"1556\">Lasergravering<\/h2>\n<p data-start=\"1557\" data-end=\"1678\">Med lasergravering br\u00e6ndes teksten ind i materialet. Resultatet er en <strong data-start=\"1626\" data-end=\"1652\">lys eller m\u00f8rk gr\u00e5 tone<\/strong> afh\u00e6ngigt af b\u00e5ndets farve.<\/p>\n<p data-start=\"1680\" data-end=\"1762\">Lasergravering giver en permanent og holdbar markering, der er sv\u00e6r at manipulere med.<\/p>\n<hr data-start=\"1764\" data-end=\"1767\" \/>\n<h1 data-section-id=\"16fopcq\" data-start=\"1769\" data-end=\"1779\">Fordele<\/h1>\n<ul data-start=\"1781\" data-end=\"2002\">\n<li data-section-id=\"ls77ve\" data-start=\"1781\" data-end=\"1823\">\n<p data-start=\"1783\" data-end=\"1823\">Viser straks, om udstyret har v\u00e6ret \u00e5bnet<\/p>\n<\/li>\n<li data-section-id=\"1pqowha\" data-start=\"1824\" data-end=\"1869\">\n<p data-start=\"1826\" data-end=\"1869\">Forhindrer un\u00f8dvendig brug af n\u00f8dd\u00f8re<\/p>\n<\/li>\n<li data-section-id=\"1vnjlqh\" data-start=\"1870\" data-end=\"1923\">\n<p data-start=\"1872\" data-end=\"1923\">Velegnet til brandslukkere og sikkerhedsudstyr<\/p>\n<\/li>\n<li data-section-id=\"dhsf4s\" data-start=\"1924\" data-end=\"1968\">\n<p data-start=\"1926\" data-end=\"1968\">Kan tilpasses med din egen tekst eller logo<\/p>\n<\/li>\n<li data-section-id=\"1ofabbw\" data-start=\"1969\" data-end=\"2002\">\n<p data-start=\"1971\" data-end=\"2002\">Nem at samle og bruge<\/p>\n<\/li>\n<\/ul>\n<hr data-start=\"2004\" data-end=\"2007\" \/>\n<h1 data-section-id=\"brc9ws\" data-start=\"2009\" data-end=\"2037\">Almindelige anvendelser<\/h1>\n<ul data-start=\"2039\" data-end=\"2133\">\n<li data-section-id=\"1hfb5n9\" data-start=\"2039\" data-end=\"2052\">\n<p data-start=\"2041\" data-end=\"2052\">N\u00f8dd\u00f8re<\/p>\n<\/li>\n<li data-section-id=\"1glgnsm\" data-start=\"2053\" data-end=\"2070\">\n<p data-start=\"2055\" data-end=\"2070\">Brandslukker<\/p>\n<\/li>\n<li data-section-id=\"ybft18\" data-start=\"2071\" data-end=\"2086\">\n<p data-start=\"2073\" data-end=\"2086\">Brandhaner<\/p>\n<\/li>\n<li data-section-id=\"hh5nt0\" data-start=\"2087\" data-end=\"2104\">\n<p data-start=\"2089\" data-end=\"2104\">Sikkerheds Boks<\/p>\n<\/li>\n<li data-section-id=\"1d7qlpj\" data-start=\"2105\" data-end=\"2133\">\n<p data-start=\"2107\" data-end=\"2133\">Ejendomsinstallationer<\/p>\n<\/li>\n<\/ul>\n<hr data-start=\"2135\" data-end=\"2138\" \/>\n<h1 data-section-id=\"vb28v8\" data-start=\"2140\" data-end=\"2157\">specifikationer<\/h1>\n<p data-start=\"2159\" data-end=\"2248\">St\u00f8rrelse: <strong data-start=\"2168\" data-end=\"2183\">250 \u00d7 20 mm<\/strong><br data-start=\"2183\" data-end=\"2186\" \/>Farve: <strong>Bl\u00e5<\/strong><br data-start=\"2199\" data-end=\"2202\" \/>Type: <strong data-start=\"2207\" data-end=\"2248\">Forseglingstr\u00e5d \/ sikkerhedsforsegling<\/strong><\/p>\n<p data-start=\"2159\" data-end=\"2248\">Vil du vide mere om, hvordan forsegling fungerer?<br data-start=\"2755\" data-end=\"2758\" \/>L\u00e6s vores guide: <a href=\"https:\/\/secureus.se\/dk\/vad-ar-plomberingstrad-sa-fungerar-sakerhetsplombering\/\" target=\"_blank\" rel=\"noopener\"><strong data-start=\"2775\" data-end=\"2854\">Hvad er t\u00e6tningstr\u00e5d, og hvordan bruges det til n\u00f8dd\u00f8re og brandslukkere?<\/strong><\/a><\/p>\n<p data-start=\"2159\" data-end=\"2248\">","protected":false},"excerpt":{"rendered":"<p data-start=\"335\" data-end=\"528\">Bl\u00e5 t\u00e6tningstr\u00e5d til m\u00e6rkning og forsegling af n\u00f8dd\u00f8re, brandslukkere og andet sikkerhedsudstyr.<\/p>\n<p data-start=\"335\" data-end=\"528\">Forseglingen g\u00f8r det nemt hurtigt at se, om en enhed er blevet \u00e5bnet eller manipuleret med.<\/p>\n<p data-start=\"530\" data-end=\"653\">Det bruges ofte i ejendomme, offentlige milj\u00f8er og industrier, hvor sikkerhedsudstyr skal kontrolleres regelm\u00e6ssigt.<\/p>","protected":false},"featured_media":161208,"template":"","meta":{"_acf_changed":false},"product_brand":[],"product_cat":[1332,1560,3224],"product_tag":[2958],"class_list":{"0":"post-90892","1":"product","2":"type-product","3":"status-publish","4":"has-post-thumbnail","6":"product_cat-utrymning-tillbehor","7":"product_cat-branddorrstangning","8":"product_cat-nodutrymning","9":"product_tag-stonehouse-produkt","10":"product_shipping_class-postnord-varubrev","11":"pa_brands-stonehouse-security","12":"tm-has-options","14":"first","15":"instock","16":"sale","17":"featured","18":"taxable","19":"shipping-taxable","20":"purchasable","21":"product-type-simple"},"acf":[],"_links":{"self":[{"href":"https:\/\/secureus.se\/dk\/wp-json\/wp\/v2\/product\/90892","targetHints":{"allow":["GET"]}}],"collection":[{"href":"https:\/\/secureus.se\/dk\/wp-json\/wp\/v2\/product"}],"about":[{"href":"https:\/\/secureus.se\/dk\/wp-json\/wp\/v2\/types\/product"}],"wp:featuredmedia":[{"embeddable":true,"href":"https:\/\/secureus.se\/dk\/wp-json\/wp\/v2\/media\/161208"}],"wp:attachment":[{"href":"https:\/\/secureus.se\/dk\/wp-json\/wp\/v2\/media?parent=90892"}],"wp:term":[{"taxonomy":"product_brand","embeddable":true,"href":"https:\/\/secureus.se\/dk\/wp-json\/wp\/v2\/product_brand?post=90892"},{"taxonomy":"product_cat","embeddable":true,"href":"https:\/\/secureus.se\/dk\/wp-json\/wp\/v2\/product_cat?post=90892"},{"taxonomy":"product_tag","embeddable":true,"href":"https:\/\/secureus.se\/dk\/wp-json\/wp\/v2\/product_tag?post=90892"}],"curies":[{"name":"wp","href":"https:\/\/api.w.org\/{rel}","templated":true}]}}