{"id":91089,"date":"2024-04-05T16:21:49","date_gmt":"2024-04-05T14:21:49","guid":{"rendered":"https:\/\/secureus.se\/?post_type=product&#038;p=91089"},"modified":"2026-03-03T12:49:13","modified_gmt":"2026-03-03T11:49:13","slug":"larmskylt-aluminium-2-sjalvhaftande-a4-210x297mm","status":"publish","type":"product","link":"https:\/\/secureus.se\/dk\/larmskylt-aluminium-2-sjalvhaftande-a4-210x297mm\/","title":{"rendered":"Alarmskilt Aluminium Overv\u00e5get Selvkl\u00e6bende (A4) 210x297mm"},"content":{"rendered":"<p><em>Vores alarmm\u00e6rkater i aluminium er designet til at sikre, at din sikkerhed er synlig og tydelig, uanset de omgivende forhold. Fremstillet med pr\u00e6cision for at im\u00f8dekomme de kr\u00e6vende forhold i det skandinaviske klima, er disse m\u00e6rkater udstyret med overlegen holdbarhed og modstandsdygtighed. De er designet til at modst\u00e5 elementerne, fra isnende kulde til kraftig regn, hvilket g\u00f8r dem ideelle til udend\u00f8rs brug. Med 3M dobbeltsidet tapet v\u00e6v p\u00e5 bagsiden tilbyder disse m\u00e6rkater nem og p\u00e5lidelig montering p\u00e5 en r\u00e6kke forskellige overflader.<\/em><\/p>\n<p>Inspirerende selvtillid, klar og langtidsholdbar \u2013 det er, hvad vores alarmm\u00e6rkater i aluminium tilbyder for at tage sikkerheden til n\u00e6ste niveau.<\/p>\n<p>Alarmm\u00e6rkater fungerer som en st\u00e6rk visuel afskr\u00e6kkelse over for potentielle indtr\u00e6ngningsfors\u00f8g.<\/p>\n<p><strong>Robust og holdbar<\/strong><br \/>\nFremstillet af h\u00f8jkvalitets aluminium. Vores alarmm\u00e6rkater er designet til at modst\u00e5 b\u00e5de slid og temperatur. Du kan v\u00e6re sikker p\u00e5, at de holder sig i top stand uanset vejret.<\/p>\n<p>Denne alarmm\u00e6rkat er lige s\u00e5 effektiv indend\u00f8rs som udend\u00f8rs. Tilpas til dine specifikke behov.<\/p>\n<h3>Anvendelsesomr\u00e5der:<\/h3>\n<ul>\n<li><strong>Hjemmet:<\/strong> Beskyt din familie og dit hjem ved at s\u00e6tte disse alarmm\u00e6rkater p\u00e5 alle vigtige indgange.<br \/>\n<strong>Selskab:<\/strong> Forbedre sikkerheden p\u00e5 din arbejdsplads ved at g\u00f8re de mest kritiske omr\u00e5der synlige for b\u00e5de medarbejdere og bes\u00f8gende.<br \/>\n<strong>Butikker og virksomheder:<\/strong> Skab et sikrere milj\u00f8 for dine kunder og personale ved at markere de mest relevante ind- og udgange.<\/li>\n<\/ul>\n<h3>Produktspecifikationer:<\/h3>\n<ul>\n<li>Materiale: Aluminium<\/li>\n<li>M\u00e5l: 210x297 mm (A4)<\/li>\n<\/ul>\n<h3>Pakken indeholder:<\/h3>\n<ul>\n<li>1 stk 210x297mm (A4) selvkl\u00e6bende alarmklisterm\u00e6rke i aluminium. Hver m\u00e6rkat er en investering i din sikkerhed!<\/li>\n<\/ul>","protected":false},"excerpt":{"rendered":"<p><em>Ekstra stort alarmm\u00e6rkat. Forbedre sikkerheden med vores aluminiumalarmm\u00e6rkater, skabt til at modst\u00e5 barske skandinaviske klimaforhold. Perfekt til udend\u00f8rs brug.<\/em><\/p>","protected":false},"featured_media":156019,"template":"","meta":{"_acf_changed":false},"product_brand":[],"product_cat":[1323],"product_tag":[3053],"class_list":{"0":"post-91089","1":"product","2":"type-product","3":"status-publish","4":"has-post-thumbnail","6":"product_cat-larmdekaler","7":"product_tag-nyhet","8":"product_shipping_class-dekaler-skyltar","9":"tm-no-options","11":"first","12":"instock","13":"sale","14":"featured","15":"taxable","16":"shipping-taxable","17":"purchasable","18":"product-type-simple"},"acf":[],"_links":{"self":[{"href":"https:\/\/secureus.se\/dk\/wp-json\/wp\/v2\/product\/91089","targetHints":{"allow":["GET"]}}],"collection":[{"href":"https:\/\/secureus.se\/dk\/wp-json\/wp\/v2\/product"}],"about":[{"href":"https:\/\/secureus.se\/dk\/wp-json\/wp\/v2\/types\/product"}],"wp:featuredmedia":[{"embeddable":true,"href":"https:\/\/secureus.se\/dk\/wp-json\/wp\/v2\/media\/156019"}],"wp:attachment":[{"href":"https:\/\/secureus.se\/dk\/wp-json\/wp\/v2\/media?parent=91089"}],"wp:term":[{"taxonomy":"product_brand","embeddable":true,"href":"https:\/\/secureus.se\/dk\/wp-json\/wp\/v2\/product_brand?post=91089"},{"taxonomy":"product_cat","embeddable":true,"href":"https:\/\/secureus.se\/dk\/wp-json\/wp\/v2\/product_cat?post=91089"},{"taxonomy":"product_tag","embeddable":true,"href":"https:\/\/secureus.se\/dk\/wp-json\/wp\/v2\/product_tag?post=91089"}],"curies":[{"name":"wp","href":"https:\/\/api.w.org\/{rel}","templated":true}]}}