{"id":91165,"date":"2024-04-11T10:23:43","date_gmt":"2024-04-11T08:23:43","guid":{"rendered":"https:\/\/secureus.se\/brandlarmsbox-rod-20-polig-sk-sk-2-5mm2\/"},"modified":"2025-12-31T21:08:41","modified_gmt":"2025-12-31T20:08:41","slug":"brandlarmsbox-rod-20-polig-sk-sk-2-5mm2","status":"publish","type":"product","link":"https:\/\/secureus.se\/dk\/brandlarmsbox-rod-20-polig-sk-sk-2-5mm2\/","title":{"rendered":"Brandalarmboks r\u00f8d 20 polet Sk\/Sk \u2013 2,5mm2"},"content":{"rendered":"<h1>Brandalarmboks ALARMKASSE BRAND<\/h1>\n<p>En komplet r\u00f8d samled\u00e5se med 2,5 mm2 tilslutning til installation af brandanl\u00e6g eller andre anl\u00e6g.<\/p>\n<p>Sabotagesikker samled\u00e5se til 21 lederpar og signaturflag.<\/p>\n<p>Terminalen har op til 2,5 mm2 skrueforbindelse med f.eks. l\u00f8ftefunktion.<\/p>\n<p>Anbefalet max belastning 2A\/60V St\u00f8rrelse: 133 x 70 x 50 mm<\/p>","protected":false},"excerpt":{"rendered":"<p>ALARMKASSE BRAND 20-POLET PAR SKRU<\/p>","protected":false},"featured_media":137875,"template":"","meta":{"_acf_changed":false},"product_brand":[],"product_cat":[1547],"product_tag":[],"class_list":{"0":"post-91165","1":"product","2":"type-product","3":"status-publish","4":"has-post-thumbnail","6":"product_cat-plint-larm-telebox","7":"product_shipping_class-tunga-paket","8":"tm-no-options","10":"first","11":"instock","12":"sale","13":"taxable","14":"shipping-taxable","15":"purchasable","16":"product-type-simple"},"acf":[],"_links":{"self":[{"href":"https:\/\/secureus.se\/dk\/wp-json\/wp\/v2\/product\/91165","targetHints":{"allow":["GET"]}}],"collection":[{"href":"https:\/\/secureus.se\/dk\/wp-json\/wp\/v2\/product"}],"about":[{"href":"https:\/\/secureus.se\/dk\/wp-json\/wp\/v2\/types\/product"}],"wp:featuredmedia":[{"embeddable":true,"href":"https:\/\/secureus.se\/dk\/wp-json\/wp\/v2\/media\/137875"}],"wp:attachment":[{"href":"https:\/\/secureus.se\/dk\/wp-json\/wp\/v2\/media?parent=91165"}],"wp:term":[{"taxonomy":"product_brand","embeddable":true,"href":"https:\/\/secureus.se\/dk\/wp-json\/wp\/v2\/product_brand?post=91165"},{"taxonomy":"product_cat","embeddable":true,"href":"https:\/\/secureus.se\/dk\/wp-json\/wp\/v2\/product_cat?post=91165"},{"taxonomy":"product_tag","embeddable":true,"href":"https:\/\/secureus.se\/dk\/wp-json\/wp\/v2\/product_tag?post=91165"}],"curies":[{"name":"wp","href":"https:\/\/api.w.org\/{rel}","templated":true}]}}