{"id":91463,"date":"2024-05-01T22:05:07","date_gmt":"2024-05-01T20:05:07","guid":{"rendered":"https:\/\/secureus.se\/?post_type=product&#038;p=91463"},"modified":"2026-03-19T14:16:39","modified_gmt":"2026-03-19T13:16:39","slug":"dorrstangarsats-ts83-3-6-med-uppstallningsarm-silver","status":"publish","type":"product","link":"https:\/\/secureus.se\/dk\/dorrstangarsats-ts83-3-6-med-uppstallningsarm-silver\/","title":{"rendered":"Dormakaba TS83 d\u00f8rlukker \u2013 komplet s\u00e6t \u2013 EN 3-6 \u2013 St\u00e5ende arm (t\u00e6nd\/sluk) \u2013 s\u00f8lv"},"content":{"rendered":"<p><strong>Dormakaba TS83<\/strong> er en kraftfuld og p\u00e5lidelig d\u00f8rlukker til dem, der har brug for sikker og kontrolleret lukning af indvendige og udvendige d\u00f8re. Denne model leveres som <strong>komplet s\u00e6t<\/strong> i s\u00f8lv med <strong>stativarm CL-RF Til\/Fra<\/strong>, hvilket g\u00f8r den til et godt valg, n\u00e5r du vil kunne holde d\u00f8ren \u00e5ben, n\u00e5r det er n\u00f8dvendigt, og nemt kunne t\u00e6nde eller slukke for funktionen.<\/p>\n<p>D\u00f8rlukkeren passer <strong>enkeltd\u00f8re op til 1400 mm<\/strong> og har <strong>Trinl\u00f8s justerbar lukkekraft EN 3-6<\/strong>. Den kan monteres p\u00e5 <strong>h\u00e6ngselsiden af d\u00f8rbladet<\/strong> eller <strong>rammens stopside<\/strong> og passer til begge dele <strong>venstre- og h\u00f8jreh\u00e6ngte d\u00f8re<\/strong>.<\/p>\n<h3>Dette er inkluderet i s\u00e6ttet<\/h3>\n<ul>\n<li>D\u00f8rlukkerhus TS83 3-6<\/li>\n<li>Monteringsplade 8380<\/li>\n<li>Stativarm CL-RF Til\/Fra<\/li>\n<\/ul>\n<h3>Egenskaber<\/h3>\n<ul>\n<li>Komplet s\u00e6t med d\u00f8rlukkerhus, monteringsplade og monteringsarm<\/li>\n<li>Hydraulisk d\u00f8rlukker med trykfjeder<\/li>\n<li>Armsystem: <strong>Standard arm<\/strong><\/li>\n<li>Lukkekraft: <strong>EN 3-6<\/strong><\/li>\n<li>Trinl\u00f8s justerbar d\u00f8rlukningskraft<\/li>\n<li>Passer til enkeltd\u00f8r<\/li>\n<li>Maksimal d\u00f8rbladbredde: <strong>1400 mm<\/strong><\/li>\n<li>Passer til venstre og h\u00f8jre d\u00f8re<\/li>\n<li>Kan monteres p\u00e5 d\u00f8rbladets h\u00e6ngselside eller karmslutside<\/li>\n<li>Maksimal \u00e5bningsvinkel: <strong>150\u00b0<\/strong><\/li>\n<li>\u00c5bningsbremse som standard<\/li>\n<li>Overfladebehandling: <strong>S\u00f8lv<\/strong><\/li>\n<\/ul>\n<h3>Funktioner<\/h3>\n<ul>\n<li>\u00c5bningsbremse: Ja<\/li>\n<li>Lukkehastigheden er justerbar <strong>180\u00b0 til 0\u00b0<\/strong><\/li>\n<li>Slagkraften er justerbar <strong>7\u00b0 til 0\u00b0<\/strong><\/li>\n<li>Stativarm med knap til at t\u00e6nde eller slukke for stativet<\/li>\n<li>Elektromekanisk ops\u00e6tning: Nej<\/li>\n<li>Fritg\u00e5ende svingfunktion: Nej<\/li>\n<li>Tidsforsinket lukning: Nej<\/li>\n<\/ul>\n<h3>Vigtig information<\/h3>\n<p><strong>St\u00e5armen m\u00e5 ikke anvendes p\u00e5 brandd\u00f8re.<\/strong> Hvis d\u00f8rlukkeren skal bruges i et brandklassificeret d\u00f8rmilj\u00f8, skal du v\u00e6lge den korrekte version uden aktiv st\u00e5funktion.<\/p>\n<h3>M\u00e5le<\/h3>\n<ul>\n<li>L\u00e6ngde: <strong>293 mm<\/strong><\/li>\n<li>H\u00f8jde: <strong>60 mm<\/strong><\/li>\n<li>Dybde: <strong>47,5 mm<\/strong><\/li>\n<\/ul>\n<h3>Velegnet til<\/h3>\n<ul>\n<li>indvendige d\u00f8re<\/li>\n<li>hovedd\u00f8re<\/li>\n<li>indgangsd\u00f8re<\/li>\n<li>d\u00f8rmilj\u00f8er, hvor der er behov for en displayfunktion<\/li>\n<li>ejendomme, kontorer og offentlige milj\u00f8er<\/li>\n<\/ul>\n<p>Dormakaba TS83 er et godt valg for dem, der leder efter en <strong>d\u00f8rlukker med opretst\u00e5ende arm<\/strong> i et komplet s\u00e6t. Du f\u00e5r en p\u00e5lidelig d\u00f8rlukker med h\u00f8j justerbarhed, stabil funktion og mulighed for nemt at aktivere eller deaktivere ops\u00e6tningen afh\u00e6ngigt af dine behov.<\/p>\n<div style=\"background: #f6f8fa;padding: 14px;border-radius: 6px;margin: 18px 0\"><strong>Har du brug for hj\u00e6lp til at v\u00e6lge den rigtige d\u00f8rlukker?<\/strong><br \/>\nSammenlign d\u00f8rtype, armtype og d\u00f8rbredde, eller se flere modeller i vores sortiment.<br \/>\n<a style=\"font-weight: bold\" href=\"https:\/\/secureus.se\/dk\/dorrstangare-kompletta\/\"><br \/>\nSe alle komplette d\u00f8rlukkere her \u2192<br \/>\n<\/a><\/div>","protected":false},"excerpt":{"rendered":"<p><strong>Dormakaba TS83 d\u00f8rlukker komplet s\u00e6t i s\u00f8lv<\/strong> Med t\u00e6nd\/sluk-arm til kontrolleret lukning af indvendige og udvendige d\u00f8re. Passer til <strong>enkeltd\u00f8re op til 1400 mm<\/strong> og kan monteres p\u00e5 <strong>h\u00e6ngselsiden af d\u00f8rbladet<\/strong> eller <strong>rammens stopside<\/strong>.<\/p>\n<p>Det komplette s\u00e6t inkluderer: <strong>D\u00f8rlukkerhus TS83 3-6, monteringsplade 8380 og monteringsarm CL-RF On\/Off<\/strong>. Modellen har <strong>Trinl\u00f8s justerbar lukkekraft EN 3-6<\/strong>, \u00e5bningsbremse som standard og en parkeringsfunktion, der nemt kan aktiveres eller deaktiveres efter behov.<\/p>","protected":false},"featured_media":137101,"template":"","meta":{"_acf_changed":false},"product_brand":[],"product_cat":[3258,4864],"product_tag":[3850,4863],"class_list":{"0":"post-91463","1":"product","2":"type-product","3":"status-publish","4":"has-post-thumbnail","6":"product_cat-dorrstangare","7":"product_cat-dorrstangare-kompletta","8":"product_tag-bastsaljare","9":"product_tag-pf","10":"product_shipping_class-tunga-paket","11":"pa_brands-dormakaba","12":"tm-no-options","14":"first","15":"instock","16":"sale","17":"taxable","18":"shipping-taxable","19":"purchasable","20":"product-type-simple"},"acf":[],"_links":{"self":[{"href":"https:\/\/secureus.se\/dk\/wp-json\/wp\/v2\/product\/91463","targetHints":{"allow":["GET"]}}],"collection":[{"href":"https:\/\/secureus.se\/dk\/wp-json\/wp\/v2\/product"}],"about":[{"href":"https:\/\/secureus.se\/dk\/wp-json\/wp\/v2\/types\/product"}],"wp:featuredmedia":[{"embeddable":true,"href":"https:\/\/secureus.se\/dk\/wp-json\/wp\/v2\/media\/137101"}],"wp:attachment":[{"href":"https:\/\/secureus.se\/dk\/wp-json\/wp\/v2\/media?parent=91463"}],"wp:term":[{"taxonomy":"product_brand","embeddable":true,"href":"https:\/\/secureus.se\/dk\/wp-json\/wp\/v2\/product_brand?post=91463"},{"taxonomy":"product_cat","embeddable":true,"href":"https:\/\/secureus.se\/dk\/wp-json\/wp\/v2\/product_cat?post=91463"},{"taxonomy":"product_tag","embeddable":true,"href":"https:\/\/secureus.se\/dk\/wp-json\/wp\/v2\/product_tag?post=91463"}],"curies":[{"name":"wp","href":"https:\/\/api.w.org\/{rel}","templated":true}]}}