{"id":91465,"date":"2024-05-01T22:05:06","date_gmt":"2024-05-01T20:05:06","guid":{"rendered":"https:\/\/secureus.se\/?post_type=product&#038;p=91465"},"modified":"2026-04-23T12:14:04","modified_gmt":"2026-04-23T10:14:04","slug":"dorrstangarsats-dc700-461-silver","status":"publish","type":"product","link":"https:\/\/secureus.se\/dk\/dorrstangarsats-dc700-461-silver\/","title":{"rendered":"ASSA ABLOY DC700 Dobbeltd\u00f8rss\u00e6t \u2013 EN 3-6 \u2013 S\u00f8lv"},"content":{"rendered":"<p><strong>ASSA ABLOY DC700 dobbeltd\u00f8rss\u00e6t<\/strong> er en komplet l\u00f8sning for dem, der har brug for sikker, kontrolleret og korrekt lukning af <strong>dobbeltd\u00f8re<\/strong> i ejendomme, offentlige milj\u00f8er og andre kr\u00e6vende d\u00f8rmilj\u00f8er. S\u00e6ttet er baseret p\u00e5 <strong>DC700-serien<\/strong> og leveres med <strong>glideskinne G461<\/strong> med indbygget mekanisk koordinator, som sikrer den korrekte lukker\u00e6kkef\u00f8lge mellem d\u00f8rbladene.<\/p>\n<p>Dette dobbeltd\u00f8rss\u00e6t er egnet til <strong>yderd\u00f8re, indvendige d\u00f8re og brandd\u00f8re<\/strong> og er udviklet til d\u00f8rmilj\u00f8er, hvor b\u00e5de sikkerhed, holdbarhed og korrekt funktion er afg\u00f8rende. <strong>lukkekraft EN 3-6<\/strong> og glideskinnesystem, f\u00e5r du en stabil l\u00f8sning med god kontrol og et mere diskret armsystem.<\/p>\n<h3>Dette er inkluderet i s\u00e6ttet<\/h3>\n<ul>\n<li>2 d\u00f8rlukkerhuse DC700<\/li>\n<li>2 monteringsplader A120<\/li>\n<li>G461 glideskinne med indbygget mekanisk d\u00f8rkoordinator<\/li>\n<\/ul>\n<h3>Egenskaber<\/h3>\n<ul>\n<li>Komplet dobbeltd\u00f8rss\u00e6t med to d\u00f8rlukkerhuse, to monteringsplader og glideskinne med koordinator<\/li>\n<li>Armsystem: <strong>Skydeskinne<\/strong><\/li>\n<li>Lukkekraft: <strong>EN 3-6<\/strong><\/li>\n<li>For <strong>dobbeltd\u00f8r<\/strong><\/li>\n<li>Skydeskinne med indbygget mekanisk d\u00f8rkoordinator til dobbeltd\u00f8re<\/li>\n<li>Passer til venstre- og h\u00f8jreh\u00e6ngte d\u00f8re<\/li>\n<li>\u00c5bningsbremse: Ja<\/li>\n<li>Byggeprodukt vurderet: Ja<\/li>\n<li>Overfladebehandling: <strong>S\u00f8lv<\/strong><\/li>\n<\/ul>\n<h3>D\u00f8rdimensioner og \u00e5bningsvinkel<\/h3>\n<ul>\n<li>H\u00e5ndtag d\u00f8rbredde <strong>1250 til 2800 mm c\/c mellem h\u00e6ngsler<\/strong> n\u00e5r den er monteret p\u00e5 h\u00e6ngselsiden<\/li>\n<li>H\u00e5ndtag d\u00f8rbredde <strong>1400 til 2800 mm<\/strong> n\u00e5r den er monteret p\u00e5 stopsiden<\/li>\n<li>Minimum d\u00f8rbladbredde passiv d\u00f8rblad p\u00e5 h\u00e6ngselssiden: <strong>350 mm<\/strong><\/li>\n<li>Minimum d\u00f8rbladbredde passiv d\u00f8rblad p\u00e5 slagside: <strong>400 mm<\/strong><\/li>\n<li>\u00c5bningsvinkel p\u00e5 h\u00e6ngselsiden justerbar op til <strong>160\u00b0<\/strong><\/li>\n<li>\u00c5bningsvinkel p\u00e5 stopsiden justerbar op til ca. <strong>120\u00b0<\/strong><\/li>\n<\/ul>\n<h3>Samling og funktion<\/h3>\n<p>ASSA ABLOY DC700-461 er designet til installation p\u00e5 <strong>d\u00f8rh\u00e6ngselside<\/strong> eller <strong>d\u00f8rslag side<\/strong>. Hvis du har brug for en st\u00f8rre \u00e5bningsvinkel end <strong>160\u00b0<\/strong> ved montering p\u00e5 h\u00e6ngselsiden anbefales <strong>d\u00f8rlukkerhus DC700AC<\/strong>.<\/p>\n<p>Glideskinnen er justerbar. <strong>14 mm i h\u00f8jden<\/strong>, hvilket letter installationen. Til montering p\u00e5 <strong>annonceringsside<\/strong> n\u00f8dvendigt tilbeh\u00f8r <strong>G120<\/strong>.<\/p>\n<h3>Vigtig information<\/h3>\n<ul>\n<li><strong>D\u00f8rlukker ASSA ABLOY 2010<\/strong> b\u00f8r bruges til at sikre d\u00f8rkoordinatorens funktion<\/li>\n<li><strong>Drejeleje A151<\/strong> kan bruges sammen med G461 til koordinering af brandklassificerede d\u00f8re og svingd\u00f8rsautomatik<\/li>\n<li><strong>A114 monteringsenheden m\u00e5 ikke anvendes p\u00e5 d\u00f8re i brandsektionsafgr\u00e6nsningen.<\/strong><\/li>\n<li>Opfylder kravene i henhold til <strong>EN 1154\/1158<\/strong><\/li>\n<\/ul>\n<h3>M\u00e5le<\/h3>\n<ul>\n<li>H\u00f8jde: <strong>31 mm<\/strong><\/li>\n<li>Dybde: <strong>33 mm<\/strong><\/li>\n<li>L\u00e6ngde: afh\u00e6ngig af d\u00f8rbredde<\/li>\n<\/ul>\n<h3>Velegnet til<\/h3>\n<ul>\n<li>dobbeltd\u00f8re i ejendomme og offentlige milj\u00f8er<\/li>\n<li>indvendige d\u00f8re<\/li>\n<li>hovedd\u00f8re<\/li>\n<li>brandd\u00f8re<\/li>\n<li>d\u00f8rmilj\u00f8er hvor korrekt lukker\u00e6kkef\u00f8lge er p\u00e5kr\u00e6vet<\/li>\n<\/ul>\n<p>ASSA ABLOY DC700 dobbeltd\u00f8rss\u00e6ttet er et godt valg for dem, der leder efter en <strong>Komplet d\u00f8rlukkerl\u00f8sning til dobbeltd\u00f8re<\/strong> med koordinator og glideskinne. Du f\u00e5r en robust og p\u00e5lidelig l\u00f8sning, der hj\u00e6lper d\u00f8rbladene med at lukke i den korrekte r\u00e6kkef\u00f8lge og giver sikker funktion i kr\u00e6vende milj\u00f8er.<\/p>\n<div style=\"background: #f6f8fa;padding: 14px;border-radius: 6px;margin: 18px 0\"><strong>Har du brug for hj\u00e6lp til at v\u00e6lge den rigtige d\u00f8rlukker?<\/strong><br \/>\nSammenlign d\u00f8rtype, armtype og d\u00f8rbredde, eller se flere modeller i vores sortiment.<br \/>\n<a style=\"font-weight: bold\" href=\"https:\/\/secureus.se\/dk\/dorrstangare-kompletta\/\"><br \/>\nSe alle komplette d\u00f8rlukkere her \u2192<br \/>\n<\/a><\/div>","protected":false},"excerpt":{"rendered":"<p><strong>ASSA ABLOY DC700 dobbeltd\u00f8rss\u00e6t i s\u00f8lv<\/strong> med glideskinne G461 og indbygget koordinator til sikker og kontrolleret lukning af dobbeltd\u00f8re i indvendige d\u00f8re, yderd\u00f8re og brandd\u00f8re. S\u00e6ttet er tilpasset til <strong>dobbeltd\u00f8re<\/strong> og har <strong>lukkekraft EN 3-6<\/strong>.<\/p>\n<p>Pakken indeholder <strong>2 d\u00f8rlukkerhuse DC700, 2 monteringsplader A120 og glideskinne G461 med mekanisk d\u00f8rkoordinator<\/strong>. Et godt valg, n\u00e5r korrekt lukker\u00e6kkef\u00f8lge og sikker funktion er vigtig ved dobbeltd\u00f8re.<\/p>","protected":false},"featured_media":137745,"template":"","meta":{"_acf_changed":false},"product_brand":[],"product_cat":[3258,4864],"product_tag":[4863],"class_list":{"0":"post-91465","1":"product","2":"type-product","3":"status-publish","4":"has-post-thumbnail","6":"product_cat-dorrstangare","7":"product_cat-dorrstangare-kompletta","8":"product_tag-pf","9":"product_shipping_class-tunga-paket","10":"pa_brands-abloy","11":"tm-no-options","13":"first","14":"instock","15":"sale","16":"taxable","17":"shipping-taxable","18":"purchasable","19":"product-type-simple"},"acf":[],"_links":{"self":[{"href":"https:\/\/secureus.se\/dk\/wp-json\/wp\/v2\/product\/91465","targetHints":{"allow":["GET"]}}],"collection":[{"href":"https:\/\/secureus.se\/dk\/wp-json\/wp\/v2\/product"}],"about":[{"href":"https:\/\/secureus.se\/dk\/wp-json\/wp\/v2\/types\/product"}],"wp:featuredmedia":[{"embeddable":true,"href":"https:\/\/secureus.se\/dk\/wp-json\/wp\/v2\/media\/137745"}],"wp:attachment":[{"href":"https:\/\/secureus.se\/dk\/wp-json\/wp\/v2\/media?parent=91465"}],"wp:term":[{"taxonomy":"product_brand","embeddable":true,"href":"https:\/\/secureus.se\/dk\/wp-json\/wp\/v2\/product_brand?post=91465"},{"taxonomy":"product_cat","embeddable":true,"href":"https:\/\/secureus.se\/dk\/wp-json\/wp\/v2\/product_cat?post=91465"},{"taxonomy":"product_tag","embeddable":true,"href":"https:\/\/secureus.se\/dk\/wp-json\/wp\/v2\/product_tag?post=91465"}],"curies":[{"name":"wp","href":"https:\/\/api.w.org\/{rel}","templated":true}]}}