{"id":91525,"date":"2023-09-27T18:14:20","date_gmt":"2023-09-27T16:14:20","guid":{"rendered":"https:\/\/secureus.se\/elslutbleck-960m-rattvand-12-24v-kolvkontakt-5m-kabel\/"},"modified":"2026-03-25T15:40:14","modified_gmt":"2026-03-25T14:40:14","slug":"elslutbleck-960m-rattvand-12-24v-kolvkontakt-5m-kabel","status":"publish","type":"product","link":"https:\/\/secureus.se\/dk\/elslutbleck-960m-rattvand-12-24v-kolvkontakt-5m-kabel\/","title":{"rendered":"Elektrisk endeplade 960M H\u00f8jrevendt 12-24V Stempelstik 5m Kabel"},"content":{"rendered":"<h1>Elektrisk endeplade 960M H\u00f8jrevendt 12-24V Stempelstik 5m Kabel<\/h1>\n<p class=\"\" data-start=\"389\" data-end=\"582\">El-slutplade 960M med h\u00f8jrevendt funktion, 12-24V sp\u00e6nding, stempelkontakt og 5m kabel. Til d\u00f8re med h\u00f8je krav til sikkerhed og formtryk. Brandklasse E\/EI 120.<\/p>\n<p class=\"\" data-start=\"618\" data-end=\"1000\">Elektrisk sl\u00f8jd 960M er en elektrisk slisk designet til d\u00f8re med h\u00f8je krav til b\u00e5ndtryk og normale sikkerhedskrav.<\/p>\n<p class=\"\" data-start=\"618\" data-end=\"1000\">Denne model er s\u00e6rligt velegnet til brug i d\u00f8rsystemer, der anvendes til dagl\u00e5sning i skalsikring og indvendig afl\u00e5sning i handel, kontorer, industri samt i indgange og offentlige arealer i etageejendomme.<\/p>\n<p class=\"\" data-start=\"1002\" data-end=\"1433\">Med en h\u00f8jreh\u00e5ndsfunktion (l\u00e5st i tilf\u00e6lde af str\u00f8msvigt), en brudstyrke p\u00e5 1500 kg (15 kN) og en brandstyrke p\u00e5 op til E\/EI 120 er 960M velegnet til d\u00f8re, der uds\u00e6ttes for h\u00f8jere belastninger, herunder h\u00f8je b\u00e5ndtryk og milj\u00f8er med h\u00f8j \u00e5bnings- og lukkefrekvens.<\/p>\n<p class=\"\" data-start=\"1002\" data-end=\"1433\">Det elektriske slag er ogs\u00e5 designet til at modst\u00e5 st\u00f8d og st\u00f8d, hvilket g\u00f8r det til et p\u00e5lideligt valg til b\u00e5de kommercielle og industrielle milj\u00f8er.<\/p>\n<p class=\"\" data-start=\"1435\" data-end=\"1722\">Det elektriske 960M-stik er udstyret med en stempelkontakt og en ankerkontakt, og den er forsynet med et 5-meters tilslutningskabel for nem installation.<\/p>\n<p class=\"\" data-start=\"1435\" data-end=\"1722\">Den er velegnet til brug med enkelt- eller dobbeltl\u00e5se og er kompatibel med alle 900-seriens monteringsstolper.<\/p>\n<p class=\"\" data-start=\"1724\" data-end=\"1984\">Den patenterede b\u00e5ndtrykteknologi g\u00f8r, at d\u00f8ren kan \u00e5bnes, selv n\u00e5r den uds\u00e6ttes for b\u00e5ndtryk p\u00e5 op til 200 kg.<\/p>\n<p class=\"\" data-start=\"1724\" data-end=\"1984\">Den elektriske slagplade er robust, lavet af st\u00e5l og har en st\u00e5ltap, der sikrer h\u00f8j holdbarhed og lang levetid.<\/p>\n<p class=\"\" data-start=\"1986\" data-end=\"2016\">N\u00f8glefunktioner og fordele:<\/p>\n<ul data-start=\"2017\" data-end=\"2561\">\n<li class=\"\" data-start=\"2017\" data-end=\"2123\">\n<p class=\"\" data-start=\"2019\" data-end=\"2123\">Korrekt funktion: L\u00e5st ved str\u00f8msvigt, sikrer at d\u00f8ren forbliver l\u00e5st ved str\u00f8msvigt.<\/p>\n<\/li>\n<li class=\"\" data-start=\"2124\" data-end=\"2204\">\n<p class=\"\" data-start=\"2126\" data-end=\"2204\">Brudstyrke: H\u00f8j brudstyrke p\u00e5 1500 kg (15 kN) for ekstra sikkerhed.<\/p>\n<\/li>\n<li class=\"\" data-start=\"2205\" data-end=\"2275\">\n<p class=\"\" data-start=\"2207\" data-end=\"2275\">Brandklassificering: Godkendt til brandmodstandsdygtighed op til E\/EI 120.<\/p>\n<\/li>\n<li class=\"\" data-start=\"2276\" data-end=\"2355\">\n<p class=\"\" data-start=\"2278\" data-end=\"2355\">H\u00f8j st\u00f8d- og slagfasthed: Robust konstruktion, der kan modst\u00e5 h\u00e5rde milj\u00f8er.<\/p>\n<\/li>\n<li class=\"\" data-start=\"2356\" data-end=\"2419\">\n<p class=\"\" data-start=\"2358\" data-end=\"2419\">Striptryk: \u00c5bner selv ved stribetryk op til 200 kg.<\/p>\n<\/li>\n<li class=\"\" data-start=\"2420\" data-end=\"2488\">\n<p class=\"\" data-start=\"2422\" data-end=\"2488\">Stempelkontakt og ankerkontakt: Til p\u00e5lidelig og sikker drift.<\/p>\n<\/li>\n<li class=\"\" data-start=\"2489\" data-end=\"2561\">\n<p class=\"\" data-start=\"2491\" data-end=\"2561\">Langt kabel: 5 meter tilslutningskabel medf\u00f8lger for nem installation.<\/p>\n<\/li>\n<\/ul>\n<p class=\"\" data-start=\"2563\" data-end=\"2838\">Kompatibilitet: Passer til enkelt- eller dobbeltfl\u00f8jede l\u00e5se og er kompatibel med alle 900-seriens monteringsstolper.<\/p>\n<p class=\"\" data-start=\"2563\" data-end=\"2838\">Den er perfekt til brug i d\u00f8re med h\u00f8je sikkerhedskrav og st\u00f8betryk og kan bruges i b\u00e5de kommercielle og industrielle milj\u00f8er.<\/p>\n<p class=\"\" data-start=\"2840\" data-end=\"2869\">Tekniske specifikationer:<\/p>\n<ul data-start=\"2870\" data-end=\"3332\">\n<li class=\"\" data-start=\"2870\" data-end=\"2898\">\n<p class=\"\" data-start=\"2872\" data-end=\"2898\">Produktbredde: 26,5 mm<\/p>\n<\/li>\n<li class=\"\" data-start=\"2899\" data-end=\"2925\">\n<p class=\"\" data-start=\"2901\" data-end=\"2925\">Produkth\u00f8jde: 140 mm<\/p>\n<\/li>\n<li class=\"\" data-start=\"2926\" data-end=\"2951\">\n<p class=\"\" data-start=\"2928\" data-end=\"2951\">Produktdybde: 35 mm<\/p>\n<\/li>\n<li class=\"\" data-start=\"2952\" data-end=\"2977\">\n<p class=\"\" data-start=\"2954\" data-end=\"2977\">Kabell\u00e6ngde: 5 meter<\/p>\n<\/li>\n<li class=\"\" data-start=\"2978\" data-end=\"3027\">\n<p class=\"\" data-start=\"2980\" data-end=\"3027\">Str\u00f8mforsyning: 12-24V AC\/DC, +15% \/ -10%<\/p>\n<\/li>\n<li class=\"\" data-start=\"3028\" data-end=\"3070\">\n<p class=\"\" data-start=\"3030\" data-end=\"3070\">Brudstyrke maks.: 1500 kg (15 kN)<\/p>\n<\/li>\n<li class=\"\" data-start=\"3071\" data-end=\"3094\">\n<p class=\"\" data-start=\"3073\" data-end=\"3094\">Strimmeltryk: 200 kg<\/p>\n<\/li>\n<li class=\"\" data-start=\"3095\" data-end=\"3144\">\n<p class=\"\" data-start=\"3097\" data-end=\"3144\">Startstr\u00f8m ved 24V: 240mA, driftsstr\u00f8m 145mA<\/p>\n<\/li>\n<li class=\"\" data-start=\"3145\" data-end=\"3194\">\n<p class=\"\" data-start=\"3147\" data-end=\"3194\">Startstr\u00f8m ved 12V: 620mA, driftsstr\u00f8m 310mA<\/p>\n<\/li>\n<li class=\"\" data-start=\"3195\" data-end=\"3229\">\n<p class=\"\" data-start=\"3197\" data-end=\"3229\">Farve\/Overfladebehandling: Galvaniseret<\/p>\n<\/li>\n<li class=\"\" data-start=\"3230\" data-end=\"3251\">\n<p class=\"\" data-start=\"3232\" data-end=\"3251\">Stempelkontakt: Ja<\/p>\n<\/li>\n<li class=\"\" data-start=\"3252\" data-end=\"3278\">\n<p class=\"\" data-start=\"3254\" data-end=\"3278\">Sp\u00e6nding max: 27,6 V<\/p>\n<\/li>\n<li class=\"\" data-start=\"3279\" data-end=\"3305\">\n<p class=\"\" data-start=\"3281\" data-end=\"3305\">Sp\u00e6nding min: 10,8 V<\/p>\n<\/li>\n<li class=\"\" data-start=\"3306\" data-end=\"3332\">\n<p class=\"\" data-start=\"3308\" data-end=\"3332\">Brandklasse: E\/EI 120<\/p>\n<\/li>\n<\/ul>","protected":false},"excerpt":{"rendered":"<h5><a href=\"https:\/\/elslutblecksguiden.se\/\" target=\"_blank\" rel=\"noopener\">Vejledning til ASSA Elektriske l\u00e5se, motorl\u00e5se, Elektriske slutplader og udskiftningsguide<\/a><\/h5>","protected":false},"featured_media":138967,"template":"","meta":{"_acf_changed":false},"product_brand":[],"product_cat":[3355],"product_tag":[4196,4200,2967],"class_list":{"0":"post-91525","1":"product","2":"type-product","3":"status-publish","4":"has-post-thumbnail","6":"product_cat-elslutbleck","7":"product_tag-12-24v","8":"product_tag-rattvand","9":"product_tag-rg-assa-abloy","10":"product_shipping_class-tunga-paket","11":"pa_brands-abloy","12":"tm-no-options","14":"first","15":"instock","16":"sale","17":"taxable","18":"shipping-taxable","19":"purchasable","20":"product-type-simple"},"acf":[],"_links":{"self":[{"href":"https:\/\/secureus.se\/dk\/wp-json\/wp\/v2\/product\/91525","targetHints":{"allow":["GET"]}}],"collection":[{"href":"https:\/\/secureus.se\/dk\/wp-json\/wp\/v2\/product"}],"about":[{"href":"https:\/\/secureus.se\/dk\/wp-json\/wp\/v2\/types\/product"}],"wp:featuredmedia":[{"embeddable":true,"href":"https:\/\/secureus.se\/dk\/wp-json\/wp\/v2\/media\/138967"}],"wp:attachment":[{"href":"https:\/\/secureus.se\/dk\/wp-json\/wp\/v2\/media?parent=91525"}],"wp:term":[{"taxonomy":"product_brand","embeddable":true,"href":"https:\/\/secureus.se\/dk\/wp-json\/wp\/v2\/product_brand?post=91525"},{"taxonomy":"product_cat","embeddable":true,"href":"https:\/\/secureus.se\/dk\/wp-json\/wp\/v2\/product_cat?post=91525"},{"taxonomy":"product_tag","embeddable":true,"href":"https:\/\/secureus.se\/dk\/wp-json\/wp\/v2\/product_tag?post=91525"}],"curies":[{"name":"wp","href":"https:\/\/api.w.org\/{rel}","templated":true}]}}