{"id":91529,"date":"2023-09-27T18:14:14","date_gmt":"2023-09-27T16:14:14","guid":{"rendered":"https:\/\/secureus.se\/elslutbleck-14-rattvand-24v\/"},"modified":"2026-04-08T15:57:17","modified_gmt":"2026-04-08T13:57:17","slug":"elslutbleck-14-rattvand-24v","status":"publish","type":"product","link":"https:\/\/secureus.se\/dk\/elslutbleck-14-rattvand-24v\/","title":{"rendered":"El-slutplade 14 H\u00f8jrevendt 24V"},"content":{"rendered":"<h1>El-slutplade 14 H\u00f8jrevendt 24V<\/h1>\n<div>\n<p>Elektrisk lukkeplade 14 H\u00f8jrevendt 24V, til d\u00f8re med lave sikkerhedskrav. H\u00f8jrevendt funktion, brudstyrke 400 kg, og velegnet til indvendig afl\u00e5sning i handel, kontor og industri.<\/p>\n<p class=\"\" data-start=\"599\" data-end=\"974\">Elektrisk slutplade 14 H\u00f8jrevendt 24V er en elektrisk slutplade designet til d\u00f8re med lave sikkerhedskrav, hvilket g\u00f8r den til en perfekt l\u00f8sning til indvendig afl\u00e5sning i handel, kontorer og industri.<\/p>\n<p class=\"\" data-start=\"599\" data-end=\"974\">Det tilbyder en p\u00e5lidelig og omkostningseffektiv l\u00f8sning til d\u00f8re, der ikke kr\u00e6ver avanceret sikkerhed, men som stadig har brug for et p\u00e5lideligt l\u00e5sesystem.<\/p>\n<p class=\"\" data-start=\"976\" data-end=\"1594\">Denne elektriske slutplade har en omvendt funktion, hvilket betyder, at d\u00f8ren l\u00e5ses i tilf\u00e6lde af str\u00f8msvigt, hvilket \u00f8ger sikkerheden ved at sikre, at d\u00f8ren forbliver l\u00e5st, selvom str\u00f8mmen g\u00e5r.<\/p>\n<p class=\"\" data-start=\"976\" data-end=\"1594\">Den er fremstillet med et drejehus i st\u00e5l og et l\u00e5sehus af zinklegering, hvilket giver en solid konstruktion for lang holdbarhed. Med en brudstyrke p\u00e5 4000 N (400 kg) er den st\u00e6rk nok til at blive brugt i d\u00f8re, hvor sikkerheden ikke beh\u00f8ver at v\u00e6re lige s\u00e5 streng som brandcelle-skilled\u00f8re.<\/p>\n<p class=\"\" data-start=\"976\" data-end=\"1594\">Det er vigtigt at bem\u00e6rke, at denne elektriske slutplade ALDRIG m\u00e5 bruges i brandsektions-skilled\u00f8re.<\/p>\n<p class=\"\" data-start=\"1596\" data-end=\"1968\">Den er velegnet til at blive brugt i kombination med enkelt- eller dobbeltfl\u00f8jede l\u00e5se og giver en effektiv l\u00f8sning til daglig brug i milj\u00f8er, der ikke kr\u00e6ver avancerede sikkerhedsl\u00f8sninger.<\/p>\n<p class=\"\" data-start=\"1596\" data-end=\"1968\">For optimeret ydeevne anbefales det, at beskyttelsesdioden (f.eks. 1N4004) monteres t\u00e6t p\u00e5 spolen p\u00e5 den elektriske termineringsplade for at beskytte styreelektronikken mod mulige sp\u00e6ndingsspidser.<\/p>\n<p class=\"\" data-start=\"1970\" data-end=\"2000\">N\u00f8glefunktioner og fordele:<\/p>\n<ul data-start=\"2001\" data-end=\"2388\">\n<li class=\"\" data-start=\"2001\" data-end=\"2071\">\n<p class=\"\" data-start=\"2003\" data-end=\"2071\">Korrekt funktion: L\u00e5st i tilf\u00e6lde af str\u00f8msvigt for \u00f8get sikkerhed.<\/p>\n<\/li>\n<li class=\"\" data-start=\"2072\" data-end=\"2135\">\n<p class=\"\" data-start=\"2074\" data-end=\"2135\">Drejekasse i st\u00e5l: Robust konstruktion for lang holdbarhed.<\/p>\n<\/li>\n<li class=\"\" data-start=\"2136\" data-end=\"2216\">\n<p class=\"\" data-start=\"2138\" data-end=\"2216\">Brudstyrke: Holder op til 4000 N (400 kg) for p\u00e5lidelig l\u00e5sning.<\/p>\n<\/li>\n<li class=\"\" data-start=\"2217\" data-end=\"2295\">\n<p class=\"\" data-start=\"2219\" data-end=\"2295\">Kompatibilitet: Velegnet til brug med enkelt- eller dobbeltfaldsl\u00e5se.<\/p>\n<\/li>\n<li class=\"\" data-start=\"2296\" data-end=\"2388\">\n<p class=\"\" data-start=\"2298\" data-end=\"2388\">Ikke til brandcelle-skilled\u00f8re: Ikke egnet til brug i brandcelle-skilled\u00f8re.<\/p>\n<\/li>\n<\/ul>\n<p class=\"\" data-start=\"2390\" data-end=\"2419\">Tekniske specifikationer:<\/p>\n<ul data-start=\"2420\" data-end=\"2711\">\n<li class=\"\" data-start=\"2420\" data-end=\"2448\">\n<p class=\"\" data-start=\"2422\" data-end=\"2448\">Sp\u00e6nding: 24VDC \u00b110%<\/p>\n<\/li>\n<li class=\"\" data-start=\"2449\" data-end=\"2481\">\n<p class=\"\" data-start=\"2451\" data-end=\"2481\">Str\u00f8mforbrug: 0-110 mA<\/p>\n<\/li>\n<li class=\"\" data-start=\"2482\" data-end=\"2592\">\n<p class=\"\" data-start=\"2484\" data-end=\"2592\">Beskyttelsesdiode: Det anbefales at bruge en beskyttelsesdiode i n\u00e6rheden af den elektriske slutspole for at beskytte elektronikken.<\/p>\n<\/li>\n<li class=\"\" data-start=\"2593\" data-end=\"2635\">\n<p class=\"\" data-start=\"2595\" data-end=\"2635\">Brudstyrke maks.: 4000 N (400 kg)<\/p>\n<\/li>\n<li class=\"\" data-start=\"2636\" data-end=\"2656\">\n<p class=\"\" data-start=\"2638\" data-end=\"2656\">Torsion: St\u00e5l<\/p>\n<\/li>\n<li class=\"\" data-start=\"2657\" data-end=\"2683\">\n<p class=\"\" data-start=\"2659\" data-end=\"2683\">L\u00e5selegeme: Zinklegering<\/p>\n<\/li>\n<li class=\"\" data-start=\"2684\" data-end=\"2711\">\n<p class=\"\" data-start=\"2686\" data-end=\"2711\">Driftssp\u00e6nding: 24 VDC<\/p>\n<\/li>\n<\/ul>\n<\/div>","protected":false},"excerpt":{"rendered":"<h5><a href=\"https:\/\/elslutblecksguiden.se\/\" target=\"_blank\" rel=\"noopener\">Vejledning til ASSA Elektriske l\u00e5se, motorl\u00e5se, Elektriske slutplader og udskiftningsguide<\/a><\/h5>","protected":false},"featured_media":159496,"template":"","meta":{"_acf_changed":false},"product_brand":[],"product_cat":[3355],"product_tag":[4197,4200,2967],"class_list":{"0":"post-91529","1":"product","2":"type-product","3":"status-publish","4":"has-post-thumbnail","6":"product_cat-elslutbleck","7":"product_tag-24v","8":"product_tag-rattvand","9":"product_tag-rg-assa-abloy","10":"product_shipping_class-tunga-paket","11":"pa_brands-abloy","12":"tm-no-options","14":"first","15":"instock","16":"sale","17":"taxable","18":"shipping-taxable","19":"purchasable","20":"product-type-simple"},"acf":[],"_links":{"self":[{"href":"https:\/\/secureus.se\/dk\/wp-json\/wp\/v2\/product\/91529","targetHints":{"allow":["GET"]}}],"collection":[{"href":"https:\/\/secureus.se\/dk\/wp-json\/wp\/v2\/product"}],"about":[{"href":"https:\/\/secureus.se\/dk\/wp-json\/wp\/v2\/types\/product"}],"wp:featuredmedia":[{"embeddable":true,"href":"https:\/\/secureus.se\/dk\/wp-json\/wp\/v2\/media\/159496"}],"wp:attachment":[{"href":"https:\/\/secureus.se\/dk\/wp-json\/wp\/v2\/media?parent=91529"}],"wp:term":[{"taxonomy":"product_brand","embeddable":true,"href":"https:\/\/secureus.se\/dk\/wp-json\/wp\/v2\/product_brand?post=91529"},{"taxonomy":"product_cat","embeddable":true,"href":"https:\/\/secureus.se\/dk\/wp-json\/wp\/v2\/product_cat?post=91529"},{"taxonomy":"product_tag","embeddable":true,"href":"https:\/\/secureus.se\/dk\/wp-json\/wp\/v2\/product_tag?post=91529"}],"curies":[{"name":"wp","href":"https:\/\/api.w.org\/{rel}","templated":true}]}}