{"id":91531,"date":"2023-09-27T18:14:11","date_gmt":"2023-09-27T16:14:11","guid":{"rendered":"https:\/\/secureus.se\/elslutbleck-5114-omvand-24v-kolvkontakt\/"},"modified":"2026-04-08T15:56:15","modified_gmt":"2026-04-08T13:56:15","slug":"elslutbleck-5114-omvand-24v-kolvkontakt","status":"publish","type":"product","link":"https:\/\/secureus.se\/dk\/elslutbleck-5114-omvand-24v-kolvkontakt\/","title":{"rendered":"Elektrisk endeplade 5114 Omvendt 24V Stempelkontakt"},"content":{"rendered":"<h1>Elektrisk endeplade 5114 Omvendt 24V Stempelkontakt<\/h1>\n<p class=\"\" data-start=\"399\" data-end=\"589\">Elbl\u00e6nde 5114 Reverse 24V med stempelkontakt, til d\u00f8re med lave sikkerhedskrav i handel, kontorer og industri. Ul\u00e5st ved str\u00f8msvigt, brudstyrke 400 kg.<\/p>\n<p class=\"\" data-start=\"625\" data-end=\"1023\">Electric Strike 5114 Reverse 24V Piston Contact er et elektrisk slutstykke, der er perfekt til d\u00f8re med lave sikkerhedskrav, hvilket g\u00f8r det ideelt til brug i handel, kontorer og industri.<\/p>\n<p class=\"\" data-start=\"625\" data-end=\"1023\">Den er velegnet til indvendig l\u00e5sning, hvor et p\u00e5lideligt og omkostningseffektivt l\u00e5sesystem er et krav, men hvor sikkerheden ikke beh\u00f8ver at v\u00e6re lige s\u00e5 stram som i mere udsatte omgivelser.<\/p>\n<p class=\"\" data-start=\"1025\" data-end=\"1532\">Denne elektriske sl\u00f8jfe har en omvendt funktion, hvilket betyder, at d\u00f8ren l\u00e5ses op i tilf\u00e6lde af str\u00f8msvigt. Det g\u00f8r det til en praktisk l\u00f8sning i situationer, hvor d\u00f8ren skal l\u00e5ses op ved str\u00f8mafbrydelse.<\/p>\n<p class=\"\" data-start=\"1025\" data-end=\"1532\">Det elektriske slag er lavet med en st\u00e5ltap og et l\u00e5sehus af zinklegering, hvilket g\u00f8r det til et robust og holdbart produkt, der kan modst\u00e5 langtidsbrug.<\/p>\n<p class=\"\" data-start=\"1025\" data-end=\"1532\">Med en brudstyrke p\u00e5 4000 N (400 kg) er den st\u00e6rk nok til brug i mange d\u00f8re, der kr\u00e6ver p\u00e5lidelig l\u00e5sning.<\/p>\n<p class=\"\" data-start=\"1534\" data-end=\"1822\">Electric strike 5114 Reverse 24V Stempelkontakt kan bruges i kombination med enkelt- eller dobbeltl\u00e5se, og den kan ogs\u00e5 leveres med mikroswitch og l\u00e5sestempelkontakt, hvilket g\u00f8r det muligt at integrere den i et automatisk l\u00e5sesystem eller med andre sikkerhedsl\u00f8sninger.<\/p>\n<p class=\"\" data-start=\"1824\" data-end=\"1854\">N\u00f8glefunktioner og fordele:<\/p>\n<ul data-start=\"1855\" data-end=\"2374\">\n<li class=\"\" data-start=\"1855\" data-end=\"1930\">\n<p class=\"\" data-start=\"1857\" data-end=\"1930\">Omvendt funktion: L\u00e5ses op i tilf\u00e6lde af str\u00f8msvigt for fleksibel brug.<\/p>\n<\/li>\n<li class=\"\" data-start=\"1931\" data-end=\"2006\">\n<p class=\"\" data-start=\"1933\" data-end=\"2006\">Brudstyrke: Holder op til 4000 N (400 kg) for p\u00e5lidelig l\u00e5sning.<\/p>\n<\/li>\n<li class=\"\" data-start=\"2007\" data-end=\"2084\">\n<p class=\"\" data-start=\"2009\" data-end=\"2084\">St\u00e5l torsionsstang: Holdbar og slidst\u00e6rk konstruktion for lang levetid.<\/p>\n<\/li>\n<li class=\"\" data-start=\"2085\" data-end=\"2163\">\n<p class=\"\" data-start=\"2087\" data-end=\"2163\">Kompatibilitet: Velegnet til brug med enkelt- eller dobbeltfaldsl\u00e5se.<\/p>\n<\/li>\n<li class=\"\" data-start=\"2164\" data-end=\"2281\">\n<p class=\"\" data-start=\"2166\" data-end=\"2281\">Kan leveres med mikroswitch og l\u00e5sestempelkontakt: For at \u00f8ge fleksibiliteten og sikkerheden i installationen.<\/p>\n<\/li>\n<li class=\"\" data-start=\"2282\" data-end=\"2374\">\n<p class=\"\" data-start=\"2284\" data-end=\"2374\">Ikke til brandcelle-skilled\u00f8re: Ikke egnet til brug i brandcelle-skilled\u00f8re.<\/p>\n<\/li>\n<\/ul>\n<p class=\"\" data-start=\"2376\" data-end=\"2405\">Tekniske specifikationer:<\/p>\n<ul data-start=\"2406\" data-end=\"2719\">\n<li class=\"\" data-start=\"2406\" data-end=\"2434\">\n<p class=\"\" data-start=\"2408\" data-end=\"2434\">Sp\u00e6nding: 24VDC \u00b110%<\/p>\n<\/li>\n<li class=\"\" data-start=\"2435\" data-end=\"2467\">\n<p class=\"\" data-start=\"2437\" data-end=\"2467\">Str\u00f8mforbrug: 0-110 mA<\/p>\n<\/li>\n<li class=\"\" data-start=\"2468\" data-end=\"2510\">\n<p class=\"\" data-start=\"2470\" data-end=\"2510\">Brudstyrke maks.: 4000 N (400 kg)<\/p>\n<\/li>\n<li class=\"\" data-start=\"2511\" data-end=\"2531\">\n<p class=\"\" data-start=\"2513\" data-end=\"2531\">Torsion: St\u00e5l<\/p>\n<\/li>\n<li class=\"\" data-start=\"2532\" data-end=\"2558\">\n<p class=\"\" data-start=\"2534\" data-end=\"2558\">L\u00e5selegeme: Zinklegering<\/p>\n<\/li>\n<li class=\"\" data-start=\"2559\" data-end=\"2586\">\n<p class=\"\" data-start=\"2561\" data-end=\"2586\">Driftssp\u00e6nding: 24 VDC<\/p>\n<\/li>\n<li class=\"\" data-start=\"2587\" data-end=\"2608\">\n<p class=\"\" data-start=\"2589\" data-end=\"2608\">Stempelkontakt: Ja<\/p>\n<\/li>\n<li class=\"\" data-start=\"2609\" data-end=\"2719\">\n<p class=\"\" data-start=\"2611\" data-end=\"2719\">Beskyttelsesdiode: Det anbefales at bruge en beskyttelsesdiode i n\u00e6rheden af den elektriske slutspole for at beskytte elektronikken.<\/p>\n<\/li>\n<\/ul>\n<div>\n<p>&nbsp;<\/p>\n<\/div>","protected":false},"excerpt":{"rendered":"<h5><a href=\"https:\/\/elslutblecksguiden.se\/\" target=\"_blank\" rel=\"noopener\">Vejledning til ASSA Elektriske l\u00e5se, motorl\u00e5se, Elektriske slutplader og udskiftningsguide<\/a><\/h5>","protected":false},"featured_media":139039,"template":"","meta":{"_acf_changed":false},"product_brand":[],"product_cat":[3355],"product_tag":[4197,4201,2967],"class_list":{"0":"post-91531","1":"product","2":"type-product","3":"status-publish","4":"has-post-thumbnail","6":"product_cat-elslutbleck","7":"product_tag-24v","8":"product_tag-omvand","9":"product_tag-rg-assa-abloy","10":"product_shipping_class-tunga-paket","11":"pa_brands-abloy","12":"tm-no-options","14":"first","15":"onbackorder","16":"sale","17":"taxable","18":"shipping-taxable","19":"purchasable","20":"product-type-simple"},"acf":[],"_links":{"self":[{"href":"https:\/\/secureus.se\/dk\/wp-json\/wp\/v2\/product\/91531","targetHints":{"allow":["GET"]}}],"collection":[{"href":"https:\/\/secureus.se\/dk\/wp-json\/wp\/v2\/product"}],"about":[{"href":"https:\/\/secureus.se\/dk\/wp-json\/wp\/v2\/types\/product"}],"wp:featuredmedia":[{"embeddable":true,"href":"https:\/\/secureus.se\/dk\/wp-json\/wp\/v2\/media\/139039"}],"wp:attachment":[{"href":"https:\/\/secureus.se\/dk\/wp-json\/wp\/v2\/media?parent=91531"}],"wp:term":[{"taxonomy":"product_brand","embeddable":true,"href":"https:\/\/secureus.se\/dk\/wp-json\/wp\/v2\/product_brand?post=91531"},{"taxonomy":"product_cat","embeddable":true,"href":"https:\/\/secureus.se\/dk\/wp-json\/wp\/v2\/product_cat?post=91531"},{"taxonomy":"product_tag","embeddable":true,"href":"https:\/\/secureus.se\/dk\/wp-json\/wp\/v2\/product_tag?post=91531"}],"curies":[{"name":"wp","href":"https:\/\/api.w.org\/{rel}","templated":true}]}}