{"id":91532,"date":"2023-09-27T18:14:09","date_gmt":"2023-09-27T16:14:09","guid":{"rendered":"https:\/\/secureus.se\/elslutbleck-570-rattvand-24v-kolvkontakt\/"},"modified":"2026-03-25T15:40:35","modified_gmt":"2026-03-25T14:40:35","slug":"elslutbleck-570-rattvand-24v-kolvkontakt","status":"publish","type":"product","link":"https:\/\/secureus.se\/dk\/elslutbleck-570-rattvand-24v-kolvkontakt\/","title":{"rendered":"Elektrisk endeplade 570 H\u00f8jrevendt 24V Stempelkontakt"},"content":{"rendered":"<div>\n<div>\n<h1>Elektrisk endeplade 570 H\u00f8jrevendt 24V Stempelkontakt<\/h1>\n<p class=\"\" data-start=\"392\" data-end=\"603\">El-slutplade 570 H\u00f8jre 24V med stempelkontakt, til d\u00f8re med normale sikkerhedskrav. Velegnet til skalbeskyttelse, indvendig afl\u00e5sning og indgange. Brudstyrke 700 kg, til enkelt- og dobbeltl\u00e5se.<\/p>\n<p class=\"\" data-start=\"639\" data-end=\"1164\">Electric Strike 570 h\u00f8jreh\u00e5ndet 24V stempelkontakt er en standard elektrisk slutb\u00f8jle designet til brug i d\u00f8re med normale sikkerhedskrav, hvilket g\u00f8r den til et fremragende valg til skalbeskyttelse, intern l\u00e5sning og indgange i detail-, kontor-, industri- og offentlige omr\u00e5der i flerfamiliehuse.<\/p>\n<p class=\"\" data-start=\"639\" data-end=\"1164\">Det elektriske slutstykke er designet til at blive brugt i kombination med sammenl\u00e5ste enkelt- eller dobbeltl\u00e5se, hvilket g\u00f8r det til en alsidig l\u00f8sning til forskellige d\u00f8rkonfigurationer og sikkerhedskrav.<\/p>\n<p class=\"\" data-start=\"1166\" data-end=\"1504\">En af de fremragende egenskaber er den fejlsikre funktion, som betyder, at d\u00f8ren l\u00e5ses i tilf\u00e6lde af str\u00f8msvigt, hvilket giver ekstra sikkerhed.<\/p>\n<p class=\"\" data-start=\"1166\" data-end=\"1504\">Electric strike 570 er udstyret med en stempelkontakt for at muligg\u00f8re indikationer, n\u00e5r d\u00f8ren er lukket\/\u00e5ben, hvilket giver et godt sikkerhedskomplement til automatiske l\u00e5sesystemer.<\/p>\n<p class=\"\" data-start=\"1506\" data-end=\"1923\">Dette elektriske slag er konstrueret med en drejel\u00e5s af bronze og et l\u00e5sehus af zinklegering, der giver h\u00f8j slidstyrke og st\u00f8dmodstand for at sikre lang holdbarhed og p\u00e5lidelighed over mange \u00e5bningscyklusser.<\/p>\n<p class=\"\" data-start=\"1506\" data-end=\"1923\">Med en brudstyrke p\u00e5 700 kg (7 kN) er den st\u00e6rk nok til at modst\u00e5 belastningerne i milj\u00f8er med stor trafik, hvilket g\u00f8r den velegnet til d\u00f8re, der ofte er i brug.<\/p>\n<p class=\"\" data-start=\"1925\" data-end=\"1955\">N\u00f8glefunktioner og fordele:<\/p>\n<ul data-start=\"1956\" data-end=\"2348\">\n<li class=\"\" data-start=\"1956\" data-end=\"2026\">\n<p class=\"\" data-start=\"1958\" data-end=\"2026\">Korrekt funktion: L\u00e5st i tilf\u00e6lde af str\u00f8msvigt for \u00f8get sikkerhed.<\/p>\n<\/li>\n<li class=\"\" data-start=\"2027\" data-end=\"2107\">\n<p class=\"\" data-start=\"2029\" data-end=\"2107\">Brudstyrke: 700 kg (7 kN), hvilket sikrer holdbarhed og p\u00e5lidelighed.<\/p>\n<\/li>\n<li class=\"\" data-start=\"2108\" data-end=\"2192\">\n<p class=\"\" data-start=\"2110\" data-end=\"2192\">Bronze drejetap og zinklegering l\u00e5sehus: Giver lang levetid og holdbarhed.<\/p>\n<\/li>\n<li class=\"\" data-start=\"2193\" data-end=\"2271\">\n<p class=\"\" data-start=\"2195\" data-end=\"2271\">Stempelkontakt: Aktiverer indikationer for at signalere lukket\/\u00e5ben d\u00f8r.<\/p>\n<\/li>\n<li class=\"\" data-start=\"2272\" data-end=\"2348\">\n<p class=\"\" data-start=\"2274\" data-end=\"2348\">H\u00f8j slag- og vibrationsbestandighed: For \u00f8get modstandsdygtighed over for stress.<\/p>\n<\/li>\n<\/ul>\n<p class=\"\" data-start=\"2350\" data-end=\"2379\">Tekniske specifikationer:<\/p>\n<ul data-start=\"2380\" data-end=\"2722\">\n<li class=\"\" data-start=\"2380\" data-end=\"2408\">\n<p class=\"\" data-start=\"2382\" data-end=\"2408\">Sp\u00e6nding: 24VDC \u00b110%<\/p>\n<\/li>\n<li class=\"\" data-start=\"2409\" data-end=\"2449\">\n<p class=\"\" data-start=\"2411\" data-end=\"2449\">Str\u00f8mforbrug: 185 mA under drift<\/p>\n<\/li>\n<li class=\"\" data-start=\"2450\" data-end=\"2485\">\n<p class=\"\" data-start=\"2452\" data-end=\"2485\">Brudstyrke maks.: 700 kg (7 kN)<\/p>\n<\/li>\n<li class=\"\" data-start=\"2486\" data-end=\"2542\">\n<p class=\"\" data-start=\"2488\" data-end=\"2542\">L\u00e5sehus og drejel\u00e5s: St\u00e5l (bronze og zinklegering)<\/p>\n<\/li>\n<li class=\"\" data-start=\"2543\" data-end=\"2570\">\n<p class=\"\" data-start=\"2545\" data-end=\"2570\">Driftssp\u00e6nding: 24 VDC<\/p>\n<\/li>\n<li class=\"\" data-start=\"2571\" data-end=\"2592\">\n<p class=\"\" data-start=\"2573\" data-end=\"2592\">Stempelkontakt: Ja<\/p>\n<\/li>\n<li class=\"\" data-start=\"2593\" data-end=\"2674\">\n<p class=\"\" data-start=\"2595\" data-end=\"2674\">Beskyttelsesdiode: Det anbefales at bruge en beskyttelsesdiode i n\u00e6rheden af den elektriske slutspole.<\/p>\n<\/li>\n<li class=\"\" data-start=\"2675\" data-end=\"2722\">\n<p class=\"\" data-start=\"2677\" data-end=\"2722\"><strong data-start=\"2677\" data-end=\"2696\">Kompatibilitet:<\/strong> Enkelt- eller dobbeltfl\u00f8jet l\u00e5s<\/p>\n<\/li>\n<\/ul>\n<\/div>\n<div><\/div>\n<\/div>","protected":false},"excerpt":{"rendered":"<h5><a href=\"https:\/\/elslutblecksguiden.se\/\" target=\"_blank\" rel=\"noopener\">Vejledning til ASSA Elektriske l\u00e5se, motorl\u00e5se, Elektriske slutplader og udskiftningsguide<\/a><\/h5>","protected":false},"featured_media":159497,"template":"","meta":{"_acf_changed":false},"product_brand":[],"product_cat":[3355],"product_tag":[4197,4200,2967],"class_list":{"0":"post-91532","1":"product","2":"type-product","3":"status-publish","4":"has-post-thumbnail","6":"product_cat-elslutbleck","7":"product_tag-24v","8":"product_tag-rattvand","9":"product_tag-rg-assa-abloy","10":"product_shipping_class-tunga-paket","11":"pa_brands-abloy","12":"tm-no-options","14":"first","15":"instock","16":"sale","17":"taxable","18":"shipping-taxable","19":"purchasable","20":"product-type-simple"},"acf":[],"_links":{"self":[{"href":"https:\/\/secureus.se\/dk\/wp-json\/wp\/v2\/product\/91532","targetHints":{"allow":["GET"]}}],"collection":[{"href":"https:\/\/secureus.se\/dk\/wp-json\/wp\/v2\/product"}],"about":[{"href":"https:\/\/secureus.se\/dk\/wp-json\/wp\/v2\/types\/product"}],"wp:featuredmedia":[{"embeddable":true,"href":"https:\/\/secureus.se\/dk\/wp-json\/wp\/v2\/media\/159497"}],"wp:attachment":[{"href":"https:\/\/secureus.se\/dk\/wp-json\/wp\/v2\/media?parent=91532"}],"wp:term":[{"taxonomy":"product_brand","embeddable":true,"href":"https:\/\/secureus.se\/dk\/wp-json\/wp\/v2\/product_brand?post=91532"},{"taxonomy":"product_cat","embeddable":true,"href":"https:\/\/secureus.se\/dk\/wp-json\/wp\/v2\/product_cat?post=91532"},{"taxonomy":"product_tag","embeddable":true,"href":"https:\/\/secureus.se\/dk\/wp-json\/wp\/v2\/product_tag?post=91532"}],"curies":[{"name":"wp","href":"https:\/\/api.w.org\/{rel}","templated":true}]}}