{"id":91533,"date":"2023-09-27T18:14:08","date_gmt":"2023-09-27T16:14:08","guid":{"rendered":"https:\/\/secureus.se\/elslutbleck-5131-rattvand-24v-kolvkontakt\/"},"modified":"2026-03-25T15:40:40","modified_gmt":"2026-03-25T14:40:40","slug":"elslutbleck-5131-rattvand-24v-kolvkontakt","status":"publish","type":"product","link":"https:\/\/secureus.se\/dk\/elslutbleck-5131-rattvand-24v-kolvkontakt\/","title":{"rendered":"Elektrisk termineringsplade 5131 H\u00f8jrevendt 24V Stempelkontakt"},"content":{"rendered":"<div><\/div>\n<div>\n<h1>Elektrisk termineringsplade 5131 H\u00f8jrevendt 24V Stempelkontakt<\/h1>\n<p>Elektrisk slutplade 5131 H\u00f8jrevendt 24V Stempelkontakt til h\u00f8jfrekvente d\u00f8re inden for handel, industri og skalbeskyttelse. Brudstyrke 1500 kg, garanterer \u00e5bning ved et l\u00e5setryk p\u00e5 25 kg. H\u00f8j sikkerhed og lang holdbarhed.<\/p>\n<p class=\"\" data-start=\"687\" data-end=\"1229\">Elektrisk sl\u00f8jd 5131 H\u00f8jrevendt 24V Stempelkontakt er en ekstra st\u00e6rk elektrisk sl\u00f8jd fra ASSA ABLOY designet til h\u00f8jfrekvente d\u00f8re, der stiller h\u00f8je krav til slidstyrke og brudstyrke.<\/p>\n<p class=\"\" data-start=\"687\" data-end=\"1229\">Perfekt til brug i indhegninger, indgange, porte og offentlige omr\u00e5der i handel, kontorer, industri og multi-familie bygninger.<\/p>\n<p class=\"\" data-start=\"687\" data-end=\"1229\">Denne elektriske slagplade er designet til at passe til enkelt- og dobbeltl\u00e5sel\u00e5se og er ideel til dagl\u00e5sning i d\u00f8re, hvor der opst\u00e5r h\u00f8je sikkerhedskrav og hyppig brug.<\/p>\n<p class=\"\" data-start=\"1231\" data-end=\"1581\">Med en brudstyrke p\u00e5 1500 kg (15 kN) og evnen til at garantere \u00e5bning p\u00e5 trods af et b\u00e5ndtryk p\u00e5 op til 250 N (25 kg), tilbyder dette elektriske stift overlegen p\u00e5lidelighed og sikkerhed selv under h\u00e5rde forhold.<\/p>\n<p class=\"\" data-start=\"1231\" data-end=\"1581\">Dens omvendte funktion betyder, at d\u00f8ren l\u00e5ses i str\u00f8ml\u00f8s position, hvilket giver \u00f8get sikkerhed ved str\u00f8mafbrydelse.<\/p>\n<p class=\"\" data-start=\"1583\" data-end=\"1613\">N\u00f8glefunktioner og fordele:<\/p>\n<ul data-start=\"1614\" data-end=\"2005\">\n<li class=\"\" data-start=\"1614\" data-end=\"1696\">\n<p class=\"\" data-start=\"1616\" data-end=\"1696\">Korrekt funktion: L\u00e5st i tilf\u00e6lde af str\u00f8msvigt for sikkerhed i tilf\u00e6lde af str\u00f8mafbrydelse.<\/p>\n<\/li>\n<li class=\"\" data-start=\"1697\" data-end=\"1773\">\n<p class=\"\" data-start=\"1699\" data-end=\"1773\">L\u00e5seboltkontakt: For sikker indikation af om d\u00f8ren er lukket eller \u00e5ben.<\/p>\n<\/li>\n<li class=\"\" data-start=\"1774\" data-end=\"1835\">\n<p class=\"\" data-start=\"1776\" data-end=\"1835\">H\u00f8j brudstyrke: 1500 kg (15 kN) for maksimal holdbarhed.<\/p>\n<\/li>\n<li class=\"\" data-start=\"1836\" data-end=\"1913\">\n<p class=\"\" data-start=\"1838\" data-end=\"1913\">Anti-shake: For \u00f8get sikkerhed og modstand mod ydre p\u00e5virkninger.<\/p>\n<\/li>\n<li class=\"\" data-start=\"1914\" data-end=\"2005\">\n<p class=\"\" data-start=\"1916\" data-end=\"2005\">Lang holdbarhed: T\u00e5ler millioner af \u00e5bningscyklusser, perfekt til d\u00f8re med h\u00f8j trafik.<\/p>\n<\/li>\n<\/ul>\n<p class=\"\" data-start=\"2007\" data-end=\"2024\">Tekniske data:<\/p>\n<ul data-start=\"2025\" data-end=\"2450\">\n<li class=\"\" data-start=\"2025\" data-end=\"2054\">\n<p class=\"\" data-start=\"2027\" data-end=\"2054\">Sp\u00e6nding: 24 VDC \u00b1 10 %<\/p>\n<\/li>\n<li class=\"\" data-start=\"2055\" data-end=\"2117\">\n<p class=\"\" data-start=\"2057\" data-end=\"2117\">Str\u00f8mforbrug: 240 mA (start), 145 mA (drift) ved 24V<\/p>\n<\/li>\n<li class=\"\" data-start=\"2118\" data-end=\"2151\">\n<p class=\"\" data-start=\"2120\" data-end=\"2151\">Brudstyrke: 1500 kg (15 kN)<\/p>\n<\/li>\n<li class=\"\" data-start=\"2152\" data-end=\"2182\">\n<p class=\"\" data-start=\"2154\" data-end=\"2182\">Strimmeltryk: 250 N (25 kg)<\/p>\n<\/li>\n<li class=\"\" data-start=\"2183\" data-end=\"2237\">\n<p class=\"\" data-start=\"2185\" data-end=\"2237\">Mikroswitch: Enkeltpolet omskiftning, max. 30VDC, 1A<\/p>\n<\/li>\n<li class=\"\" data-start=\"2238\" data-end=\"2285\">\n<p class=\"\" data-start=\"2240\" data-end=\"2285\">Kompatibilitet: Enkeltfejlsl\u00e5s, Dobbeltfejlsl\u00e5s<\/p>\n<\/li>\n<li class=\"\" data-start=\"2286\" data-end=\"2307\">\n<p class=\"\" data-start=\"2288\" data-end=\"2307\">Stempelkontakt: Ja<\/p>\n<\/li>\n<li class=\"\" data-start=\"2308\" data-end=\"2354\">\n<p class=\"\" data-start=\"2310\" data-end=\"2354\">Beskyttelsesdiode: Anbefalet (f.eks. 1N4004)<\/p>\n<\/li>\n<li class=\"\" data-start=\"2355\" data-end=\"2387\">\n<p class=\"\" data-start=\"2357\" data-end=\"2387\">Farve\/finish: Rustfrit st\u00e5l<\/p>\n<\/li>\n<li class=\"\" data-start=\"2388\" data-end=\"2412\">\n<p class=\"\" data-start=\"2390\" data-end=\"2412\">Driftssp\u00e6nding: 24V<\/p>\n<\/li>\n<li class=\"\" data-start=\"2413\" data-end=\"2450\">\n<p class=\"\" data-start=\"2415\" data-end=\"2450\">Sp\u00e6nding max\/min: 26,4V \/ 21,6V<\/p>\n<\/li>\n<\/ul>\n<\/div>","protected":false},"excerpt":{"rendered":"<h5><a href=\"https:\/\/elslutblecksguiden.se\/\" target=\"_blank\" rel=\"noopener\">Vejledning til ASSA Elektriske l\u00e5se, motorl\u00e5se, Elektriske slutplader og udskiftningsguide<\/a><\/h5>","protected":false},"featured_media":138713,"template":"","meta":{"_acf_changed":false},"product_brand":[],"product_cat":[3355],"product_tag":[4197,4200,2967],"class_list":{"0":"post-91533","1":"product","2":"type-product","3":"status-publish","4":"has-post-thumbnail","6":"product_cat-elslutbleck","7":"product_tag-24v","8":"product_tag-rattvand","9":"product_tag-rg-assa-abloy","10":"product_shipping_class-tunga-paket","11":"pa_brands-abloy","12":"tm-no-options","14":"first","15":"outofstock","16":"sale","17":"taxable","18":"shipping-taxable","19":"purchasable","20":"product-type-simple"},"acf":[],"_links":{"self":[{"href":"https:\/\/secureus.se\/dk\/wp-json\/wp\/v2\/product\/91533","targetHints":{"allow":["GET"]}}],"collection":[{"href":"https:\/\/secureus.se\/dk\/wp-json\/wp\/v2\/product"}],"about":[{"href":"https:\/\/secureus.se\/dk\/wp-json\/wp\/v2\/types\/product"}],"wp:featuredmedia":[{"embeddable":true,"href":"https:\/\/secureus.se\/dk\/wp-json\/wp\/v2\/media\/138713"}],"wp:attachment":[{"href":"https:\/\/secureus.se\/dk\/wp-json\/wp\/v2\/media?parent=91533"}],"wp:term":[{"taxonomy":"product_brand","embeddable":true,"href":"https:\/\/secureus.se\/dk\/wp-json\/wp\/v2\/product_brand?post=91533"},{"taxonomy":"product_cat","embeddable":true,"href":"https:\/\/secureus.se\/dk\/wp-json\/wp\/v2\/product_cat?post=91533"},{"taxonomy":"product_tag","embeddable":true,"href":"https:\/\/secureus.se\/dk\/wp-json\/wp\/v2\/product_tag?post=91533"}],"curies":[{"name":"wp","href":"https:\/\/api.w.org\/{rel}","templated":true}]}}