{"id":91536,"date":"2023-09-27T18:14:02","date_gmt":"2023-09-27T16:14:02","guid":{"rendered":"https:\/\/secureus.se\/elslutbleck-70-rattvand-24v\/"},"modified":"2026-03-25T15:42:52","modified_gmt":"2026-03-25T14:42:52","slug":"elslutbleck-70-rattvand-24v","status":"publish","type":"product","link":"https:\/\/secureus.se\/dk\/elslutbleck-70-rattvand-24v\/","title":{"rendered":"El-slutplade 70 H\u00f8jrevendt 24V"},"content":{"rendered":"<h1>El-slutplade 70 H\u00f8jrevendt 24V<\/h1>\n<p class=\"\" data-start=\"489\" data-end=\"805\">ASSA ABLOY Standard elektrisk slisk 70 H\u00f8jreh\u00e5ndet 24V er designet til at opfylde de sikkerhedskrav, der stilles til d\u00f8re i forskellige milj\u00f8er. Med en brudstyrke p\u00e5 700 kg (7 kN) og h\u00f8j slag- og vibrationsmodstand er denne elektriske stang perfekt til brug i handel, kontorer, industri og lejlighedsbygninger.<\/p>\n<p class=\"\" data-start=\"807\" data-end=\"1191\">L\u00e5sen er designet til at blive brugt i brandsektionsadskillende d\u00f8re sammen med en dobbeltl\u00e5s og en dedikeret stolpe, hvilket g\u00f8r den til en sikker l\u00f8sning til intern l\u00e5sning.<\/p>\n<p class=\"\" data-start=\"807\" data-end=\"1191\">H\u00f8jreh\u00e5ndsfunktionen g\u00f8r, at l\u00e5sen forbliver aktiv selv ved str\u00f8msvigt, hvilket \u00f8ger sikkerheden. Dens zinkbelagte finish giver langvarig holdbarhed, og den er kompatibel med b\u00e5de enkelt- og dobbeltfl\u00f8jede l\u00e5se.<\/p>\n<div>\n<div>Elektrisk sl\u00f8jd 70 Retvinklet 24V fra ASSA ABLOY er en p\u00e5lidelig elektrisk sl\u00f8jd til d\u00f8re med normale sikkerhedskrav.<\/div>\n<div><\/div>\n<div>Den har en brudstyrke p\u00e5 700 kg og er velegnet til brug i skalbeskyttelse, kontorer, industri og offentlige omr\u00e5der i etageejendomme.<\/div>\n<div><\/div>\n<div>H\u00f8jreh\u00e5ndsfunktionen sikrer, at l\u00e5sen er aktiv ogs\u00e5 ved str\u00f8msvigt.<\/div>\n<\/div>\n<div>\n<p class=\"\" data-start=\"1193\" data-end=\"1215\"><strong data-start=\"1193\" data-end=\"1213\">Specifikationer:<\/strong><\/p>\n<ul data-start=\"1216\" data-end=\"1529\">\n<li class=\"\" data-start=\"1216\" data-end=\"1250\">\n<p class=\"\" data-start=\"1218\" data-end=\"1250\">Brudstyrke: 700 kg (7 kN)<\/p>\n<\/li>\n<li class=\"\" data-start=\"1251\" data-end=\"1283\">\n<p class=\"\" data-start=\"1253\" data-end=\"1283\">D\u00f8rh\u00e6ngsel: H\u00f8jre, venstre<\/p>\n<\/li>\n<li class=\"\" data-start=\"1284\" data-end=\"1321\">\n<p class=\"\" data-start=\"1286\" data-end=\"1321\">L\u00e5setype: Enkeltfaldsl\u00e5s, Dobbeltfaldsl\u00e5s<\/p>\n<\/li>\n<li class=\"\" data-start=\"1322\" data-end=\"1344\">\n<p class=\"\" data-start=\"1324\" data-end=\"1344\">Driftssp\u00e6nding: 24V<\/p>\n<\/li>\n<li class=\"\" data-start=\"1345\" data-end=\"1377\">\n<p class=\"\" data-start=\"1347\" data-end=\"1377\">Farve\/Overfladebehandling: Galvaniseret<\/p>\n<\/li>\n<li class=\"\" data-start=\"1378\" data-end=\"1398\">\n<p class=\"\" data-start=\"1380\" data-end=\"1398\">Stempelkontakt: Nej<\/p>\n<\/li>\n<li class=\"\" data-start=\"1399\" data-end=\"1424\">\n<p class=\"\" data-start=\"1401\" data-end=\"1424\">Sp\u00e6nding AC\/DC: AC\/DC<\/p>\n<\/li>\n<li class=\"\" data-start=\"1425\" data-end=\"1449\">\n<p class=\"\" data-start=\"1427\" data-end=\"1449\">Max sp\u00e6nding: 26,4 V<\/p>\n<\/li>\n<li class=\"\" data-start=\"1450\" data-end=\"1474\">\n<p class=\"\" data-start=\"1452\" data-end=\"1474\">Min sp\u00e6nding: 21,6 V<\/p>\n<\/li>\n<li class=\"\" data-start=\"1475\" data-end=\"1499\">\n<p class=\"\" data-start=\"1477\" data-end=\"1499\">Dobbelt twist drop: Nej<\/p>\n<\/li>\n<li class=\"\" data-start=\"1500\" data-end=\"1529\">\n<p class=\"\" data-start=\"1502\" data-end=\"1529\">Forside\/bagside: Forside<\/p>\n<\/li>\n<\/ul>\n<p class=\"\" data-start=\"1531\" data-end=\"1779\"><strong data-start=\"1531\" data-end=\"1553\">Anvendelsesomr\u00e5der<\/strong><br data-start=\"1553\" data-end=\"1556\" \/>Den elektriske slagplade er ideel til skalbeskyttelse, indvendig afl\u00e5sning i kontorer og industri samt til indgange og offentlige omr\u00e5der i etageejendomme.<\/p>\n<p class=\"\" data-start=\"1531\" data-end=\"1779\">Det giver p\u00e5lidelig sikkerhed i milj\u00f8er, hvor der stilles h\u00f8je krav til holdbarhed og sikkerhed.<\/p>\n<\/div>","protected":false},"excerpt":{"rendered":"<h5><a href=\"https:\/\/elslutblecksguiden.se\/\" target=\"_blank\" rel=\"noopener\">Vejledning til ASSA Elektriske l\u00e5se, motorl\u00e5se, Elektriske slutplader og udskiftningsguide<\/a><\/h5>","protected":false},"featured_media":138732,"template":"","meta":{"_acf_changed":false},"product_brand":[],"product_cat":[3355],"product_tag":[4197,4200,2967],"class_list":{"0":"post-91536","1":"product","2":"type-product","3":"status-publish","4":"has-post-thumbnail","6":"product_cat-elslutbleck","7":"product_tag-24v","8":"product_tag-rattvand","9":"product_tag-rg-assa-abloy","10":"product_shipping_class-tunga-paket","11":"pa_brands-abloy","12":"tm-no-options","14":"first","15":"instock","16":"sale","17":"taxable","18":"shipping-taxable","19":"purchasable","20":"product-type-simple"},"acf":[],"_links":{"self":[{"href":"https:\/\/secureus.se\/dk\/wp-json\/wp\/v2\/product\/91536","targetHints":{"allow":["GET"]}}],"collection":[{"href":"https:\/\/secureus.se\/dk\/wp-json\/wp\/v2\/product"}],"about":[{"href":"https:\/\/secureus.se\/dk\/wp-json\/wp\/v2\/types\/product"}],"wp:featuredmedia":[{"embeddable":true,"href":"https:\/\/secureus.se\/dk\/wp-json\/wp\/v2\/media\/138732"}],"wp:attachment":[{"href":"https:\/\/secureus.se\/dk\/wp-json\/wp\/v2\/media?parent=91536"}],"wp:term":[{"taxonomy":"product_brand","embeddable":true,"href":"https:\/\/secureus.se\/dk\/wp-json\/wp\/v2\/product_brand?post=91536"},{"taxonomy":"product_cat","embeddable":true,"href":"https:\/\/secureus.se\/dk\/wp-json\/wp\/v2\/product_cat?post=91536"},{"taxonomy":"product_tag","embeddable":true,"href":"https:\/\/secureus.se\/dk\/wp-json\/wp\/v2\/product_tag?post=91536"}],"curies":[{"name":"wp","href":"https:\/\/api.w.org\/{rel}","templated":true}]}}