{"id":91537,"date":"2023-09-27T18:14:01","date_gmt":"2023-09-27T16:14:01","guid":{"rendered":"https:\/\/secureus.se\/elslutbleck-71-omvand-24v\/"},"modified":"2026-04-08T16:02:47","modified_gmt":"2026-04-08T14:02:47","slug":"elslutbleck-71-omvand-24v","status":"publish","type":"product","link":"https:\/\/secureus.se\/dk\/elslutbleck-71-omvand-24v\/","title":{"rendered":"Elektrisk endeplade 71 Reverse 24V"},"content":{"rendered":"<div>\n<h1>Elektrisk endeplade 71 Reverse 24V<\/h1>\n<p class=\"\" data-start=\"459\" data-end=\"763\">ASSA ABLOY Standard elektrisk slutbl\u00e6nde 71 Reverse 24V er designet til d\u00f8re, der kr\u00e6ver en sikker og holdbar l\u00e5sel\u00f8sning.<\/p>\n<p class=\"\" data-start=\"459\" data-end=\"763\">Med en brudstyrke p\u00e5 700 kg (7 kN) og h\u00f8j slag- og vibrationsmodstand tilbyder dette elektriske endestykke h\u00f8j sikkerhed for d\u00f8re, der bruges til skalbeskyttelse og indvendig l\u00e5sning.<\/p>\n<p class=\"\" data-start=\"765\" data-end=\"1174\">L\u00e5sen har en omvendt funktion, hvilket betyder, at den l\u00e5ses op i tilf\u00e6lde af str\u00f8msvigt, hvilket g\u00f8r den anvendelig i specifikke sikkerhedsl\u00f8sninger, hvor denne funktion er n\u00f8dvendig.<\/p>\n<p class=\"\" data-start=\"765\" data-end=\"1174\">Den er designet til brug i brandsektionsadskillende d\u00f8re i kombination med en dobbeltl\u00e5s og en dedikeret stolpe. Den er ogs\u00e5 lavet med en bronze-drejningsl\u00e5s og et l\u00e5sehus af zinklegering, hvilket giver langvarig holdbarhed og p\u00e5lidelighed.<\/p>\n<p class=\"\" data-start=\"1176\" data-end=\"1198\"><strong data-start=\"1176\" data-end=\"1196\">Specifikationer:<\/strong><\/p>\n<ul data-start=\"1199\" data-end=\"1510\">\n<li class=\"\" data-start=\"1199\" data-end=\"1233\">\n<p class=\"\" data-start=\"1201\" data-end=\"1233\">Brudstyrke: 700 kg (7 kN)<\/p>\n<\/li>\n<li class=\"\" data-start=\"1234\" data-end=\"1266\">\n<p class=\"\" data-start=\"1236\" data-end=\"1266\">D\u00f8rh\u00e6ngsel: H\u00f8jre, venstre<\/p>\n<\/li>\n<li class=\"\" data-start=\"1267\" data-end=\"1304\">\n<p class=\"\" data-start=\"1269\" data-end=\"1304\">L\u00e5setype: Enkeltfaldsl\u00e5s, Dobbeltfaldsl\u00e5s<\/p>\n<\/li>\n<li class=\"\" data-start=\"1305\" data-end=\"1327\">\n<p class=\"\" data-start=\"1307\" data-end=\"1327\">Driftssp\u00e6nding: 24V<\/p>\n<\/li>\n<li class=\"\" data-start=\"1328\" data-end=\"1360\">\n<p class=\"\" data-start=\"1330\" data-end=\"1360\">Farve\/Overfladebehandling: Galvaniseret<\/p>\n<\/li>\n<li class=\"\" data-start=\"1361\" data-end=\"1381\">\n<p class=\"\" data-start=\"1363\" data-end=\"1381\">Stempelkontakt: Nej<\/p>\n<\/li>\n<li class=\"\" data-start=\"1382\" data-end=\"1407\">\n<p class=\"\" data-start=\"1384\" data-end=\"1407\">Sp\u00e6nding AC\/DC: AC\/DC<\/p>\n<\/li>\n<li class=\"\" data-start=\"1408\" data-end=\"1432\">\n<p class=\"\" data-start=\"1410\" data-end=\"1432\">Max sp\u00e6nding: 26,4 V<\/p>\n<\/li>\n<li class=\"\" data-start=\"1433\" data-end=\"1457\">\n<p class=\"\" data-start=\"1435\" data-end=\"1457\">Min sp\u00e6nding: 21,6 V<\/p>\n<\/li>\n<li class=\"\" data-start=\"1458\" data-end=\"1482\">\n<p class=\"\" data-start=\"1460\" data-end=\"1482\">Dobbelt twist drop: Nej<\/p>\n<\/li>\n<li class=\"\" data-start=\"1483\" data-end=\"1510\">\n<p class=\"\" data-start=\"1485\" data-end=\"1510\">Forside\/bagside: bagside<\/p>\n<\/li>\n<\/ul>\n<p class=\"\" data-start=\"1512\" data-end=\"1775\"><strong data-start=\"1512\" data-end=\"1534\">Anvendelsesomr\u00e5der<\/strong><br data-start=\"1534\" data-end=\"1537\" \/>Denne elektriske afbryder er ideel til skalbeskyttelse, intern l\u00e5sning og sikkerhed i kontorer, industri og lejlighedsbygninger.<\/p>\n<p class=\"\" data-start=\"1512\" data-end=\"1775\">Det er is\u00e6r nyttigt i d\u00f8re, der kr\u00e6ver omvendt drift i tilf\u00e6lde af str\u00f8msvigt og giver en sikker og p\u00e5lidelig l\u00f8sning.<\/p>\n<\/div>","protected":false},"excerpt":{"rendered":"<h5><a href=\"https:\/\/elslutblecksguiden.se\/\" target=\"_blank\" rel=\"noopener\">Vejledning til ASSA Elektriske l\u00e5se, motorl\u00e5se, Elektriske slutplader og udskiftningsguide<\/a><\/h5>","protected":false},"featured_media":140056,"template":"","meta":{"_acf_changed":false},"product_brand":[],"product_cat":[3355],"product_tag":[4197,4201,2967],"class_list":{"0":"post-91537","1":"product","2":"type-product","3":"status-publish","4":"has-post-thumbnail","6":"product_cat-elslutbleck","7":"product_tag-24v","8":"product_tag-omvand","9":"product_tag-rg-assa-abloy","10":"product_shipping_class-tunga-paket","11":"pa_brands-abloy","12":"tm-no-options","14":"first","15":"onbackorder","16":"sale","17":"taxable","18":"shipping-taxable","19":"purchasable","20":"product-type-simple"},"acf":[],"_links":{"self":[{"href":"https:\/\/secureus.se\/dk\/wp-json\/wp\/v2\/product\/91537","targetHints":{"allow":["GET"]}}],"collection":[{"href":"https:\/\/secureus.se\/dk\/wp-json\/wp\/v2\/product"}],"about":[{"href":"https:\/\/secureus.se\/dk\/wp-json\/wp\/v2\/types\/product"}],"wp:featuredmedia":[{"embeddable":true,"href":"https:\/\/secureus.se\/dk\/wp-json\/wp\/v2\/media\/140056"}],"wp:attachment":[{"href":"https:\/\/secureus.se\/dk\/wp-json\/wp\/v2\/media?parent=91537"}],"wp:term":[{"taxonomy":"product_brand","embeddable":true,"href":"https:\/\/secureus.se\/dk\/wp-json\/wp\/v2\/product_brand?post=91537"},{"taxonomy":"product_cat","embeddable":true,"href":"https:\/\/secureus.se\/dk\/wp-json\/wp\/v2\/product_cat?post=91537"},{"taxonomy":"product_tag","embeddable":true,"href":"https:\/\/secureus.se\/dk\/wp-json\/wp\/v2\/product_tag?post=91537"}],"curies":[{"name":"wp","href":"https:\/\/api.w.org\/{rel}","templated":true}]}}