{"id":91538,"date":"2023-09-27T18:13:59","date_gmt":"2023-09-27T16:13:59","guid":{"rendered":"https:\/\/secureus.se\/elslutbleck-8131-rattvand-24v-kolvkontakt\/"},"modified":"2026-04-23T12:21:48","modified_gmt":"2026-04-23T10:21:48","slug":"elslutbleck-8131-rattvand-24v-kolvkontakt","status":"publish","type":"product","link":"https:\/\/secureus.se\/dk\/elslutbleck-8131-rattvand-24v-kolvkontakt\/","title":{"rendered":"Elektrisk termineringsplade 8131 H\u00f8jrevendt 24V Stempelkontakt"},"content":{"rendered":"<h1>Elektrisk termineringsplade 8131 H\u00f8jrevendt 24V Stempelkontakt<\/h1>\n<p class=\"\" data-start=\"492\" data-end=\"835\">ASSA ABLOY ekstra st\u00e6rk elektrisk slutb\u00f8jle 8131 H\u00f8jrevendt 24V stempelkontakt er perfekt til d\u00f8re med h\u00f8je krav til holdbarhed og sikkerhed.<\/p>\n<p class=\"\" data-start=\"492\" data-end=\"835\">Med en brudstyrke p\u00e5 1500 kg (15 kN) og et design, der kan modst\u00e5 millioner af \u00e5bningscyklusser, tilbyder dette elektriske endestykke langvarig og p\u00e5lidelig funktion selv under h\u00e5rde forhold.<\/p>\n<p class=\"\" data-start=\"837\" data-end=\"1181\">Den h\u00f8jrevendte funktion l\u00e5ser i str\u00f8ml\u00f8s position, hvilket g\u00f8r den sikker i tilf\u00e6lde af str\u00f8msvigt. L\u00e5sestempelkontakt og ankerkontakt er inkluderet for yderligere funktionalitet og sikkerhed.<\/p>\n<p class=\"\" data-start=\"837\" data-end=\"1181\">Den elektriske slagplade er designet til at blive brugt med sammenl\u00e5ste enkeltl\u00e5se og har en holdbar konstruktion med drejel\u00e5s i st\u00e5l og l\u00e5sehus.<\/p>\n<p class=\"\" data-start=\"1183\" data-end=\"1419\">Med en maksimal brudstyrke p\u00e5 1500 kg og evnen til at garantere \u00e5bning p\u00e5 trods af et surringstryk p\u00e5 250N (25 kg), tilbyder den en sikker og holdbar l\u00f8sning til en r\u00e6kke forskellige anvendelser.<\/p>\n<p class=\"\" data-start=\"1183\" data-end=\"1419\">Dens anti-shake funktion forbedrer sikkerheden yderligere.<\/p>\n<p class=\"\" data-start=\"1421\" data-end=\"1443\"><strong data-start=\"1421\" data-end=\"1441\">Specifikationer:<\/strong><\/p>\n<ul data-start=\"1444\" data-end=\"1774\">\n<li class=\"\" data-start=\"1444\" data-end=\"1480\">\n<p class=\"\" data-start=\"1446\" data-end=\"1480\">Brudstyrke: 1500 kg (15 kN)<\/p>\n<\/li>\n<li class=\"\" data-start=\"1481\" data-end=\"1513\">\n<p class=\"\" data-start=\"1483\" data-end=\"1513\">D\u00f8rh\u00e6ngsel: H\u00f8jre, venstre<\/p>\n<\/li>\n<li class=\"\" data-start=\"1514\" data-end=\"1534\">\n<p class=\"\" data-start=\"1516\" data-end=\"1534\">Strimmeltryk: 25 kg<\/p>\n<\/li>\n<li class=\"\" data-start=\"1535\" data-end=\"1572\">\n<p class=\"\" data-start=\"1537\" data-end=\"1572\">L\u00e5setype: Enkeltfaldsl\u00e5s, Dobbeltfaldsl\u00e5s<\/p>\n<\/li>\n<li class=\"\" data-start=\"1573\" data-end=\"1595\">\n<p class=\"\" data-start=\"1575\" data-end=\"1595\">Driftssp\u00e6nding: 24V<\/p>\n<\/li>\n<li class=\"\" data-start=\"1596\" data-end=\"1626\">\n<p class=\"\" data-start=\"1598\" data-end=\"1626\">Farve\/finish: Rustfrit st\u00e5l<\/p>\n<\/li>\n<li class=\"\" data-start=\"1627\" data-end=\"1646\">\n<p class=\"\" data-start=\"1629\" data-end=\"1646\">Stempelkontakt: Ja<\/p>\n<\/li>\n<li class=\"\" data-start=\"1647\" data-end=\"1669\">\n<p class=\"\" data-start=\"1649\" data-end=\"1669\">Sp\u00e6nding AC\/DC: DC<\/p>\n<\/li>\n<li class=\"\" data-start=\"1670\" data-end=\"1694\">\n<p class=\"\" data-start=\"1672\" data-end=\"1694\">Max sp\u00e6nding: 26,4 V<\/p>\n<\/li>\n<li class=\"\" data-start=\"1695\" data-end=\"1719\">\n<p class=\"\" data-start=\"1697\" data-end=\"1719\">Min sp\u00e6nding: 21,6 V<\/p>\n<\/li>\n<li class=\"\" data-start=\"1720\" data-end=\"1744\">\n<p class=\"\" data-start=\"1722\" data-end=\"1744\">Dobbelt twist drop: Nej<\/p>\n<\/li>\n<li class=\"\" data-start=\"1745\" data-end=\"1774\">\n<p class=\"\" data-start=\"1747\" data-end=\"1774\">Forside\/bagside: Forside<\/p>\n<\/li>\n<\/ul>\n<p class=\"\" data-start=\"1776\" data-end=\"1991\"><strong data-start=\"1776\" data-end=\"1798\">Anvendelsesomr\u00e5der<\/strong><br data-start=\"1798\" data-end=\"1801\" \/>Elektrisk slutplade 8131 er perfekt til brug i milj\u00f8er, der kr\u00e6ver h\u00f8j holdbarhed og sikkerhed, s\u00e5som skalbeskyttelse, indgange, porte og andre h\u00f8jfrekvente d\u00f8re i handel, kontorer og industri.<\/p>","protected":false},"excerpt":{"rendered":"<h5><a href=\"https:\/\/elslutblecksguiden.se\/\" target=\"_blank\" rel=\"noopener\">Vejledning til ASSA Elektriske l\u00e5se, motorl\u00e5se, Elektriske slutplader og udskiftningsguide<\/a><\/h5>","protected":false},"featured_media":138571,"template":"","meta":{"_acf_changed":false},"product_brand":[],"product_cat":[3355],"product_tag":[4197,4200,2967],"class_list":{"0":"post-91538","1":"product","2":"type-product","3":"status-publish","4":"has-post-thumbnail","6":"product_cat-elslutbleck","7":"product_tag-24v","8":"product_tag-rattvand","9":"product_tag-rg-assa-abloy","10":"product_shipping_class-tunga-paket","11":"pa_brands-abloy","12":"tm-no-options","14":"first","15":"onbackorder","16":"sale","17":"taxable","18":"shipping-taxable","19":"purchasable","20":"product-type-simple"},"acf":[],"_links":{"self":[{"href":"https:\/\/secureus.se\/dk\/wp-json\/wp\/v2\/product\/91538","targetHints":{"allow":["GET"]}}],"collection":[{"href":"https:\/\/secureus.se\/dk\/wp-json\/wp\/v2\/product"}],"about":[{"href":"https:\/\/secureus.se\/dk\/wp-json\/wp\/v2\/types\/product"}],"wp:featuredmedia":[{"embeddable":true,"href":"https:\/\/secureus.se\/dk\/wp-json\/wp\/v2\/media\/138571"}],"wp:attachment":[{"href":"https:\/\/secureus.se\/dk\/wp-json\/wp\/v2\/media?parent=91538"}],"wp:term":[{"taxonomy":"product_brand","embeddable":true,"href":"https:\/\/secureus.se\/dk\/wp-json\/wp\/v2\/product_brand?post=91538"},{"taxonomy":"product_cat","embeddable":true,"href":"https:\/\/secureus.se\/dk\/wp-json\/wp\/v2\/product_cat?post=91538"},{"taxonomy":"product_tag","embeddable":true,"href":"https:\/\/secureus.se\/dk\/wp-json\/wp\/v2\/product_tag?post=91538"}],"curies":[{"name":"wp","href":"https:\/\/api.w.org\/{rel}","templated":true}]}}