{"id":91539,"date":"2023-09-27T18:13:58","date_gmt":"2023-09-27T16:13:58","guid":{"rendered":"https:\/\/secureus.se\/elslutbleck-5331-omvand-24v-kolvkontakt\/"},"modified":"2026-04-08T16:03:06","modified_gmt":"2026-04-08T14:03:06","slug":"elslutbleck-5331-omvand-24v-kolvkontakt","status":"publish","type":"product","link":"https:\/\/secureus.se\/dk\/elslutbleck-5331-omvand-24v-kolvkontakt\/","title":{"rendered":"Elektrisk endeplade 5331 Omvendt 24V Stempelkontakt"},"content":{"rendered":"<h1>Elektrisk endeplade 5331 Omvendt 24V Stempelkontakt<\/h1>\n<p class=\"\" data-start=\"433\" data-end=\"735\">ASSA ABLOY elektrisk endeplade 5331 Omvendt 24V Stempelkontakt er bygget til at im\u00f8dekomme h\u00f8je krav til slidstyrke og lang holdbarhed.<\/p>\n<p class=\"\" data-start=\"433\" data-end=\"735\">Med en brudstyrke p\u00e5 750 kg (7,05 kN) og evnen til at modst\u00e5 millioner af \u00e5bningscyklusser er denne elektriske slutplade ideel til brug i h\u00f8jfrekvente d\u00f8re.<\/p>\n<p class=\"\" data-start=\"737\" data-end=\"1019\">Omvendt funktion betyder, at den elektriske endeplade l\u00e5ses op i tilf\u00e6lde af str\u00f8msvigt, hvilket er en sikkerhedsfunktion, der kan v\u00e6re afg\u00f8rende i nogle milj\u00f8er.<\/p>\n<p class=\"\" data-start=\"737\" data-end=\"1019\">L\u00e5sestempelkontakten og en slidst\u00e6rk konstruktion med drejekasse og l\u00e5sehus i st\u00e5l sikrer b\u00e5de langtidsholdbar funktion og h\u00f8j sikkerhed.<\/p>\n<p class=\"\" data-start=\"1021\" data-end=\"1221\">Den garanterer \u00e5bning selv med et b\u00e5ndtryk p\u00e5 op til 500 kg og en d\u00f8rholdekraft i ul\u00e5st position p\u00e5 4 kg.<\/p>\n<p class=\"\" data-start=\"1021\" data-end=\"1221\">Det er ogs\u00e5 muligt at f\u00e5 den elektriske endeplade med en mikroswitch for yderligere funktionalitet.<\/p>\n<p class=\"\" data-start=\"1223\" data-end=\"1245\"><strong data-start=\"1223\" data-end=\"1243\">Specifikationer:<\/strong><\/p>\n<ul data-start=\"1246\" data-end=\"1576\">\n<li class=\"\" data-start=\"1246\" data-end=\"1283\">\n<p class=\"\" data-start=\"1248\" data-end=\"1283\">Brudstyrke: 750 kg (7,05 kN)<\/p>\n<\/li>\n<li class=\"\" data-start=\"1284\" data-end=\"1316\">\n<p class=\"\" data-start=\"1286\" data-end=\"1316\">D\u00f8rh\u00e6ngsel: H\u00f8jre, venstre<\/p>\n<\/li>\n<li class=\"\" data-start=\"1317\" data-end=\"1338\">\n<p class=\"\" data-start=\"1319\" data-end=\"1338\">Listetryk: 500 kg<\/p>\n<\/li>\n<li class=\"\" data-start=\"1339\" data-end=\"1376\">\n<p class=\"\" data-start=\"1341\" data-end=\"1376\">L\u00e5setype: Enkeltfaldsl\u00e5s, Dobbeltfaldsl\u00e5s<\/p>\n<\/li>\n<li class=\"\" data-start=\"1377\" data-end=\"1399\">\n<p class=\"\" data-start=\"1379\" data-end=\"1399\">Driftssp\u00e6nding: 24V<\/p>\n<\/li>\n<li class=\"\" data-start=\"1400\" data-end=\"1430\">\n<p class=\"\" data-start=\"1402\" data-end=\"1430\">Farve\/finish: Rustfrit st\u00e5l<\/p>\n<\/li>\n<li class=\"\" data-start=\"1431\" data-end=\"1450\">\n<p class=\"\" data-start=\"1433\" data-end=\"1450\">Stempelkontakt: Ja<\/p>\n<\/li>\n<li class=\"\" data-start=\"1451\" data-end=\"1473\">\n<p class=\"\" data-start=\"1453\" data-end=\"1473\">Sp\u00e6nding AC\/DC: DC<\/p>\n<\/li>\n<li class=\"\" data-start=\"1474\" data-end=\"1498\">\n<p class=\"\" data-start=\"1476\" data-end=\"1498\">Max sp\u00e6nding: 26,4 V<\/p>\n<\/li>\n<li class=\"\" data-start=\"1499\" data-end=\"1523\">\n<p class=\"\" data-start=\"1501\" data-end=\"1523\">Min sp\u00e6nding: 21,6 V<\/p>\n<\/li>\n<li class=\"\" data-start=\"1524\" data-end=\"1548\">\n<p class=\"\" data-start=\"1526\" data-end=\"1548\">Dobbelt twist drop: Nej<\/p>\n<\/li>\n<li class=\"\" data-start=\"1549\" data-end=\"1576\">\n<p class=\"\" data-start=\"1551\" data-end=\"1576\">Forside\/bagside: bagside<\/p>\n<\/li>\n<\/ul>\n<p class=\"\" data-start=\"1578\" data-end=\"1792\"><strong data-start=\"1578\" data-end=\"1600\">Anvendelsesomr\u00e5der<\/strong><br data-start=\"1600\" data-end=\"1603\" \/>Denne elektriske lukkeplade er perfekt til brug i h\u00f8jfrekvente d\u00f8re i handel, kontorer, industri og andre applikationer, hvor der kr\u00e6ves h\u00f8j slidstyrke og sikkerhed, s\u00e5som skalbeskyttelse og indgange.<\/p>","protected":false},"excerpt":{"rendered":"<h5><a href=\"https:\/\/elslutblecksguiden.se\/\" target=\"_blank\" rel=\"noopener\">Vejledning til ASSA Elektriske l\u00e5se, motorl\u00e5se, Elektriske slutplader og udskiftningsguide<\/a><\/h5>","protected":false},"featured_media":140063,"template":"","meta":{"_acf_changed":false},"product_brand":[],"product_cat":[3355],"product_tag":[4197,4201,2967],"class_list":{"0":"post-91539","1":"product","2":"type-product","3":"status-publish","4":"has-post-thumbnail","6":"product_cat-elslutbleck","7":"product_tag-24v","8":"product_tag-omvand","9":"product_tag-rg-assa-abloy","10":"product_shipping_class-tunga-paket","11":"pa_brands-abloy","12":"tm-no-options","14":"first","15":"onbackorder","16":"sale","17":"taxable","18":"shipping-taxable","19":"purchasable","20":"product-type-simple"},"acf":[],"_links":{"self":[{"href":"https:\/\/secureus.se\/dk\/wp-json\/wp\/v2\/product\/91539","targetHints":{"allow":["GET"]}}],"collection":[{"href":"https:\/\/secureus.se\/dk\/wp-json\/wp\/v2\/product"}],"about":[{"href":"https:\/\/secureus.se\/dk\/wp-json\/wp\/v2\/types\/product"}],"wp:featuredmedia":[{"embeddable":true,"href":"https:\/\/secureus.se\/dk\/wp-json\/wp\/v2\/media\/140063"}],"wp:attachment":[{"href":"https:\/\/secureus.se\/dk\/wp-json\/wp\/v2\/media?parent=91539"}],"wp:term":[{"taxonomy":"product_brand","embeddable":true,"href":"https:\/\/secureus.se\/dk\/wp-json\/wp\/v2\/product_brand?post=91539"},{"taxonomy":"product_cat","embeddable":true,"href":"https:\/\/secureus.se\/dk\/wp-json\/wp\/v2\/product_cat?post=91539"},{"taxonomy":"product_tag","embeddable":true,"href":"https:\/\/secureus.se\/dk\/wp-json\/wp\/v2\/product_tag?post=91539"}],"curies":[{"name":"wp","href":"https:\/\/api.w.org\/{rel}","templated":true}]}}