{"id":91540,"date":"2023-09-27T18:13:56","date_gmt":"2023-09-27T16:13:56","guid":{"rendered":"https:\/\/secureus.se\/elslutbleck-575-omstallbar-12-24v-kolvkontakt\/"},"modified":"2026-04-23T12:21:59","modified_gmt":"2026-04-23T10:21:59","slug":"elslutbleck-575-omstallbar-12-24v-kolvkontakt","status":"publish","type":"product","link":"https:\/\/secureus.se\/dk\/elslutbleck-575-omstallbar-12-24v-kolvkontakt\/","title":{"rendered":"Elektrisk endeplade 575 Justerbar 12-24V Stempelkontakt"},"content":{"rendered":"<h1>Elektrisk endeplade 575 Justerbar 12-24V Stempelkontakt<\/h1>\n<p class=\"\" data-start=\"520\" data-end=\"887\">ASSA ABLOY Standard elektrisk sl\u00f8jd 575 Justerbar 12-24V stempelkontakt er designet til at give fleksibilitet og sikkerhed i d\u00f8rsystemer med normale krav.<\/p>\n<p class=\"\" data-start=\"520\" data-end=\"887\">Det er nemt at skifte til frem- eller bakfunktion, hvilket g\u00f8r den anvendelig til forskellige sikkerhedsl\u00f8sninger alt efter om l\u00e5sen skal l\u00e5ses eller l\u00e5ses op i tilf\u00e6lde af str\u00f8msvigt.<\/p>\n<p class=\"\" data-start=\"889\" data-end=\"1243\">L\u00e5sen er designet til brug i brandsektionsadskillende d\u00f8re i kombination med en dobbeltl\u00e5s og en dertil udpeget stolpe.<\/p>\n<p class=\"\" data-start=\"889\" data-end=\"1243\">Den er ogs\u00e5 udstyret med en stempelkontakt, bronze-drejningsl\u00e5s og et l\u00e5sehus af zinklegering for holdbarhed. Med en brudstyrke p\u00e5 700 kg (7 kN) og h\u00f8j slag- og vibrationsbestandighed er den et ideelt valg til d\u00f8re i h\u00f8jfrekvente applikationer.<\/p>\n<p class=\"\" data-start=\"1245\" data-end=\"1487\">Dette elektriske slutstykke er ogs\u00e5 udstyret med indbygget transientbeskyttelse, hvilket g\u00f8r det ekstra beskyttet mod sp\u00e6ndingsspidser og transienter.<\/p>\n<p class=\"\" data-start=\"1245\" data-end=\"1487\">Den er designet til brug i kombination med sammenl\u00e5ste enkeltl\u00e5se og har en driftssp\u00e6nding p\u00e5 12-24 V.<\/p>\n<p class=\"\" data-start=\"1489\" data-end=\"1511\"><strong data-start=\"1489\" data-end=\"1509\">Specifikationer:<\/strong><\/p>\n<ul data-start=\"1512\" data-end=\"1847\">\n<li class=\"\" data-start=\"1512\" data-end=\"1546\">\n<p class=\"\" data-start=\"1514\" data-end=\"1546\">Brudstyrke: 700 kg (7 kN)<\/p>\n<\/li>\n<li class=\"\" data-start=\"1547\" data-end=\"1579\">\n<p class=\"\" data-start=\"1549\" data-end=\"1579\">D\u00f8rh\u00e6ngsel: H\u00f8jre, venstre<\/p>\n<\/li>\n<li class=\"\" data-start=\"1580\" data-end=\"1617\">\n<p class=\"\" data-start=\"1582\" data-end=\"1617\">L\u00e5setype: Enkeltfaldsl\u00e5s, Dobbeltfaldsl\u00e5s<\/p>\n<\/li>\n<li class=\"\" data-start=\"1618\" data-end=\"1643\">\n<p class=\"\" data-start=\"1620\" data-end=\"1643\">Driftssp\u00e6nding: 12-24V<\/p>\n<\/li>\n<li class=\"\" data-start=\"1644\" data-end=\"1676\">\n<p class=\"\" data-start=\"1646\" data-end=\"1676\">Farve\/Overfladebehandling: Galvaniseret<\/p>\n<\/li>\n<li class=\"\" data-start=\"1677\" data-end=\"1696\">\n<p class=\"\" data-start=\"1679\" data-end=\"1696\">Stempelkontakt: Ja<\/p>\n<\/li>\n<li class=\"\" data-start=\"1697\" data-end=\"1722\">\n<p class=\"\" data-start=\"1699\" data-end=\"1722\">Sp\u00e6nding AC\/DC: AC\/DC<\/p>\n<\/li>\n<li class=\"\" data-start=\"1723\" data-end=\"1747\">\n<p class=\"\" data-start=\"1725\" data-end=\"1747\">Max sp\u00e6nding: 26,4 V<\/p>\n<\/li>\n<li class=\"\" data-start=\"1748\" data-end=\"1772\">\n<p class=\"\" data-start=\"1750\" data-end=\"1772\">Min sp\u00e6nding: 10,8 V<\/p>\n<\/li>\n<li class=\"\" data-start=\"1773\" data-end=\"1797\">\n<p class=\"\" data-start=\"1775\" data-end=\"1797\">Dobbelt twist drop: Nej<\/p>\n<\/li>\n<li class=\"\" data-start=\"1798\" data-end=\"1847\">\n<p class=\"\" data-start=\"1800\" data-end=\"1847\">H\u00f8jre\/omvendt: Kan skiftes (h\u00f8jre\/omvendt)<\/p>\n<\/li>\n<\/ul>\n<p class=\"\" data-start=\"1849\" data-end=\"2174\"><strong data-start=\"1849\" data-end=\"1871\">Anvendelsesomr\u00e5der<\/strong><br data-start=\"1871\" data-end=\"1874\" \/>Denne elektriske afsk\u00e6rmning er fremragende til brug i indhegninger, indgange, porte og andre h\u00f8jfrekvente d\u00f8re i detail-, kontor-, industri- og multi-familiebygninger.<\/p>\n<p class=\"\" data-start=\"1849\" data-end=\"2174\">Det er s\u00e6rligt anvendeligt i milj\u00f8er, hvor fleksibilitet og holdbarhed er p\u00e5kr\u00e6vet, og hvor det er vigtigt at kunne tilpasse funktionen efter behov.<\/p>","protected":false},"excerpt":{"rendered":"<h5><a href=\"https:\/\/elslutblecksguiden.se\/\" target=\"_blank\" rel=\"noopener\">Vejledning til ASSA Elektriske l\u00e5se, motorl\u00e5se, Elektriske slutplader og udskiftningsguide<\/a><\/h5>","protected":false},"featured_media":140071,"template":"","meta":{"_acf_changed":false},"product_brand":[],"product_cat":[3355],"product_tag":[4196,4202,2967],"class_list":{"0":"post-91540","1":"product","2":"type-product","3":"status-publish","4":"has-post-thumbnail","6":"product_cat-elslutbleck","7":"product_tag-12-24v","8":"product_tag-omstallbar-rattvand-omvand","9":"product_tag-rg-assa-abloy","10":"product_shipping_class-tunga-paket","11":"pa_brands-abloy","12":"tm-no-options","14":"first","15":"instock","16":"sale","17":"taxable","18":"shipping-taxable","19":"purchasable","20":"product-type-simple"},"acf":[],"_links":{"self":[{"href":"https:\/\/secureus.se\/dk\/wp-json\/wp\/v2\/product\/91540","targetHints":{"allow":["GET"]}}],"collection":[{"href":"https:\/\/secureus.se\/dk\/wp-json\/wp\/v2\/product"}],"about":[{"href":"https:\/\/secureus.se\/dk\/wp-json\/wp\/v2\/types\/product"}],"wp:featuredmedia":[{"embeddable":true,"href":"https:\/\/secureus.se\/dk\/wp-json\/wp\/v2\/media\/140071"}],"wp:attachment":[{"href":"https:\/\/secureus.se\/dk\/wp-json\/wp\/v2\/media?parent=91540"}],"wp:term":[{"taxonomy":"product_brand","embeddable":true,"href":"https:\/\/secureus.se\/dk\/wp-json\/wp\/v2\/product_brand?post=91540"},{"taxonomy":"product_cat","embeddable":true,"href":"https:\/\/secureus.se\/dk\/wp-json\/wp\/v2\/product_cat?post=91540"},{"taxonomy":"product_tag","embeddable":true,"href":"https:\/\/secureus.se\/dk\/wp-json\/wp\/v2\/product_tag?post=91540"}],"curies":[{"name":"wp","href":"https:\/\/api.w.org\/{rel}","templated":true}]}}