{"id":91541,"date":"2023-09-27T18:13:55","date_gmt":"2023-09-27T16:13:55","guid":{"rendered":"https:\/\/secureus.se\/elslutbleck-331-omvand-24v-kolvkontakt\/"},"modified":"2026-04-08T15:56:34","modified_gmt":"2026-04-08T13:56:34","slug":"elslutbleck-331-omvand-24v-kolvkontakt","status":"publish","type":"product","link":"https:\/\/secureus.se\/dk\/elslutbleck-331-omvand-24v-kolvkontakt\/","title":{"rendered":"Elektrisk endeplade 331 Omvendt 24V Stempelkontakt"},"content":{"rendered":"<h1>Elektrisk endeplade 331 Omvendt 24V Stempelkontakt<\/h1>\n<p class=\"\" data-start=\"433\" data-end=\"796\">ASSA ABLOY ekstra st\u00e6rk elektrisk afbryder 331 Reverse 24V Stempelkontakt er designet til at opfylde de strengeste krav til holdbarhed og sikkerhed.<\/p>\n<p class=\"\" data-start=\"433\" data-end=\"796\">Med en brudstyrke p\u00e5 750 kg (7,5 kN) og evnen til at modst\u00e5 millioner af \u00e5bningscyklusser, er den ideel til h\u00f8jfrekvente d\u00f8re, der bruges til skalbeskyttelse, indgange og andre h\u00f8jsikkerhedsanvendelser.<\/p>\n<p class=\"\" data-start=\"798\" data-end=\"1099\">Omvendt funktion s\u00f8rger for, at el-slusen l\u00e5ses op i tilf\u00e6lde af str\u00f8msvigt, hvilket g\u00f8r den s\u00e6rdeles velegnet til flugtd\u00f8re og luftl\u00e5se med trykforskelle.<\/p>\n<p class=\"\" data-start=\"798\" data-end=\"1099\">L\u00e5sekonstruktionen er b\u00e5de robust og slidst\u00e6rk med drejel\u00e5s af st\u00e5l og l\u00e5sehus af zinklegering for maksimal holdbarhed.<\/p>\n<p class=\"\" data-start=\"1101\" data-end=\"1345\">Den elektriske slutplade garanterer \u00e5bning trods et b\u00e5ndtryk p\u00e5 op til 500 kg, hvilket g\u00f8r den til en sikker l\u00f8sning til kr\u00e6vende milj\u00f8er.<\/p>\n<p class=\"\" data-start=\"1101\" data-end=\"1345\">D\u00f8rens holdekraft i ul\u00e5st position er 4 kg, hvilket betyder at d\u00f8ren forbliver i den korrekte position under brug.<\/p>\n<p class=\"\" data-start=\"1347\" data-end=\"1369\"><strong data-start=\"1347\" data-end=\"1367\">Specifikationer:<\/strong><\/p>\n<ul data-start=\"1370\" data-end=\"1700\">\n<li class=\"\" data-start=\"1370\" data-end=\"1406\">\n<p class=\"\" data-start=\"1372\" data-end=\"1406\">Brudstyrke: 750 kg (7,5 kN)<\/p>\n<\/li>\n<li class=\"\" data-start=\"1407\" data-end=\"1439\">\n<p class=\"\" data-start=\"1409\" data-end=\"1439\">D\u00f8rh\u00e6ngsel: H\u00f8jre, venstre<\/p>\n<\/li>\n<li class=\"\" data-start=\"1440\" data-end=\"1461\">\n<p class=\"\" data-start=\"1442\" data-end=\"1461\">Listetryk: 500 kg<\/p>\n<\/li>\n<li class=\"\" data-start=\"1462\" data-end=\"1499\">\n<p class=\"\" data-start=\"1464\" data-end=\"1499\">L\u00e5setype: Enkeltfaldsl\u00e5s, Dobbeltfaldsl\u00e5s<\/p>\n<\/li>\n<li class=\"\" data-start=\"1500\" data-end=\"1522\">\n<p class=\"\" data-start=\"1502\" data-end=\"1522\">Driftssp\u00e6nding: 24V<\/p>\n<\/li>\n<li class=\"\" data-start=\"1523\" data-end=\"1553\">\n<p class=\"\" data-start=\"1525\" data-end=\"1553\">Farve\/finish: Rustfrit st\u00e5l<\/p>\n<\/li>\n<li class=\"\" data-start=\"1554\" data-end=\"1574\">\n<p class=\"\" data-start=\"1556\" data-end=\"1574\">Stempelkontakt: Nej<\/p>\n<\/li>\n<li class=\"\" data-start=\"1575\" data-end=\"1597\">\n<p class=\"\" data-start=\"1577\" data-end=\"1597\">Sp\u00e6nding AC\/DC: DC<\/p>\n<\/li>\n<li class=\"\" data-start=\"1598\" data-end=\"1622\">\n<p class=\"\" data-start=\"1600\" data-end=\"1622\">Max sp\u00e6nding: 26,4 V<\/p>\n<\/li>\n<li class=\"\" data-start=\"1623\" data-end=\"1647\">\n<p class=\"\" data-start=\"1625\" data-end=\"1647\">Min sp\u00e6nding: 21,6 V<\/p>\n<\/li>\n<li class=\"\" data-start=\"1648\" data-end=\"1672\">\n<p class=\"\" data-start=\"1650\" data-end=\"1672\">Dobbelt twist drop: Nej<\/p>\n<\/li>\n<li class=\"\" data-start=\"1673\" data-end=\"1700\">\n<p class=\"\" data-start=\"1675\" data-end=\"1700\">Forside\/bagside: bagside<\/p>\n<\/li>\n<\/ul>\n<p class=\"\" data-start=\"1702\" data-end=\"1933\"><strong data-start=\"1702\" data-end=\"1724\">Anvendelsesomr\u00e5der<\/strong><br data-start=\"1724\" data-end=\"1727\" \/>Elektrisk slagplade 331 er perfekt til brug i h\u00f8jfrekvente d\u00f8re i skalbeskyttelse, indgange, porte, flugtd\u00f8re og andre omr\u00e5der, der kr\u00e6ver h\u00f8j sikkerhed og holdbarhed, fx i industri og handel.<\/p>","protected":false},"excerpt":{"rendered":"<h5><a href=\"https:\/\/elslutblecksguiden.se\/\" target=\"_blank\" rel=\"noopener\">Vejledning til ASSA Elektriske l\u00e5se, motorl\u00e5se, Elektriske slutplader og udskiftningsguide<\/a><\/h5>","protected":false},"featured_media":139395,"template":"","meta":{"_acf_changed":false},"product_brand":[],"product_cat":[3355],"product_tag":[4197,4201,2967],"class_list":{"0":"post-91541","1":"product","2":"type-product","3":"status-publish","4":"has-post-thumbnail","6":"product_cat-elslutbleck","7":"product_tag-24v","8":"product_tag-omvand","9":"product_tag-rg-assa-abloy","10":"product_shipping_class-tunga-paket","11":"pa_brands-abloy","12":"tm-no-options","14":"first","15":"onbackorder","16":"sale","17":"taxable","18":"shipping-taxable","19":"purchasable","20":"product-type-simple"},"acf":[],"_links":{"self":[{"href":"https:\/\/secureus.se\/dk\/wp-json\/wp\/v2\/product\/91541","targetHints":{"allow":["GET"]}}],"collection":[{"href":"https:\/\/secureus.se\/dk\/wp-json\/wp\/v2\/product"}],"about":[{"href":"https:\/\/secureus.se\/dk\/wp-json\/wp\/v2\/types\/product"}],"wp:featuredmedia":[{"embeddable":true,"href":"https:\/\/secureus.se\/dk\/wp-json\/wp\/v2\/media\/139395"}],"wp:attachment":[{"href":"https:\/\/secureus.se\/dk\/wp-json\/wp\/v2\/media?parent=91541"}],"wp:term":[{"taxonomy":"product_brand","embeddable":true,"href":"https:\/\/secureus.se\/dk\/wp-json\/wp\/v2\/product_brand?post=91541"},{"taxonomy":"product_cat","embeddable":true,"href":"https:\/\/secureus.se\/dk\/wp-json\/wp\/v2\/product_cat?post=91541"},{"taxonomy":"product_tag","embeddable":true,"href":"https:\/\/secureus.se\/dk\/wp-json\/wp\/v2\/product_tag?post=91541"}],"curies":[{"name":"wp","href":"https:\/\/api.w.org\/{rel}","templated":true}]}}