{"id":91542,"date":"2023-09-27T18:13:53","date_gmt":"2023-09-27T16:13:53","guid":{"rendered":"https:\/\/secureus.se\/elslutbleck-70-rattvand-12v\/"},"modified":"2026-04-08T15:57:29","modified_gmt":"2026-04-08T13:57:29","slug":"elslutbleck-70-rattvand-12v","status":"publish","type":"product","link":"https:\/\/secureus.se\/dk\/elslutbleck-70-rattvand-12v\/","title":{"rendered":"El-slutplade 70 H\u00f8jrevendt 12V"},"content":{"rendered":"<h1>El-slutplade 70 H\u00f8jrevendt 12V<\/h1>\n<p class=\"\" data-start=\"470\" data-end=\"816\">ASSA ABLOY Standard elektrisk sl\u00f8jd 70 H\u00f8jreh\u00e5ndet 12V er designet til at tilbyde sikkerhed og p\u00e5lidelighed i d\u00f8re med normale sikkerhedskrav.<\/p>\n<p class=\"\" data-start=\"470\" data-end=\"816\">Denne elektriske afl\u00e5sning er velegnet til brug som dagl\u00e5sning i skalsikring og indvendig afl\u00e5sning i handel, kontorer, industri eller i indgange og offentlige omr\u00e5der i etageejendomme.<\/p>\n<p class=\"\" data-start=\"818\" data-end=\"1146\">Med en brudstyrke p\u00e5 700 kg (7 kN) og h\u00f8j slag- og vibrationsbestandighed er den ideel til d\u00f8re, der kr\u00e6ver holdbarhed og lang levetid.<\/p>\n<p class=\"\" data-start=\"818\" data-end=\"1146\">L\u00e5sen er designet til brug i brandsektionsadskillende d\u00f8re sammen med en dobbeltl\u00e5s og en dedikeret stolpe, hvilket g\u00f8r den til en sikker l\u00f8sning til b\u00e5de private og kommercielle milj\u00f8er.<\/p>\n<p class=\"\" data-start=\"1148\" data-end=\"1413\">Det elektriske slutstykke har en reversibel funktion, hvilket betyder, at det forbliver l\u00e5st selv i tilf\u00e6lde af str\u00f8msvigt, hvilket giver ekstra sikkerhed.<\/p>\n<p class=\"\" data-start=\"1148\" data-end=\"1413\">Dens zinkbelagte overflade og bronzedrejel\u00e5s og zinklegeringsl\u00e5sehus sikrer langvarig holdbarhed og p\u00e5lidelig ydeevne over tid.<\/p>\n<p class=\"\" data-start=\"1415\" data-end=\"1437\"><strong data-start=\"1415\" data-end=\"1435\">Specifikationer:<\/strong><\/p>\n<ul data-start=\"1438\" data-end=\"1751\">\n<li class=\"\" data-start=\"1438\" data-end=\"1472\">\n<p class=\"\" data-start=\"1440\" data-end=\"1472\">Brudstyrke: 700 kg (7 kN)<\/p>\n<\/li>\n<li class=\"\" data-start=\"1473\" data-end=\"1505\">\n<p class=\"\" data-start=\"1475\" data-end=\"1505\">D\u00f8rh\u00e6ngsel: H\u00f8jre, venstre<\/p>\n<\/li>\n<li class=\"\" data-start=\"1506\" data-end=\"1543\">\n<p class=\"\" data-start=\"1508\" data-end=\"1543\">L\u00e5setype: Enkeltfaldsl\u00e5s, Dobbeltfaldsl\u00e5s<\/p>\n<\/li>\n<li class=\"\" data-start=\"1544\" data-end=\"1566\">\n<p class=\"\" data-start=\"1546\" data-end=\"1566\">Driftssp\u00e6nding: 12V<\/p>\n<\/li>\n<li class=\"\" data-start=\"1567\" data-end=\"1599\">\n<p class=\"\" data-start=\"1569\" data-end=\"1599\">Farve\/Overfladebehandling: Galvaniseret<\/p>\n<\/li>\n<li class=\"\" data-start=\"1600\" data-end=\"1620\">\n<p class=\"\" data-start=\"1602\" data-end=\"1620\">Stempelkontakt: Nej<\/p>\n<\/li>\n<li class=\"\" data-start=\"1621\" data-end=\"1646\">\n<p class=\"\" data-start=\"1623\" data-end=\"1646\">Sp\u00e6nding AC\/DC: AC\/DC<\/p>\n<\/li>\n<li class=\"\" data-start=\"1647\" data-end=\"1671\">\n<p class=\"\" data-start=\"1649\" data-end=\"1671\">Max sp\u00e6nding: 13,2V<\/p>\n<\/li>\n<li class=\"\" data-start=\"1672\" data-end=\"1696\">\n<p class=\"\" data-start=\"1674\" data-end=\"1696\">Min sp\u00e6nding: 10,8 V<\/p>\n<\/li>\n<li class=\"\" data-start=\"1697\" data-end=\"1721\">\n<p class=\"\" data-start=\"1699\" data-end=\"1721\">Dobbelt twist drop: Nej<\/p>\n<\/li>\n<li class=\"\" data-start=\"1722\" data-end=\"1751\">\n<p class=\"\" data-start=\"1724\" data-end=\"1751\">Forside\/bagside: Forside<\/p>\n<\/li>\n<\/ul>\n<p class=\"\" data-start=\"1753\" data-end=\"1978\"><strong data-start=\"1753\" data-end=\"1775\">Anvendelsesomr\u00e5der<\/strong><br data-start=\"1775\" data-end=\"1778\" \/>Denne elektriske stang er velegnet til brug i sikkerhedsmilj\u00f8er, hvor p\u00e5lidelig og holdbar l\u00e5sning er p\u00e5kr\u00e6vet.<\/p>\n<p class=\"\" data-start=\"1753\" data-end=\"1978\">Perfekt til d\u00f8re i skalbeskyttelse, indvendig l\u00e5sning og i offentlige eller kommercielle bygninger.<\/p>","protected":false},"excerpt":{"rendered":"<h5><a href=\"https:\/\/elslutblecksguiden.se\/\" target=\"_blank\" rel=\"noopener\">Vejledning til ASSA Elektriske l\u00e5se, motorl\u00e5se, Elektriske slutplader og udskiftningsguide<\/a><\/h5>","protected":false},"featured_media":159498,"template":"","meta":{"_acf_changed":false},"product_brand":[],"product_cat":[3355],"product_tag":[4198,4200,2967],"class_list":{"0":"post-91542","1":"product","2":"type-product","3":"status-publish","4":"has-post-thumbnail","6":"product_cat-elslutbleck","7":"product_tag-12v","8":"product_tag-rattvand","9":"product_tag-rg-assa-abloy","10":"product_shipping_class-tunga-paket","11":"pa_brands-abloy","12":"tm-no-options","14":"first","15":"onbackorder","16":"sale","17":"taxable","18":"shipping-taxable","19":"purchasable","20":"product-type-simple"},"acf":[],"_links":{"self":[{"href":"https:\/\/secureus.se\/dk\/wp-json\/wp\/v2\/product\/91542","targetHints":{"allow":["GET"]}}],"collection":[{"href":"https:\/\/secureus.se\/dk\/wp-json\/wp\/v2\/product"}],"about":[{"href":"https:\/\/secureus.se\/dk\/wp-json\/wp\/v2\/types\/product"}],"wp:featuredmedia":[{"embeddable":true,"href":"https:\/\/secureus.se\/dk\/wp-json\/wp\/v2\/media\/159498"}],"wp:attachment":[{"href":"https:\/\/secureus.se\/dk\/wp-json\/wp\/v2\/media?parent=91542"}],"wp:term":[{"taxonomy":"product_brand","embeddable":true,"href":"https:\/\/secureus.se\/dk\/wp-json\/wp\/v2\/product_brand?post=91542"},{"taxonomy":"product_cat","embeddable":true,"href":"https:\/\/secureus.se\/dk\/wp-json\/wp\/v2\/product_cat?post=91542"},{"taxonomy":"product_tag","embeddable":true,"href":"https:\/\/secureus.se\/dk\/wp-json\/wp\/v2\/product_tag?post=91542"}],"curies":[{"name":"wp","href":"https:\/\/api.w.org\/{rel}","templated":true}]}}