{"id":91543,"date":"2023-09-27T18:13:52","date_gmt":"2023-09-27T16:13:52","guid":{"rendered":"https:\/\/secureus.se\/elslutbleck-585-omstallbar-12-24v-hi-o-kolvkontakt\/"},"modified":"2026-04-23T12:21:56","modified_gmt":"2026-04-23T10:21:56","slug":"elslutbleck-585-omstallbar-12-24v-hi-o-kolvkontakt","status":"publish","type":"product","link":"https:\/\/secureus.se\/dk\/elslutbleck-585-omstallbar-12-24v-hi-o-kolvkontakt\/","title":{"rendered":"Elektrisk endeplade 585 Justerbar 12-24V Hi-O Stempelkontakt"},"content":{"rendered":"<h1>Elektrisk endeplade 585 Justerbar 12-24V Hi-O Stempelkontakt<\/h1>\n<p class=\"\" data-start=\"481\" data-end=\"901\">ASSA ABLOY Standard elektrisk lukkeplade 585 Justerbar 12-24V Hi-O Stempelkontakt er designet til brug i d\u00f8re, der har normale sikkerhedskrav.<\/p>\n<p class=\"\" data-start=\"481\" data-end=\"901\">Det er nemt at skifte mellem frem- og tilbagek\u00f8rsel, hvilket g\u00f8r den meget fleksibel til forskellige installationsbehov.<\/p>\n<p class=\"\" data-start=\"481\" data-end=\"901\">L\u00e5sen l\u00e5ses op i tilf\u00e6lde af str\u00f8msvigt, n\u00e5r den bruges i omvendt position, hvilket g\u00f8r den ideel til situationer, hvor dette er p\u00e5kr\u00e6vet.<\/p>\n<p class=\"\" data-start=\"903\" data-end=\"1270\">Den elektriske endeplade er designet til brug i brandcelle-skilled\u00f8re i kombination med en dobbeltfaldsl\u00e5s og dertil beregnet stolpe.<\/p>\n<p class=\"\" data-start=\"903\" data-end=\"1270\">Med en brudstyrke p\u00e5 700 kg (7 kN), bronzetap og l\u00e5sehus af zinklegering giver den b\u00e5de holdbarhed og h\u00f8j sikkerhed.<\/p>\n<p class=\"\" data-start=\"903\" data-end=\"1270\">Den er ogs\u00e5 udstyret med en l\u00e5sende stempelkontakt og indbygget transientbeskyttelse for at beskytte mod elektrisk interferens.<\/p>\n<p class=\"\" data-start=\"1272\" data-end=\"1401\">Elektrisk termineringsplade 585 er ogs\u00e5 kompatibel med Hi-O Can bus-teknologi, hvilket g\u00f8r den til et perfekt valg til integrerede sikkerhedssystemer.<\/p>\n<p class=\"\" data-start=\"1403\" data-end=\"1425\"><strong data-start=\"1403\" data-end=\"1423\">Specifikationer:<\/strong><\/p>\n<ul data-start=\"1426\" data-end=\"1761\">\n<li class=\"\" data-start=\"1426\" data-end=\"1460\">\n<p class=\"\" data-start=\"1428\" data-end=\"1460\">Brudstyrke: 700 kg (7 kN)<\/p>\n<\/li>\n<li class=\"\" data-start=\"1461\" data-end=\"1493\">\n<p class=\"\" data-start=\"1463\" data-end=\"1493\">D\u00f8rh\u00e6ngsel: H\u00f8jre, venstre<\/p>\n<\/li>\n<li class=\"\" data-start=\"1494\" data-end=\"1531\">\n<p class=\"\" data-start=\"1496\" data-end=\"1531\">L\u00e5setype: Enkeltfaldsl\u00e5s, Dobbeltfaldsl\u00e5s<\/p>\n<\/li>\n<li class=\"\" data-start=\"1532\" data-end=\"1557\">\n<p class=\"\" data-start=\"1534\" data-end=\"1557\">Driftssp\u00e6nding: 12-24V<\/p>\n<\/li>\n<li class=\"\" data-start=\"1558\" data-end=\"1590\">\n<p class=\"\" data-start=\"1560\" data-end=\"1590\">Farve\/Overfladebehandling: Galvaniseret<\/p>\n<\/li>\n<li class=\"\" data-start=\"1591\" data-end=\"1610\">\n<p class=\"\" data-start=\"1593\" data-end=\"1610\">Stempelkontakt: Ja<\/p>\n<\/li>\n<li class=\"\" data-start=\"1611\" data-end=\"1636\">\n<p class=\"\" data-start=\"1613\" data-end=\"1636\">Sp\u00e6nding AC\/DC: AC\/DC<\/p>\n<\/li>\n<li class=\"\" data-start=\"1637\" data-end=\"1661\">\n<p class=\"\" data-start=\"1639\" data-end=\"1661\">Max sp\u00e6nding: 26,4 V<\/p>\n<\/li>\n<li class=\"\" data-start=\"1662\" data-end=\"1686\">\n<p class=\"\" data-start=\"1664\" data-end=\"1686\">Min sp\u00e6nding: 10,8 V<\/p>\n<\/li>\n<li class=\"\" data-start=\"1687\" data-end=\"1711\">\n<p class=\"\" data-start=\"1689\" data-end=\"1711\">Dobbelt twist drop: Nej<\/p>\n<\/li>\n<li class=\"\" data-start=\"1712\" data-end=\"1761\">\n<p class=\"\" data-start=\"1714\" data-end=\"1761\">H\u00f8jre\/omvendt: Kan skiftes (h\u00f8jre\/omvendt)<\/p>\n<\/li>\n<\/ul>\n<p class=\"\" data-start=\"1763\" data-end=\"2043\"><strong data-start=\"1763\" data-end=\"1785\">Anvendelsesomr\u00e5der<\/strong><br data-start=\"1785\" data-end=\"1788\" \/>Denne elektriske lukkeplade er ideel til brug i d\u00f8re i skalbeskyttelse, indvendig l\u00e5sning, indgange og offentlige omr\u00e5der i lejlighedsbygninger, kontorer og industri.<\/p>\n<p class=\"\" data-start=\"1763\" data-end=\"2043\">Det er is\u00e6r nyttigt i integrerede sikkerhedssystemer, der kr\u00e6ver underst\u00f8ttelse af Hi-O Can bus-teknologi.<\/p>","protected":false},"excerpt":{"rendered":"<h5><a href=\"https:\/\/elslutblecksguiden.se\/\" target=\"_blank\" rel=\"noopener\">Vejledning til ASSA Elektriske l\u00e5se, motorl\u00e5se, Elektriske slutplader og udskiftningsguide<\/a><\/h5>","protected":false},"featured_media":139430,"template":"","meta":{"_acf_changed":false},"product_brand":[],"product_cat":[3355],"product_tag":[4196,4202,2967],"class_list":{"0":"post-91543","1":"product","2":"type-product","3":"status-publish","4":"has-post-thumbnail","6":"product_cat-elslutbleck","7":"product_tag-12-24v","8":"product_tag-omstallbar-rattvand-omvand","9":"product_tag-rg-assa-abloy","10":"product_shipping_class-tunga-paket","11":"pa_brands-abloy","12":"tm-no-options","14":"first","15":"outofstock","16":"sale","17":"taxable","18":"shipping-taxable","19":"purchasable","20":"product-type-simple"},"acf":[],"_links":{"self":[{"href":"https:\/\/secureus.se\/dk\/wp-json\/wp\/v2\/product\/91543","targetHints":{"allow":["GET"]}}],"collection":[{"href":"https:\/\/secureus.se\/dk\/wp-json\/wp\/v2\/product"}],"about":[{"href":"https:\/\/secureus.se\/dk\/wp-json\/wp\/v2\/types\/product"}],"wp:featuredmedia":[{"embeddable":true,"href":"https:\/\/secureus.se\/dk\/wp-json\/wp\/v2\/media\/139430"}],"wp:attachment":[{"href":"https:\/\/secureus.se\/dk\/wp-json\/wp\/v2\/media?parent=91543"}],"wp:term":[{"taxonomy":"product_brand","embeddable":true,"href":"https:\/\/secureus.se\/dk\/wp-json\/wp\/v2\/product_brand?post=91543"},{"taxonomy":"product_cat","embeddable":true,"href":"https:\/\/secureus.se\/dk\/wp-json\/wp\/v2\/product_cat?post=91543"},{"taxonomy":"product_tag","embeddable":true,"href":"https:\/\/secureus.se\/dk\/wp-json\/wp\/v2\/product_tag?post=91543"}],"curies":[{"name":"wp","href":"https:\/\/api.w.org\/{rel}","templated":true}]}}