{"id":91544,"date":"2023-09-27T18:13:50","date_gmt":"2023-09-27T16:13:50","guid":{"rendered":"https:\/\/secureus.se\/elslutbleck-75-omstallbar-12-24v\/"},"modified":"2026-04-23T12:22:06","modified_gmt":"2026-04-23T10:22:06","slug":"elslutbleck-75-omstallbar-12-24v","status":"publish","type":"product","link":"https:\/\/secureus.se\/dk\/elslutbleck-75-omstallbar-12-24v\/","title":{"rendered":"El-slutplade 75 Omskiftelig 12-24V"},"content":{"rendered":"<h1>El-slutplade 75 Omskiftelig 12-24V<\/h1>\n<p class=\"\" data-start=\"430\" data-end=\"729\">ASSA ABLOY Standard elektrisk slisk 75 Justerbar 12-24V er designet til d\u00f8re med normale sikkerhedskrav.<\/p>\n<p class=\"\" data-start=\"430\" data-end=\"729\">L\u00e5sen kan nemt skiftes mellem frem- og bakfunktion, hvilket giver fleksibilitet alt efter behovet for at f\u00e5 d\u00f8ren l\u00e5st eller ul\u00e5st ved str\u00f8msvigt.<\/p>\n<p class=\"\" data-start=\"731\" data-end=\"1024\">Den er s\u00e6rligt velegnet til brug i brandsektions-skilled\u00f8re og i kombination med sammenl\u00e5ste enkelt- eller dobbeltl\u00e5se.<\/p>\n<p class=\"\" data-start=\"731\" data-end=\"1024\">Med en brudstyrke p\u00e5 700 kg (7 kN) og en robust konstruktion med bronze-drejel\u00e5s og zinklegeringsl\u00e5sehus giver den b\u00e5de holdbarhed og h\u00f8j sikkerhed.<\/p>\n<p class=\"\" data-start=\"1026\" data-end=\"1277\">Det elektriske slutstykke er ogs\u00e5 udstyret med indbygget transientbeskyttelse for at beskytte mod elektrisk interferens, hvilket g\u00f8r det ekstra p\u00e5lideligt i f\u00f8lsomme milj\u00f8er.<\/p>\n<p class=\"\" data-start=\"1026\" data-end=\"1277\">Dens h\u00f8je slag- og vibrationsbestandighed g\u00f8r den perfekt til d\u00f8re, der kr\u00e6ver langvarig og sikker funktion.<\/p>\n<p class=\"\" data-start=\"1279\" data-end=\"1301\"><strong data-start=\"1279\" data-end=\"1299\">Specifikationer:<\/strong><\/p>\n<ul data-start=\"1302\" data-end=\"1638\">\n<li class=\"\" data-start=\"1302\" data-end=\"1336\">\n<p class=\"\" data-start=\"1304\" data-end=\"1336\">Brudstyrke: 700 kg (7 kN)<\/p>\n<\/li>\n<li class=\"\" data-start=\"1337\" data-end=\"1369\">\n<p class=\"\" data-start=\"1339\" data-end=\"1369\">D\u00f8rh\u00e6ngsel: H\u00f8jre, venstre<\/p>\n<\/li>\n<li class=\"\" data-start=\"1370\" data-end=\"1407\">\n<p class=\"\" data-start=\"1372\" data-end=\"1407\">L\u00e5setype: Enkeltfaldsl\u00e5s, Dobbeltfaldsl\u00e5s<\/p>\n<\/li>\n<li class=\"\" data-start=\"1408\" data-end=\"1433\">\n<p class=\"\" data-start=\"1410\" data-end=\"1433\">Driftssp\u00e6nding: 12-24V<\/p>\n<\/li>\n<li class=\"\" data-start=\"1434\" data-end=\"1466\">\n<p class=\"\" data-start=\"1436\" data-end=\"1466\">Farve\/Overfladebehandling: Galvaniseret<\/p>\n<\/li>\n<li class=\"\" data-start=\"1467\" data-end=\"1487\">\n<p class=\"\" data-start=\"1469\" data-end=\"1487\">Stempelkontakt: Nej<\/p>\n<\/li>\n<li class=\"\" data-start=\"1488\" data-end=\"1513\">\n<p class=\"\" data-start=\"1490\" data-end=\"1513\">Sp\u00e6nding AC\/DC: AC\/DC<\/p>\n<\/li>\n<li class=\"\" data-start=\"1514\" data-end=\"1538\">\n<p class=\"\" data-start=\"1516\" data-end=\"1538\">Max sp\u00e6nding: 26,4 V<\/p>\n<\/li>\n<li class=\"\" data-start=\"1539\" data-end=\"1563\">\n<p class=\"\" data-start=\"1541\" data-end=\"1563\">Min sp\u00e6nding: 10,8 V<\/p>\n<\/li>\n<li class=\"\" data-start=\"1564\" data-end=\"1588\">\n<p class=\"\" data-start=\"1566\" data-end=\"1588\">Dobbelt twist drop: Nej<\/p>\n<\/li>\n<li class=\"\" data-start=\"1589\" data-end=\"1638\">\n<p class=\"\" data-start=\"1591\" data-end=\"1638\">H\u00f8jre\/omvendt: Kan skiftes (h\u00f8jre\/omvendt)<\/p>\n<\/li>\n<\/ul>\n<p class=\"\" data-start=\"1640\" data-end=\"1919\"><strong data-start=\"1640\" data-end=\"1662\">Anvendelsesomr\u00e5der<\/strong><br data-start=\"1662\" data-end=\"1665\" \/>Electric Strike 75 Justerbar 12-24V er perfekt til brug i perimeterbeskyttelse, intern l\u00e5sning og sikkerhed i erhvervsbygninger, kontorer og lejlighedsbygninger.<\/p>\n<p class=\"\" data-start=\"1640\" data-end=\"1919\">Det giver en fleksibel og sikker l\u00f8sning til d\u00f8re, der skal kunne tilpasses forskellige sikkerhedskrav.<\/p>","protected":false},"excerpt":{"rendered":"<h5><a href=\"https:\/\/elslutblecksguiden.se\/\" target=\"_blank\" rel=\"noopener\">Vejledning til ASSA Elektriske l\u00e5se, motorl\u00e5se, Elektriske slutplader og udskiftningsguide<\/a><\/h5>","protected":false},"featured_media":137056,"template":"","meta":{"_acf_changed":false},"product_brand":[],"product_cat":[3355],"product_tag":[4196,4202,2967],"class_list":{"0":"post-91544","1":"product","2":"type-product","3":"status-publish","4":"has-post-thumbnail","6":"product_cat-elslutbleck","7":"product_tag-12-24v","8":"product_tag-omstallbar-rattvand-omvand","9":"product_tag-rg-assa-abloy","10":"product_shipping_class-tunga-paket","11":"pa_brands-abloy","12":"tm-no-options","14":"first","15":"instock","16":"sale","17":"taxable","18":"shipping-taxable","19":"purchasable","20":"product-type-simple"},"acf":[],"_links":{"self":[{"href":"https:\/\/secureus.se\/dk\/wp-json\/wp\/v2\/product\/91544","targetHints":{"allow":["GET"]}}],"collection":[{"href":"https:\/\/secureus.se\/dk\/wp-json\/wp\/v2\/product"}],"about":[{"href":"https:\/\/secureus.se\/dk\/wp-json\/wp\/v2\/types\/product"}],"wp:featuredmedia":[{"embeddable":true,"href":"https:\/\/secureus.se\/dk\/wp-json\/wp\/v2\/media\/137056"}],"wp:attachment":[{"href":"https:\/\/secureus.se\/dk\/wp-json\/wp\/v2\/media?parent=91544"}],"wp:term":[{"taxonomy":"product_brand","embeddable":true,"href":"https:\/\/secureus.se\/dk\/wp-json\/wp\/v2\/product_brand?post=91544"},{"taxonomy":"product_cat","embeddable":true,"href":"https:\/\/secureus.se\/dk\/wp-json\/wp\/v2\/product_cat?post=91544"},{"taxonomy":"product_tag","embeddable":true,"href":"https:\/\/secureus.se\/dk\/wp-json\/wp\/v2\/product_tag?post=91544"}],"curies":[{"name":"wp","href":"https:\/\/api.w.org\/{rel}","templated":true}]}}