{"id":91545,"date":"2023-09-27T18:13:49","date_gmt":"2023-09-27T16:13:49","guid":{"rendered":"https:\/\/secureus.se\/elslutbleck-8331-omvand-24v-kolvkontakt\/"},"modified":"2026-04-08T15:57:53","modified_gmt":"2026-04-08T13:57:53","slug":"elslutbleck-8331-omvand-24v-kolvkontakt","status":"publish","type":"product","link":"https:\/\/secureus.se\/dk\/elslutbleck-8331-omvand-24v-kolvkontakt\/","title":{"rendered":"Elektrisk endeplade 8331 Omvendt 24V Stempelkontakt"},"content":{"rendered":"<h1>Elektrisk endeplade 8331 Omvendt 24V Stempelkontakt<\/h1>\n<p class=\"\" data-start=\"449\" data-end=\"801\">ASSA ABLOY ekstra st\u00e6rk elektrisk slutb\u00f8jle 8331 Omvendt 24V stempelkontakt er designet til at opfylde de h\u00f8jeste sikkerhedskrav, is\u00e6r i d\u00f8re med h\u00f8j brugsfrekvens.<\/p>\n<p class=\"\" data-start=\"449\" data-end=\"801\">Den er s\u00e6rdeles velegnet til brug som dagl\u00e5s i indhegninger, indgange, porte og andre d\u00f8re, der uds\u00e6ttes for h\u00f8je belastninger i handel, kontorer og industri.<\/p>\n<p class=\"\" data-start=\"803\" data-end=\"1152\">Det elektriske slutstykke har en omvendt funktion, hvilket betyder, at det l\u00e5ses op i tilf\u00e6lde af str\u00f8msvigt, hvilket g\u00f8r det optimalt til brug i flugtd\u00f8re og luftsluse med trykforskelle.<\/p>\n<p class=\"\" data-start=\"803\" data-end=\"1152\">Dens brudstyrke p\u00e5 750 kg (7,5 kN) og evnen til at h\u00e5ndtere et b\u00e5ndtryk p\u00e5 500 kg g\u00f8r den til en sikker og p\u00e5lidelig l\u00f8sning selv under vanskelige forhold.<\/p>\n<p class=\"\" data-start=\"1154\" data-end=\"1401\">Med en holdbar konstruktion, der kan modst\u00e5 millioner af \u00e5bningscyklusser, og en drejel\u00e5s i st\u00e5l og l\u00e5sehus, tilbyder dette elektriske endestykke lang holdbarhed og p\u00e5lidelig funktion.<\/p>\n<p class=\"\" data-start=\"1154\" data-end=\"1401\">Dens l\u00e5sende stempelstik og ankerstik sikrer nem og sikker installation.<\/p>\n<p class=\"\" data-start=\"1403\" data-end=\"1425\"><strong data-start=\"1403\" data-end=\"1423\">Specifikationer:<\/strong><\/p>\n<ul data-start=\"1426\" data-end=\"1755\">\n<li class=\"\" data-start=\"1426\" data-end=\"1462\">\n<p class=\"\" data-start=\"1428\" data-end=\"1462\">Brudstyrke: 750 kg (7,5 kN)<\/p>\n<\/li>\n<li class=\"\" data-start=\"1463\" data-end=\"1495\">\n<p class=\"\" data-start=\"1465\" data-end=\"1495\">D\u00f8rh\u00e6ngsel: H\u00f8jre, venstre<\/p>\n<\/li>\n<li class=\"\" data-start=\"1496\" data-end=\"1517\">\n<p class=\"\" data-start=\"1498\" data-end=\"1517\">Listetryk: 500 kg<\/p>\n<\/li>\n<li class=\"\" data-start=\"1518\" data-end=\"1555\">\n<p class=\"\" data-start=\"1520\" data-end=\"1555\">L\u00e5setype: Enkeltfaldsl\u00e5s, Dobbeltfaldsl\u00e5s<\/p>\n<\/li>\n<li class=\"\" data-start=\"1556\" data-end=\"1578\">\n<p class=\"\" data-start=\"1558\" data-end=\"1578\">Driftssp\u00e6nding: 24V<\/p>\n<\/li>\n<li class=\"\" data-start=\"1579\" data-end=\"1609\">\n<p class=\"\" data-start=\"1581\" data-end=\"1609\">Farve\/finish: Rustfrit st\u00e5l<\/p>\n<\/li>\n<li class=\"\" data-start=\"1610\" data-end=\"1629\">\n<p class=\"\" data-start=\"1612\" data-end=\"1629\">Stempelkontakt: Ja<\/p>\n<\/li>\n<li class=\"\" data-start=\"1630\" data-end=\"1652\">\n<p class=\"\" data-start=\"1632\" data-end=\"1652\">Sp\u00e6nding AC\/DC: DC<\/p>\n<\/li>\n<li class=\"\" data-start=\"1653\" data-end=\"1677\">\n<p class=\"\" data-start=\"1655\" data-end=\"1677\">Max sp\u00e6nding: 26,4 V<\/p>\n<\/li>\n<li class=\"\" data-start=\"1678\" data-end=\"1702\">\n<p class=\"\" data-start=\"1680\" data-end=\"1702\">Min sp\u00e6nding: 21,6 V<\/p>\n<\/li>\n<li class=\"\" data-start=\"1703\" data-end=\"1727\">\n<p class=\"\" data-start=\"1705\" data-end=\"1727\">Dobbelt twist drop: Nej<\/p>\n<\/li>\n<li class=\"\" data-start=\"1728\" data-end=\"1755\">\n<p class=\"\" data-start=\"1730\" data-end=\"1755\">Forside\/bagside: bagside<\/p>\n<\/li>\n<\/ul>\n<p class=\"\" data-start=\"1757\" data-end=\"2047\"><strong data-start=\"1757\" data-end=\"1779\">Anvendelsesomr\u00e5der<\/strong><br data-start=\"1779\" data-end=\"1782\" \/>Elektrisk slutplade 8331 er fremragende til brug i flugtd\u00f8re, luftsluse og andre sikkerhedskritiske d\u00f8re, hvor det er vigtigt, at l\u00e5sen l\u00e5ses op ved str\u00f8msvigt.<\/p>\n<p class=\"\" data-start=\"1757\" data-end=\"2047\">Perfekt til skalbeskyttelse og sikkerhed inden for h\u00f8jfrekvente d\u00f8re i industri-, kontor- og kommercielle milj\u00f8er.<\/p>","protected":false},"excerpt":{"rendered":"<h5><a href=\"https:\/\/elslutblecksguiden.se\/\" target=\"_blank\" rel=\"noopener\">Vejledning til ASSA Elektriske l\u00e5se, motorl\u00e5se, Elektriske slutplader og udskiftningsguide<\/a><\/h5>","protected":false},"featured_media":139443,"template":"","meta":{"_acf_changed":false},"product_brand":[],"product_cat":[3355],"product_tag":[4197,4201,2967],"class_list":{"0":"post-91545","1":"product","2":"type-product","3":"status-publish","4":"has-post-thumbnail","6":"product_cat-elslutbleck","7":"product_tag-24v","8":"product_tag-omvand","9":"product_tag-rg-assa-abloy","10":"product_shipping_class-tunga-paket","11":"pa_brands-abloy","12":"tm-no-options","14":"first","15":"onbackorder","16":"sale","17":"taxable","18":"shipping-taxable","19":"purchasable","20":"product-type-simple"},"acf":[],"_links":{"self":[{"href":"https:\/\/secureus.se\/dk\/wp-json\/wp\/v2\/product\/91545","targetHints":{"allow":["GET"]}}],"collection":[{"href":"https:\/\/secureus.se\/dk\/wp-json\/wp\/v2\/product"}],"about":[{"href":"https:\/\/secureus.se\/dk\/wp-json\/wp\/v2\/types\/product"}],"wp:featuredmedia":[{"embeddable":true,"href":"https:\/\/secureus.se\/dk\/wp-json\/wp\/v2\/media\/139443"}],"wp:attachment":[{"href":"https:\/\/secureus.se\/dk\/wp-json\/wp\/v2\/media?parent=91545"}],"wp:term":[{"taxonomy":"product_brand","embeddable":true,"href":"https:\/\/secureus.se\/dk\/wp-json\/wp\/v2\/product_brand?post=91545"},{"taxonomy":"product_cat","embeddable":true,"href":"https:\/\/secureus.se\/dk\/wp-json\/wp\/v2\/product_cat?post=91545"},{"taxonomy":"product_tag","embeddable":true,"href":"https:\/\/secureus.se\/dk\/wp-json\/wp\/v2\/product_tag?post=91545"}],"curies":[{"name":"wp","href":"https:\/\/api.w.org\/{rel}","templated":true}]}}