{"id":91547,"date":"2023-09-27T18:13:46","date_gmt":"2023-09-27T16:13:46","guid":{"rendered":"https:\/\/secureus.se\/elslutbleck-905m-omstallbar-12-24v-kolvkontakt\/"},"modified":"2026-04-23T12:22:24","modified_gmt":"2026-04-23T10:22:24","slug":"elslutbleck-905m-omstallbar-12-24v-kolvkontakt","status":"publish","type":"product","link":"https:\/\/secureus.se\/dk\/elslutbleck-905m-omstallbar-12-24v-kolvkontakt\/","title":{"rendered":"Elektrisk termineringsplade 905M Omskiftelig 12-24V Stempelkontakt"},"content":{"rendered":"<h1>Elektrisk termineringsplade 905M Omskiftelig 12-24V Stempelkontakt<\/h1>\n<p class=\"\" data-start=\"447\" data-end=\"796\">ASSA Electric Strike 905M Omskiftelig 12-24V stempelkontakt er en del af 900-serien og er designet til at opfylde sikkerhedskrav i d\u00f8re, der bruges i kommercielle og industrielle milj\u00f8er.<\/p>\n<p class=\"\" data-start=\"447\" data-end=\"796\">Det er nemt at skifte mellem frem- og bakfunktion, hvilket g\u00f8r den fleksibel og kan tilpasses forskellige sikkerhedsbehov.<\/p>\n<p class=\"\" data-start=\"798\" data-end=\"1126\">Med en brudstyrke p\u00e5 650 kg (6,5 kN) og h\u00f8j modstandsdygtighed over for vibrationer og st\u00f8d er denne elektriske sl\u00f8jfe ideel til h\u00f8jfrekvente d\u00f8re, der er udsat for belastning.<\/p>\n<p class=\"\" data-start=\"798\" data-end=\"1126\">L\u00e5sehuset er lavet af zinklegering, og drejel\u00e5sen er lavet af bronze, som giver ekstra holdbarhed. Dens forbedrede strimmeltrykfunktion g\u00f8r det muligt at h\u00e5ndtere \u00e5bning under tryk.<\/p>\n<p class=\"\" data-start=\"1128\" data-end=\"1391\">Det elektriske slutstykke er udstyret med en stempelkontakt og indbygget transientbeskyttelse for at beskytte mod elektrisk interferens.<\/p>\n<p class=\"\" data-start=\"1128\" data-end=\"1391\">Dette g\u00f8r det til en meget p\u00e5lidelig mulighed for d\u00f8re, der kr\u00e6ver konstant sikkerhed, s\u00e5som i autov\u00e6rn, indgange og andre offentlige rum.<\/p>\n<p class=\"\" data-start=\"1393\" data-end=\"1415\"><strong data-start=\"1393\" data-end=\"1413\">Specifikationer:<\/strong><\/p>\n<ul data-start=\"1416\" data-end=\"1827\">\n<li class=\"\" data-start=\"1416\" data-end=\"1452\">\n<p class=\"\" data-start=\"1418\" data-end=\"1452\">Brudstyrke: 650 kg (6,5 kN)<\/p>\n<\/li>\n<li class=\"\" data-start=\"1453\" data-end=\"1485\">\n<p class=\"\" data-start=\"1455\" data-end=\"1485\">D\u00f8rh\u00e6ngsel: H\u00f8jre, venstre<\/p>\n<\/li>\n<li class=\"\" data-start=\"1486\" data-end=\"1523\">\n<p class=\"\" data-start=\"1488\" data-end=\"1523\">L\u00e5setype: Enkeltfaldsl\u00e5s, Dobbeltfaldsl\u00e5s<\/p>\n<\/li>\n<li class=\"\" data-start=\"1524\" data-end=\"1549\">\n<p class=\"\" data-start=\"1526\" data-end=\"1549\">Driftssp\u00e6nding: 12-24V<\/p>\n<\/li>\n<li class=\"\" data-start=\"1550\" data-end=\"1582\">\n<p class=\"\" data-start=\"1552\" data-end=\"1582\">Farve\/Overfladebehandling: Galvaniseret<\/p>\n<\/li>\n<li class=\"\" data-start=\"1583\" data-end=\"1602\">\n<p class=\"\" data-start=\"1585\" data-end=\"1602\">Stempelkontakt: Ja<\/p>\n<\/li>\n<li class=\"\" data-start=\"1603\" data-end=\"1628\">\n<p class=\"\" data-start=\"1605\" data-end=\"1628\">Sp\u00e6nding AC\/DC: AC\/DC<\/p>\n<\/li>\n<li class=\"\" data-start=\"1629\" data-end=\"1653\">\n<p class=\"\" data-start=\"1631\" data-end=\"1653\">Max sp\u00e6nding: 27,6 V<\/p>\n<\/li>\n<li class=\"\" data-start=\"1654\" data-end=\"1678\">\n<p class=\"\" data-start=\"1656\" data-end=\"1678\">Min sp\u00e6nding: 10,8 V<\/p>\n<\/li>\n<li class=\"\" data-start=\"1679\" data-end=\"1703\">\n<p class=\"\" data-start=\"1681\" data-end=\"1703\">Dobbelt twist drop: Nej<\/p>\n<\/li>\n<li class=\"\" data-start=\"1704\" data-end=\"1753\">\n<p class=\"\" data-start=\"1706\" data-end=\"1753\">H\u00f8jre\/omvendt: Kan skiftes (h\u00f8jre\/omvendt)<\/p>\n<\/li>\n<li class=\"\" data-start=\"1754\" data-end=\"1778\">\n<p class=\"\" data-start=\"1756\" data-end=\"1778\">Produktbredde: 27 mm<\/p>\n<\/li>\n<li class=\"\" data-start=\"1779\" data-end=\"1802\">\n<p class=\"\" data-start=\"1781\" data-end=\"1802\">Produktdybde: 40 mm<\/p>\n<\/li>\n<li class=\"\" data-start=\"1803\" data-end=\"1827\">\n<p class=\"\" data-start=\"1805\" data-end=\"1827\">Produkth\u00f8jde: 140 mm<\/p>\n<\/li>\n<\/ul>\n<p class=\"\" data-start=\"1829\" data-end=\"2132\"><strong data-start=\"1829\" data-end=\"1851\">Anvendelsesomr\u00e5der<\/strong><br data-start=\"1851\" data-end=\"1854\" \/>Elektrisk slutplade 905M er perfekt til d\u00f8re i skalbeskyttelse, indvendig l\u00e5sning og sikkerhedsl\u00f8sninger i bygninger som kontorer, industri, handel eller flerfamiliehuse.<\/p>\n<p class=\"\" data-start=\"1829\" data-end=\"2132\">Det giver en fleksibel og p\u00e5lidelig l\u00f8sning, hvor b\u00e5de frem- og bakfunktion er vigtig afh\u00e6ngig af installationskravene.<\/p>","protected":false},"excerpt":{"rendered":"<h5><a href=\"https:\/\/elslutblecksguiden.se\/\" target=\"_blank\" rel=\"noopener\">Vejledning til ASSA Elektriske l\u00e5se, motorl\u00e5se, Elektriske slutplader og udskiftningsguide<\/a><\/h5>","protected":false},"featured_media":138590,"template":"","meta":{"_acf_changed":false},"product_brand":[],"product_cat":[3355],"product_tag":[4196,4202,2967],"class_list":{"0":"post-91547","1":"product","2":"type-product","3":"status-publish","4":"has-post-thumbnail","6":"product_cat-elslutbleck","7":"product_tag-12-24v","8":"product_tag-omstallbar-rattvand-omvand","9":"product_tag-rg-assa-abloy","10":"product_shipping_class-tunga-paket","11":"pa_brands-abloy","12":"tm-no-options","14":"first","15":"outofstock","16":"sale","17":"taxable","18":"shipping-taxable","19":"purchasable","20":"product-type-simple"},"acf":[],"_links":{"self":[{"href":"https:\/\/secureus.se\/dk\/wp-json\/wp\/v2\/product\/91547","targetHints":{"allow":["GET"]}}],"collection":[{"href":"https:\/\/secureus.se\/dk\/wp-json\/wp\/v2\/product"}],"about":[{"href":"https:\/\/secureus.se\/dk\/wp-json\/wp\/v2\/types\/product"}],"wp:featuredmedia":[{"embeddable":true,"href":"https:\/\/secureus.se\/dk\/wp-json\/wp\/v2\/media\/138590"}],"wp:attachment":[{"href":"https:\/\/secureus.se\/dk\/wp-json\/wp\/v2\/media?parent=91547"}],"wp:term":[{"taxonomy":"product_brand","embeddable":true,"href":"https:\/\/secureus.se\/dk\/wp-json\/wp\/v2\/product_brand?post=91547"},{"taxonomy":"product_cat","embeddable":true,"href":"https:\/\/secureus.se\/dk\/wp-json\/wp\/v2\/product_cat?post=91547"},{"taxonomy":"product_tag","embeddable":true,"href":"https:\/\/secureus.se\/dk\/wp-json\/wp\/v2\/product_tag?post=91547"}],"curies":[{"name":"wp","href":"https:\/\/api.w.org\/{rel}","templated":true}]}}