{"id":91548,"date":"2023-09-27T18:13:44","date_gmt":"2023-09-27T16:13:44","guid":{"rendered":"https:\/\/secureus.se\/elslutbleck-910-rattvand-12-24v\/"},"modified":"2026-03-25T15:41:16","modified_gmt":"2026-03-25T14:41:16","slug":"elslutbleck-910-rattvand-12-24v","status":"publish","type":"product","link":"https:\/\/secureus.se\/dk\/elslutbleck-910-rattvand-12-24v\/","title":{"rendered":"El-slutplade 910 H\u00f8jrevendt 12-24V"},"content":{"rendered":"<h1>El-slutplade 910 H\u00f8jrevendt 12-24V<\/h1>\n<p class=\"\" data-start=\"428\" data-end=\"779\">ASSA Elslutbleck 910 H\u00f8jrevendt 12-24V er en del af 900-serien og er designet til at opfylde sikkerhedskrav i d\u00f8re, der anvendes i kommercielle og industrielle milj\u00f8er.<\/p>\n<p class=\"\" data-start=\"428\" data-end=\"779\">Med en brudstyrke p\u00e5 800 kg (8 kN) og h\u00f8j st\u00f8d- og slagfasthed er denne elektriske lukkeplade perfekt til d\u00f8re med tung belastning og hyppig brug.<\/p>\n<p class=\"\" data-start=\"781\" data-end=\"1152\">L\u00e5sen har en omvendt funktion, hvilket betyder, at den er l\u00e5st selv i tilf\u00e6lde af str\u00f8msvigt, hvilket g\u00f8r den til en p\u00e5lidelig sikkerhedsl\u00f8sning til forskellige applikationer.<\/p>\n<p class=\"\" data-start=\"781\" data-end=\"1152\">L\u00e5sehuset er fremstillet i zinklegering og drejekassen er i bronze, hvilket giver \u00f8get holdbarhed og lang levetid.<\/p>\n<p class=\"\" data-start=\"781\" data-end=\"1152\">Den forbedrede b\u00e5ndtrykfunktion g\u00f8r det muligt at \u00e5bne d\u00f8ren selv ved h\u00f8jt tryk.<\/p>\n<p class=\"\" data-start=\"1154\" data-end=\"1336\">Den elektriske termineringsplade er ogs\u00e5 udstyret med en indbygget transientbeskyttelse for at beskytte mod elektriske forstyrrelser, hvilket g\u00f8r den ekstra p\u00e5lidelig til installationer, hvor stabilitet er afg\u00f8rende.<\/p>\n<p class=\"\" data-start=\"1338\" data-end=\"1360\"><strong data-start=\"1338\" data-end=\"1358\">Specifikationer:<\/strong><\/p>\n<ul data-start=\"1361\" data-end=\"1772\">\n<li class=\"\" data-start=\"1361\" data-end=\"1395\">\n<p class=\"\" data-start=\"1363\" data-end=\"1395\">Brudstyrke: 800 kg (8 kN)<\/p>\n<\/li>\n<li class=\"\" data-start=\"1396\" data-end=\"1428\">\n<p class=\"\" data-start=\"1398\" data-end=\"1428\">D\u00f8rh\u00e6ngsel: H\u00f8jre, venstre<\/p>\n<\/li>\n<li class=\"\" data-start=\"1429\" data-end=\"1449\">\n<p class=\"\" data-start=\"1431\" data-end=\"1449\">Listetryk: 12 kg<\/p>\n<\/li>\n<li class=\"\" data-start=\"1450\" data-end=\"1487\">\n<p class=\"\" data-start=\"1452\" data-end=\"1487\">L\u00e5setype: Enkeltfaldsl\u00e5s, Dobbeltfaldsl\u00e5s<\/p>\n<\/li>\n<li class=\"\" data-start=\"1488\" data-end=\"1513\">\n<p class=\"\" data-start=\"1490\" data-end=\"1513\">Driftssp\u00e6nding: 12-24V<\/p>\n<\/li>\n<li class=\"\" data-start=\"1514\" data-end=\"1546\">\n<p class=\"\" data-start=\"1516\" data-end=\"1546\">Farve\/Overfladebehandling: Galvaniseret<\/p>\n<\/li>\n<li class=\"\" data-start=\"1547\" data-end=\"1567\">\n<p class=\"\" data-start=\"1549\" data-end=\"1567\">Stempelkontakt: Nej<\/p>\n<\/li>\n<li class=\"\" data-start=\"1568\" data-end=\"1593\">\n<p class=\"\" data-start=\"1570\" data-end=\"1593\">Sp\u00e6nding AC\/DC: AC\/DC<\/p>\n<\/li>\n<li class=\"\" data-start=\"1594\" data-end=\"1618\">\n<p class=\"\" data-start=\"1596\" data-end=\"1618\">Max sp\u00e6nding: 27,6 V<\/p>\n<\/li>\n<li class=\"\" data-start=\"1619\" data-end=\"1643\">\n<p class=\"\" data-start=\"1621\" data-end=\"1643\">Min sp\u00e6nding: 10,8 V<\/p>\n<\/li>\n<li class=\"\" data-start=\"1644\" data-end=\"1668\">\n<p class=\"\" data-start=\"1646\" data-end=\"1668\">Dobbelt twist drop: Nej<\/p>\n<\/li>\n<li class=\"\" data-start=\"1669\" data-end=\"1698\">\n<p class=\"\" data-start=\"1671\" data-end=\"1698\">Forside\/bagside: Forside<\/p>\n<\/li>\n<li class=\"\" data-start=\"1699\" data-end=\"1723\">\n<p class=\"\" data-start=\"1701\" data-end=\"1723\">Produktbredde: 27 mm<\/p>\n<\/li>\n<li class=\"\" data-start=\"1724\" data-end=\"1747\">\n<p class=\"\" data-start=\"1726\" data-end=\"1747\">Produktdybde: 40 mm<\/p>\n<\/li>\n<li class=\"\" data-start=\"1748\" data-end=\"1772\">\n<p class=\"\" data-start=\"1750\" data-end=\"1772\">Produkth\u00f8jde: 140 mm<\/p>\n<\/li>\n<\/ul>\n<p class=\"\" data-start=\"1774\" data-end=\"1993\"><strong data-start=\"1774\" data-end=\"1796\">Anvendelsesomr\u00e5der<\/strong><br data-start=\"1796\" data-end=\"1799\" \/>Elektrisk slutplade 910 H\u00f8jrevendt 12-24V er perfekt til d\u00f8re, der anvendes i sikkerhedskritiske milj\u00f8er, s\u00e5som skalbeskyttelse, indvendig afl\u00e5sning, indgange og offentlige rum p\u00e5 kontorer, handel og industri.<\/p>","protected":false},"excerpt":{"rendered":"<h5><a href=\"https:\/\/elslutblecksguiden.se\/\" target=\"_blank\" rel=\"noopener\">Vejledning til ASSA Elektriske l\u00e5se, motorl\u00e5se, Elektriske slutplader og udskiftningsguide<\/a><\/h5>","protected":false},"featured_media":139081,"template":"","meta":{"_acf_changed":false},"product_brand":[],"product_cat":[3355],"product_tag":[4196,4200,2967],"class_list":{"0":"post-91548","1":"product","2":"type-product","3":"status-publish","4":"has-post-thumbnail","6":"product_cat-elslutbleck","7":"product_tag-12-24v","8":"product_tag-rattvand","9":"product_tag-rg-assa-abloy","10":"product_shipping_class-tunga-paket","11":"pa_brands-abloy","12":"tm-no-options","14":"first","15":"outofstock","16":"sale","17":"taxable","18":"shipping-taxable","19":"purchasable","20":"product-type-simple"},"acf":[],"_links":{"self":[{"href":"https:\/\/secureus.se\/dk\/wp-json\/wp\/v2\/product\/91548","targetHints":{"allow":["GET"]}}],"collection":[{"href":"https:\/\/secureus.se\/dk\/wp-json\/wp\/v2\/product"}],"about":[{"href":"https:\/\/secureus.se\/dk\/wp-json\/wp\/v2\/types\/product"}],"wp:featuredmedia":[{"embeddable":true,"href":"https:\/\/secureus.se\/dk\/wp-json\/wp\/v2\/media\/139081"}],"wp:attachment":[{"href":"https:\/\/secureus.se\/dk\/wp-json\/wp\/v2\/media?parent=91548"}],"wp:term":[{"taxonomy":"product_brand","embeddable":true,"href":"https:\/\/secureus.se\/dk\/wp-json\/wp\/v2\/product_brand?post=91548"},{"taxonomy":"product_cat","embeddable":true,"href":"https:\/\/secureus.se\/dk\/wp-json\/wp\/v2\/product_cat?post=91548"},{"taxonomy":"product_tag","embeddable":true,"href":"https:\/\/secureus.se\/dk\/wp-json\/wp\/v2\/product_tag?post=91548"}],"curies":[{"name":"wp","href":"https:\/\/api.w.org\/{rel}","templated":true}]}}