{"id":91551,"date":"2023-09-27T18:13:40","date_gmt":"2023-09-27T16:13:40","guid":{"rendered":"https:\/\/secureus.se\/elslutbleck-920-brand-rattvand-12-24v\/"},"modified":"2026-04-08T15:56:52","modified_gmt":"2026-04-08T13:56:52","slug":"elslutbleck-920-brand-rattvand-12-24v","status":"publish","type":"product","link":"https:\/\/secureus.se\/dk\/elslutbleck-920-brand-rattvand-12-24v\/","title":{"rendered":"El-slutplade 920 M\u00e6rke H\u00f8jrevendt 12-24V"},"content":{"rendered":"<h1>El-slutplade 920 M\u00e6rke H\u00f8jrevendt 12-24V<\/h1>\n<p class=\"\" data-start=\"419\" data-end=\"775\">ASSA Elslutbleck 920 Fire H\u00f8jrevendt 12-24V er en del af 900-serien og er designet til at give h\u00f8j sikkerhed og p\u00e5lidelighed i d\u00f8re, der anvendes i brandcelleskillev\u00e6gge.<\/p>\n<p class=\"\" data-start=\"419\" data-end=\"775\">Med en brandklassificering p\u00e5 E\/EI60 er den designet til at modst\u00e5 brand i op til 60 minutter, hvilket g\u00f8r den til en sikker l\u00f8sning til brandcelle-skilled\u00f8re.<\/p>\n<p class=\"\" data-start=\"777\" data-end=\"1089\">Med en brudstyrke p\u00e5 1000 kg (10 kN) og h\u00f8j st\u00f8d- og slagfasthed er denne elektriske lukkeplade ideel til h\u00f8jfrekvente d\u00f8re i udsatte omgivelser.<\/p>\n<p class=\"\" data-start=\"777\" data-end=\"1089\">L\u00e5sehuset er lavet af st\u00e5l og twist casen er lavet af st\u00e5l, hvilket giver ekstra holdbarhed. Den forbedrede b\u00e5ndtrykfunktion g\u00f8r det muligt at \u00e5bne d\u00f8ren selv under tryk.<\/p>\n<p class=\"\" data-start=\"1091\" data-end=\"1318\">Den elektriske termineringsplade er desuden udstyret med indbygget transientbeskyttelse, som beskytter mod elektriske forstyrrelser. Dens h\u00f8jrevendte funktion sikrer, at d\u00f8ren forbliver l\u00e5st i tilf\u00e6lde af str\u00f8msvigt, hvilket \u00f8ger sikkerheden i tilf\u00e6lde af en n\u00f8dsituation.<\/p>\n<p class=\"\" data-start=\"1320\" data-end=\"1342\"><strong data-start=\"1320\" data-end=\"1340\">Specifikationer:<\/strong><\/p>\n<ul data-start=\"1343\" data-end=\"1780\">\n<li class=\"\" data-start=\"1343\" data-end=\"1379\">\n<p class=\"\" data-start=\"1345\" data-end=\"1379\">Brudstyrke: 1000 kg (10 kN)<\/p>\n<\/li>\n<li class=\"\" data-start=\"1380\" data-end=\"1412\">\n<p class=\"\" data-start=\"1382\" data-end=\"1412\">D\u00f8rh\u00e6ngsel: H\u00f8jre, venstre<\/p>\n<\/li>\n<li class=\"\" data-start=\"1413\" data-end=\"1433\">\n<p class=\"\" data-start=\"1415\" data-end=\"1433\">Listetryk: 12 kg<\/p>\n<\/li>\n<li class=\"\" data-start=\"1434\" data-end=\"1471\">\n<p class=\"\" data-start=\"1436\" data-end=\"1471\">L\u00e5setype: Enkeltfaldsl\u00e5s, Dobbeltfaldsl\u00e5s<\/p>\n<\/li>\n<li class=\"\" data-start=\"1472\" data-end=\"1497\">\n<p class=\"\" data-start=\"1474\" data-end=\"1497\">Driftssp\u00e6nding: 12-24V<\/p>\n<\/li>\n<li class=\"\" data-start=\"1498\" data-end=\"1530\">\n<p class=\"\" data-start=\"1500\" data-end=\"1530\">Farve\/Overfladebehandling: Galvaniseret<\/p>\n<\/li>\n<li class=\"\" data-start=\"1531\" data-end=\"1551\">\n<p class=\"\" data-start=\"1533\" data-end=\"1551\">Stempelkontakt: Nej<\/p>\n<\/li>\n<li class=\"\" data-start=\"1552\" data-end=\"1577\">\n<p class=\"\" data-start=\"1554\" data-end=\"1577\">Sp\u00e6nding AC\/DC: AC\/DC<\/p>\n<\/li>\n<li class=\"\" data-start=\"1578\" data-end=\"1602\">\n<p class=\"\" data-start=\"1580\" data-end=\"1602\">Max sp\u00e6nding: 27,6 V<\/p>\n<\/li>\n<li class=\"\" data-start=\"1603\" data-end=\"1627\">\n<p class=\"\" data-start=\"1605\" data-end=\"1627\">Min sp\u00e6nding: 10,8 V<\/p>\n<\/li>\n<li class=\"\" data-start=\"1628\" data-end=\"1652\">\n<p class=\"\" data-start=\"1630\" data-end=\"1652\">Dobbelt twist drop: Nej<\/p>\n<\/li>\n<li class=\"\" data-start=\"1653\" data-end=\"1682\">\n<p class=\"\" data-start=\"1655\" data-end=\"1682\">Forside\/bagside: Forside<\/p>\n<\/li>\n<li class=\"\" data-start=\"1683\" data-end=\"1706\">\n<p class=\"\" data-start=\"1685\" data-end=\"1706\">Brandtestet: 60 min<\/p>\n<\/li>\n<li class=\"\" data-start=\"1707\" data-end=\"1731\">\n<p class=\"\" data-start=\"1709\" data-end=\"1731\">Produktbredde: 27 mm<\/p>\n<\/li>\n<li class=\"\" data-start=\"1732\" data-end=\"1755\">\n<p class=\"\" data-start=\"1734\" data-end=\"1755\">Produktdybde: 40 mm<\/p>\n<\/li>\n<li class=\"\" data-start=\"1756\" data-end=\"1780\">\n<p class=\"\" data-start=\"1758\" data-end=\"1780\">Produkth\u00f8jde: 140 mm<\/p>\n<\/li>\n<\/ul>\n<p class=\"\" data-start=\"1782\" data-end=\"2085\"><strong data-start=\"1782\" data-end=\"1804\">Anvendelsesomr\u00e5der<\/strong><br data-start=\"1804\" data-end=\"1807\" \/>El-lukkeplade 920 Fire H\u00f8jrevendt 12-24V er perfekt til brug i brandcelle-skilled\u00f8re og d\u00f8re, der kr\u00e6ver h\u00f8j sikkerhed i tilf\u00e6lde af brand.<\/p>\n<p class=\"\" data-start=\"1782\" data-end=\"2085\">Den er velegnet til installation i bygninger som kontorer, industri, handel og etageejendomme, hvor b\u00e5de sikkerhed og brandmodstand er afg\u00f8rende.<\/p>","protected":false},"excerpt":{"rendered":"<h5><a href=\"https:\/\/elslutblecksguiden.se\/\" target=\"_blank\" rel=\"noopener\">Vejledning til ASSA Elektriske l\u00e5se, motorl\u00e5se, Elektriske slutplader og udskiftningsguide<\/a><\/h5>","protected":false},"featured_media":139107,"template":"","meta":{"_acf_changed":false},"product_brand":[],"product_cat":[3355],"product_tag":[4196,4200,2967],"class_list":{"0":"post-91551","1":"product","2":"type-product","3":"status-publish","4":"has-post-thumbnail","6":"product_cat-elslutbleck","7":"product_tag-12-24v","8":"product_tag-rattvand","9":"product_tag-rg-assa-abloy","10":"product_shipping_class-tunga-paket","11":"pa_brands-abloy","12":"tm-no-options","14":"first","15":"instock","16":"sale","17":"taxable","18":"shipping-taxable","19":"purchasable","20":"product-type-simple"},"acf":[],"_links":{"self":[{"href":"https:\/\/secureus.se\/dk\/wp-json\/wp\/v2\/product\/91551","targetHints":{"allow":["GET"]}}],"collection":[{"href":"https:\/\/secureus.se\/dk\/wp-json\/wp\/v2\/product"}],"about":[{"href":"https:\/\/secureus.se\/dk\/wp-json\/wp\/v2\/types\/product"}],"wp:featuredmedia":[{"embeddable":true,"href":"https:\/\/secureus.se\/dk\/wp-json\/wp\/v2\/media\/139107"}],"wp:attachment":[{"href":"https:\/\/secureus.se\/dk\/wp-json\/wp\/v2\/media?parent=91551"}],"wp:term":[{"taxonomy":"product_brand","embeddable":true,"href":"https:\/\/secureus.se\/dk\/wp-json\/wp\/v2\/product_brand?post=91551"},{"taxonomy":"product_cat","embeddable":true,"href":"https:\/\/secureus.se\/dk\/wp-json\/wp\/v2\/product_cat?post=91551"},{"taxonomy":"product_tag","embeddable":true,"href":"https:\/\/secureus.se\/dk\/wp-json\/wp\/v2\/product_tag?post=91551"}],"curies":[{"name":"wp","href":"https:\/\/api.w.org\/{rel}","templated":true}]}}