{"id":91556,"date":"2023-09-27T18:13:33","date_gmt":"2023-09-27T16:13:33","guid":{"rendered":"https:\/\/secureus.se\/elslutbleck-961m-omvand-12-24v-kolvkontakt-5m-kabel\/"},"modified":"2026-04-08T16:03:41","modified_gmt":"2026-04-08T14:03:41","slug":"elslutbleck-961m-omvand-12-24v-kolvkontakt-5m-kabel","status":"publish","type":"product","link":"https:\/\/secureus.se\/dk\/elslutbleck-961m-omvand-12-24v-kolvkontakt-5m-kabel\/","title":{"rendered":"Elektrisk termineringsplade 961M Omvendt 12-24V Stempelstik 5m Kabel"},"content":{"rendered":"<div>\n<h1>Elektrisk termineringsplade 961M Omvendt 12-24V Stempelstik 5m Kabel<\/h1>\n<p>El-slutstykke 961M Omvendt 12-24V Stempelkontakt 5m Kabel fra ASSA ABLOY er et robust el-slutstykke med en brudstyrke p\u00e5 1500 kg og en omvendt funktion, som g\u00f8r den ul\u00e5st ved str\u00f8msvigt.<\/p>\n<p>Den er designet til brug i skalbeskyttelse og indvendig l\u00e5sning i kommercielle, kontor- og industriomr\u00e5der samt i flerfamiliehuse.<\/p>\n<p class=\"\" data-start=\"469\" data-end=\"872\">ASSA ABLOY 961M Reverse 12-24V Stempelkontakt 5m Kabel er designet til d\u00f8re med h\u00f8je krav til b\u00e5ndtryk og sikkerhed.<\/p>\n<p class=\"\" data-start=\"469\" data-end=\"872\">Med en imponerende brudstyrke p\u00e5 1500 kg (15 kN) og brandklasse E\/EI 120 (op til 120 minutter) giver dette elektriske slutstykke b\u00e5de sikkerhed og p\u00e5lidelighed i brandsektionsd\u00f8re og andre applikationer, hvor b\u00e5de sikkerhed og brandmodstand er afg\u00f8rende.<\/p>\n<p class=\"\" data-start=\"874\" data-end=\"1225\">Den omvendte funktion betyder, at det elektriske slutstykke forbliver ul\u00e5st i tilf\u00e6lde af str\u00f8msvigt, hvilket g\u00f8r det til en ideel l\u00f8sning til flugtd\u00f8re og andre kritiske applikationer, hvor hurtig \u00e5bning er vigtig.<\/p>\n<p class=\"\" data-start=\"874\" data-end=\"1225\">L\u00e5sen er udstyret med en l\u00e5seboltkontakt og ankerkontakt og tilbyder h\u00f8j st\u00f8d- og slagfasthed, hvilket g\u00f8r den holdbar til barske milj\u00f8er.<\/p>\n<p data-start=\"874\" data-end=\"1225\">Den elektriske slutplade er ogs\u00e5 kompatibel med sammenl\u00e5ste enkelt- og dobbeltl\u00e5se og passer til alle 900-seriens monteringsstolper. Tilslutningskablet p\u00e5 5 meter medf\u00f8lger for nem installation.<\/p>\n<p class=\"\" data-start=\"1413\" data-end=\"1435\"><strong data-start=\"1413\" data-end=\"1433\">Specifikationer:<\/strong><\/p>\n<ul data-start=\"1436\" data-end=\"1898\">\n<li class=\"\" data-start=\"1436\" data-end=\"1472\">\n<p class=\"\" data-start=\"1438\" data-end=\"1472\">Brudstyrke: 1500 kg (15 kN)<\/p>\n<\/li>\n<li class=\"\" data-start=\"1473\" data-end=\"1505\">\n<p class=\"\" data-start=\"1475\" data-end=\"1505\">D\u00f8rh\u00e6ngsel: H\u00f8jre, venstre<\/p>\n<\/li>\n<li class=\"\" data-start=\"1506\" data-end=\"1527\">\n<p class=\"\" data-start=\"1508\" data-end=\"1527\">Strimmeltryk: 300 kg<\/p>\n<\/li>\n<li class=\"\" data-start=\"1528\" data-end=\"1565\">\n<p class=\"\" data-start=\"1530\" data-end=\"1565\">L\u00e5setype: Enkeltfaldsl\u00e5s, Dobbeltfaldsl\u00e5s<\/p>\n<\/li>\n<li class=\"\" data-start=\"1566\" data-end=\"1591\">\n<p class=\"\" data-start=\"1568\" data-end=\"1591\">Driftssp\u00e6nding: 12-24V<\/p>\n<\/li>\n<li class=\"\" data-start=\"1592\" data-end=\"1624\">\n<p class=\"\" data-start=\"1594\" data-end=\"1624\">Farve\/Overfladebehandling: Galvaniseret<\/p>\n<\/li>\n<li class=\"\" data-start=\"1625\" data-end=\"1644\">\n<p class=\"\" data-start=\"1627\" data-end=\"1644\">Stempelkontakt: Ja<\/p>\n<\/li>\n<li class=\"\" data-start=\"1645\" data-end=\"1670\">\n<p class=\"\" data-start=\"1647\" data-end=\"1670\">Sp\u00e6nding AC\/DC: AC\/DC<\/p>\n<\/li>\n<li class=\"\" data-start=\"1671\" data-end=\"1695\">\n<p class=\"\" data-start=\"1673\" data-end=\"1695\">Max sp\u00e6nding: 27,6 V<\/p>\n<\/li>\n<li class=\"\" data-start=\"1696\" data-end=\"1720\">\n<p class=\"\" data-start=\"1698\" data-end=\"1720\">Min sp\u00e6nding: 10,8 V<\/p>\n<\/li>\n<li class=\"\" data-start=\"1721\" data-end=\"1745\">\n<p class=\"\" data-start=\"1723\" data-end=\"1745\">Dobbelt twist drop: Nej<\/p>\n<\/li>\n<li class=\"\" data-start=\"1746\" data-end=\"1773\">\n<p class=\"\" data-start=\"1748\" data-end=\"1773\">Forside\/bagside: bagside<\/p>\n<\/li>\n<li class=\"\" data-start=\"1774\" data-end=\"1798\">\n<p class=\"\" data-start=\"1776\" data-end=\"1798\">Brandtestet: 120 min<\/p>\n<\/li>\n<li class=\"\" data-start=\"1799\" data-end=\"1822\">\n<p class=\"\" data-start=\"1801\" data-end=\"1822\">Kabell\u00e6ngde: 5 meter<\/p>\n<\/li>\n<li class=\"\" data-start=\"1823\" data-end=\"1847\">\n<p class=\"\" data-start=\"1825\" data-end=\"1847\">Produkth\u00f8jde: 140 mm<\/p>\n<\/li>\n<li class=\"\" data-start=\"1848\" data-end=\"1874\">\n<p class=\"\" data-start=\"1850\" data-end=\"1874\">Produktbredde: 26,5 mm<\/p>\n<\/li>\n<li class=\"\" data-start=\"1875\" data-end=\"1898\">\n<p class=\"\" data-start=\"1877\" data-end=\"1898\">Produktdybde: 35 mm<\/p>\n<\/li>\n<\/ul>\n<p class=\"\" data-start=\"1900\" data-end=\"2240\"><strong data-start=\"1900\" data-end=\"1922\">Anvendelsesomr\u00e5der<\/strong><br data-start=\"1922\" data-end=\"1925\" \/>961M elektriske slutb\u00f8jle er ideel til d\u00f8re, der kr\u00e6ver b\u00e5de h\u00f8j sikkerhed og brandmodstand, herunder skalbeskyttelse, indvendig l\u00e5sning og brandsektionsd\u00f8re i erhvervsbygninger, kontorer og flerfamiliehuse.<\/p>\n<p class=\"\" data-start=\"1900\" data-end=\"2240\">Den er ogs\u00e5 velegnet til applikationer, der kr\u00e6ver h\u00f8j holdbarhed og evnen til at \u00e5bne selv ved h\u00f8je b\u00e5ndtryk.<\/p>\n<\/div>","protected":false},"excerpt":{"rendered":"<h5><a href=\"https:\/\/elslutblecksguiden.se\/\" target=\"_blank\" rel=\"noopener\">Vejledning til ASSA Elektriske l\u00e5se, motorl\u00e5se, Elektriske slutplader og udskiftningsguide<\/a><\/h5>","protected":false},"featured_media":145950,"template":"","meta":{"_acf_changed":false},"product_brand":[],"product_cat":[3355],"product_tag":[4196,4201,2967],"class_list":{"0":"post-91556","1":"product","2":"type-product","3":"status-publish","4":"has-post-thumbnail","6":"product_cat-elslutbleck","7":"product_tag-12-24v","8":"product_tag-omvand","9":"product_tag-rg-assa-abloy","10":"product_shipping_class-tunga-paket","11":"pa_brands-abloy","12":"tm-no-options","14":"first","15":"outofstock","16":"sale","17":"taxable","18":"shipping-taxable","19":"purchasable","20":"product-type-simple"},"acf":[],"_links":{"self":[{"href":"https:\/\/secureus.se\/dk\/wp-json\/wp\/v2\/product\/91556","targetHints":{"allow":["GET"]}}],"collection":[{"href":"https:\/\/secureus.se\/dk\/wp-json\/wp\/v2\/product"}],"about":[{"href":"https:\/\/secureus.se\/dk\/wp-json\/wp\/v2\/types\/product"}],"wp:featuredmedia":[{"embeddable":true,"href":"https:\/\/secureus.se\/dk\/wp-json\/wp\/v2\/media\/145950"}],"wp:attachment":[{"href":"https:\/\/secureus.se\/dk\/wp-json\/wp\/v2\/media?parent=91556"}],"wp:term":[{"taxonomy":"product_brand","embeddable":true,"href":"https:\/\/secureus.se\/dk\/wp-json\/wp\/v2\/product_brand?post=91556"},{"taxonomy":"product_cat","embeddable":true,"href":"https:\/\/secureus.se\/dk\/wp-json\/wp\/v2\/product_cat?post=91556"},{"taxonomy":"product_tag","embeddable":true,"href":"https:\/\/secureus.se\/dk\/wp-json\/wp\/v2\/product_tag?post=91556"}],"curies":[{"name":"wp","href":"https:\/\/api.w.org\/{rel}","templated":true}]}}