{"id":91558,"date":"2023-09-27T18:13:30","date_gmt":"2023-09-27T16:13:30","guid":{"rendered":"https:\/\/secureus.se\/elslutbleck-920c-rattvand-hi-o-12-24v\/"},"modified":"2026-04-23T12:23:14","modified_gmt":"2026-04-23T10:23:14","slug":"elslutbleck-920c-rattvand-hi-o-12-24v","status":"publish","type":"product","link":"https:\/\/secureus.se\/dk\/elslutbleck-920c-rattvand-hi-o-12-24v\/","title":{"rendered":"El-slutplade 920C H\u00f8jrevendt Hi-O 12-24V"},"content":{"rendered":"<h1>El-slutplade 920C H\u00f8jrevendt Hi-O 12-24V<\/h1>\n<p>ASSA Electric Strike 920C i 900-serien er ideel til d\u00f8re med normale sikkerhedskrav og fungerer godt som dagl\u00e5s til skalbeskyttelse, kontorer, industri eller flerfamiliehuse.<\/p>\n<p>Kompatibel med Hi-O Can bus-teknologi, den har en h\u00f8jreh\u00e5ndsfunktion (l\u00e5st i str\u00f8ml\u00f8s position) og tilbyder h\u00f8j sikkerhed med en brudstyrke p\u00e5 10 kN og en brandklasse p\u00e5 E\/EI60.<\/p>\n<p class=\"\" data-start=\"450\" data-end=\"874\">ASSA Electric Strike 920C er en sikkerhedsl\u00f8sning til d\u00f8re, der kr\u00e6ver normal sikring i kommercielle og industrielle milj\u00f8er, samt flerfamiliehuse.<\/p>\n<p class=\"\" data-start=\"450\" data-end=\"874\">Med sin reversible funktion, hvor den er l\u00e5st i sp\u00e6ndingsl\u00f8s position, er dette elektriske slutstykke en p\u00e5lidelig l\u00f8sning til skalbeskyttelse og intern l\u00e5sning. Den er kompatibel med Hi-O Can bus-teknologi, hvilket g\u00f8r den let at integrere med andre sikkerhedssystemer.<\/p>\n<p class=\"\" data-start=\"876\" data-end=\"1324\">Den elektriske slagplade har en imponerende brudstyrke p\u00e5 10 kN (1000 kg) og tilbyder h\u00f8j vibrations- og slagfasthed for at modst\u00e5 manipulation.<\/p>\n<p class=\"\" data-start=\"876\" data-end=\"1324\">L\u00e5sehuset er lavet af st\u00e5l, og det har en drejel\u00e5s i st\u00e5l for ekstra holdbarhed. Den forbedrede listetrykfunktion betyder, at den fungerer effektivt selv under h\u00e5rde forhold.<\/p>\n<p class=\"\" data-start=\"876\" data-end=\"1324\">Dens brandklassificering E\/EI60 sikrer, at den ogs\u00e5 har brandbeskyttelsesegenskaber til milj\u00f8er, hvor brandklassificering er vigtig.<\/p>\n<p class=\"\" data-start=\"1326\" data-end=\"1354\"><strong data-start=\"1326\" data-end=\"1354\">Funktioner og fordele:<\/strong><\/p>\n<ul data-start=\"1355\" data-end=\"1606\">\n<li class=\"\" data-start=\"1355\" data-end=\"1400\">\n<p class=\"\" data-start=\"1357\" data-end=\"1400\">H\u00f8jrevendt funktion (l\u00e5st, n\u00e5r str\u00f8mmen er afbrudt)<\/p>\n<\/li>\n<li class=\"\" data-start=\"1401\" data-end=\"1435\">\n<p class=\"\" data-start=\"1403\" data-end=\"1435\">Brandklasse E\/EI60 for \u00f8get beskyttelse<\/p>\n<\/li>\n<li class=\"\" data-start=\"1436\" data-end=\"1476\">\n<p class=\"\" data-start=\"1438\" data-end=\"1476\">H\u00f8j brudstyrke p\u00e5 10 kN (1000 kg)<\/p>\n<\/li>\n<li class=\"\" data-start=\"1477\" data-end=\"1514\">\n<p class=\"\" data-start=\"1479\" data-end=\"1514\">Kompatibel med Hi-O Can bus teknologi<\/p>\n<\/li>\n<li class=\"\" data-start=\"1515\" data-end=\"1554\">\n<p class=\"\" data-start=\"1517\" data-end=\"1554\">Galvaniseret l\u00e5sehus og drejel\u00e5s i st\u00e5l<\/p>\n<\/li>\n<li class=\"\" data-start=\"1555\" data-end=\"1606\">\n<p class=\"\" data-start=\"1557\" data-end=\"1606\">Forbedret strimmeludskrivningsfunktion for lang holdbarhed<\/p>\n<\/li>\n<\/ul>\n<p class=\"\" data-start=\"1608\" data-end=\"1634\"><strong data-start=\"1608\" data-end=\"1634\">Teknisk specifikation:<\/strong><\/p>\n<ul data-start=\"1635\" data-end=\"1955\">\n<li class=\"\" data-start=\"1635\" data-end=\"1659\">\n<p class=\"\" data-start=\"1637\" data-end=\"1659\">Indbygget transient beskyttelse<\/p>\n<\/li>\n<li class=\"\" data-start=\"1660\" data-end=\"1697\">\n<p class=\"\" data-start=\"1662\" data-end=\"1697\">Str\u00f8mforsyning 12-24VAC\/VDC \u00b110 %<\/p>\n<\/li>\n<li class=\"\" data-start=\"1698\" data-end=\"1743\">\n<p class=\"\" data-start=\"1700\" data-end=\"1743\">Startstr\u00f8m ved 24V: 250mA, driftsstr\u00f8m: 80mA<\/p>\n<\/li>\n<li class=\"\" data-start=\"1744\" data-end=\"1790\">\n<p class=\"\" data-start=\"1746\" data-end=\"1790\">Startstr\u00f8m ved 12V: 500mA, driftsstr\u00f8m: 160mA<\/p>\n<\/li>\n<li class=\"\" data-start=\"1791\" data-end=\"1820\">\n<p class=\"\" data-start=\"1793\" data-end=\"1820\">D\u00f8rh\u00e6ngsel: H\u00f8jre\/Venstre<\/p>\n<\/li>\n<li class=\"\" data-start=\"1821\" data-end=\"1856\">\n<p class=\"\" data-start=\"1823\" data-end=\"1856\">L\u00e5setype: Enkeltfaldsl\u00e5s, Dobbeltfaldsl\u00e5s<\/p>\n<\/li>\n<li class=\"\" data-start=\"1857\" data-end=\"1901\">\n<p class=\"\" data-start=\"1859\" data-end=\"1901\">Sp\u00e6nding max: 27,6 V, Sp\u00e6nding min: 10,8 V<\/p>\n<\/li>\n<li class=\"\" data-start=\"1902\" data-end=\"1932\">\n<p class=\"\" data-start=\"1904\" data-end=\"1932\">Farve\/Overfladebehandling: Galvaniseret<\/p>\n<\/li>\n<li class=\"\" data-start=\"1933\" data-end=\"1955\">\n<p class=\"\" data-start=\"1935\" data-end=\"1955\">Produkth\u00f8jde: 140 mm<\/p>\n<\/li>\n<\/ul>","protected":false},"excerpt":{"rendered":"<h5><a href=\"https:\/\/elslutblecksguiden.se\/\" target=\"_blank\" rel=\"noopener\">Vejledning til ASSA Elektriske l\u00e5se, motorl\u00e5se, Elektriske slutplader og udskiftningsguide<\/a><\/h5>","protected":false},"featured_media":159500,"template":"","meta":{"_acf_changed":false},"product_brand":[],"product_cat":[3355],"product_tag":[4196,4200,2967],"class_list":{"0":"post-91558","1":"product","2":"type-product","3":"status-publish","4":"has-post-thumbnail","6":"product_cat-elslutbleck","7":"product_tag-12-24v","8":"product_tag-rattvand","9":"product_tag-rg-assa-abloy","10":"product_shipping_class-tunga-paket","11":"pa_brands-abloy","12":"tm-no-options","14":"first","15":"onbackorder","16":"sale","17":"taxable","18":"shipping-taxable","19":"purchasable","20":"product-type-simple"},"acf":[],"_links":{"self":[{"href":"https:\/\/secureus.se\/dk\/wp-json\/wp\/v2\/product\/91558","targetHints":{"allow":["GET"]}}],"collection":[{"href":"https:\/\/secureus.se\/dk\/wp-json\/wp\/v2\/product"}],"about":[{"href":"https:\/\/secureus.se\/dk\/wp-json\/wp\/v2\/types\/product"}],"wp:featuredmedia":[{"embeddable":true,"href":"https:\/\/secureus.se\/dk\/wp-json\/wp\/v2\/media\/159500"}],"wp:attachment":[{"href":"https:\/\/secureus.se\/dk\/wp-json\/wp\/v2\/media?parent=91558"}],"wp:term":[{"taxonomy":"product_brand","embeddable":true,"href":"https:\/\/secureus.se\/dk\/wp-json\/wp\/v2\/product_brand?post=91558"},{"taxonomy":"product_cat","embeddable":true,"href":"https:\/\/secureus.se\/dk\/wp-json\/wp\/v2\/product_cat?post=91558"},{"taxonomy":"product_tag","embeddable":true,"href":"https:\/\/secureus.se\/dk\/wp-json\/wp\/v2\/product_tag?post=91558"}],"curies":[{"name":"wp","href":"https:\/\/api.w.org\/{rel}","templated":true}]}}