{"id":91559,"date":"2023-09-27T18:13:29","date_gmt":"2023-09-27T16:13:29","guid":{"rendered":"https:\/\/secureus.se\/elslutbleck-960c-rattvand-12-24v-hi-o-kolvkontakt-5m-kabel\/"},"modified":"2026-04-08T16:03:50","modified_gmt":"2026-04-08T14:03:50","slug":"elslutbleck-960c-rattvand-12-24v-hi-o-kolvkontakt-5m-kabel","status":"publish","type":"product","link":"https:\/\/secureus.se\/dk\/elslutbleck-960c-rattvand-12-24v-hi-o-kolvkontakt-5m-kabel\/","title":{"rendered":"Elektrisk termineringsplade 960C H\u00f8jrevendt 12-24V Hi-O Stempelstik 5m Kabel"},"content":{"rendered":"<h1>Elektrisk termineringsplade 960C H\u00f8jrevendt 12-24V Hi-O Stempelstik 5m Kabel<\/h1>\n<p>ASSA ABLOY Elektrisk lukkeplade 960C er designet til d\u00f8re med h\u00f8je krav til formtryk og sikkerhed.<\/p>\n<p>Det er en p\u00e5lidelig l\u00f8sning til skalbeskyttelse og intern l\u00e5sning i handel, kontor og industri.<\/p>\n<p>Kompatibel med Hi-O Can bus teknologi og udstyret med stempelstik og 5m tilslutningskabel.<\/p>\n<p>Den elektriske endeplade har en h\u00f8j brudstyrke p\u00e5 15 kN og brandklasse E\/EI 120 for ekstra sikkerhed.<\/p>\n<p class=\"\" data-start=\"492\" data-end=\"962\">ASSA ABLOY Electric slutplade 960C er en robust sikkerhedsl\u00f8sning til d\u00f8re, der stiller h\u00f8je krav til b\u00e5ndtryk og sikkerhed.<\/p>\n<p class=\"\" data-start=\"492\" data-end=\"962\">Den er perfekt egnet som dagl\u00e5sning i skalbeskyttelse, kontorer, industri og offentlige rum i flerfamiliehuse.<\/p>\n<p class=\"\" data-start=\"492\" data-end=\"962\">Den elektriske slutplade er designet til brug i d\u00f8re med sammenl\u00e5ste enkelt- eller dobbeltl\u00e5se og er kompatibel med Hi-O Can bus-teknologi, hvilket muligg\u00f8r integration i moderne sikkerhedssystemer.<\/p>\n<p class=\"\" data-start=\"964\" data-end=\"1445\">960C byder p\u00e5 imponerende funktioner, s\u00e5som en h\u00f8jrevendt funktion (l\u00e5st op i tilf\u00e6lde af str\u00f8msvigt) og en h\u00f8j brudstyrke p\u00e5 15 kN (1500 kg), hvilket g\u00f8r den ideel til h\u00e5rde sikkerhedsbehov.<\/p>\n<p class=\"\" data-start=\"964\" data-end=\"1445\">Den er brandklassificeret op til E\/EI 120, hvilket giver et ekstra lag af sikkerhed i brandudsatte milj\u00f8er.<\/p>\n<p class=\"\" data-start=\"964\" data-end=\"1445\">Den elektriske endeplade har ogs\u00e5 h\u00f8j st\u00f8d- og slagfasthed, som beskytter mod manipulation.<\/p>\n<p class=\"\" data-start=\"964\" data-end=\"1445\">Det medf\u00f8lgende 5 meter lange tilslutningskabel og stempelstik g\u00f8r installationen nem og fleksibel.<\/p>\n<p class=\"\" data-start=\"1447\" data-end=\"1475\"><strong data-start=\"1447\" data-end=\"1475\">Funktioner og fordele:<\/strong><\/p>\n<ul data-start=\"1476\" data-end=\"1746\">\n<li class=\"\" data-start=\"1476\" data-end=\"1525\">\n<p class=\"\" data-start=\"1478\" data-end=\"1525\">H\u00f8jrevendt funktion (l\u00e5ses op i tilf\u00e6lde af str\u00f8msvigt)<\/p>\n<\/li>\n<li class=\"\" data-start=\"1526\" data-end=\"1562\">\n<p class=\"\" data-start=\"1528\" data-end=\"1562\">Brudstyrke p\u00e5 15 kN (1500 kg)<\/p>\n<\/li>\n<li class=\"\" data-start=\"1563\" data-end=\"1593\">\n<p class=\"\" data-start=\"1565\" data-end=\"1593\">Brandklasse op til E\/EI 120<\/p>\n<\/li>\n<li class=\"\" data-start=\"1594\" data-end=\"1622\">\n<p class=\"\" data-start=\"1596\" data-end=\"1622\">H\u00f8j st\u00f8d- og slagfasthed<\/p>\n<\/li>\n<li class=\"\" data-start=\"1623\" data-end=\"1659\">\n<p class=\"\" data-start=\"1625\" data-end=\"1659\">Galvaniseret hus og drejekasse af st\u00e5l<\/p>\n<\/li>\n<li class=\"\" data-start=\"1660\" data-end=\"1697\">\n<p class=\"\" data-start=\"1662\" data-end=\"1697\">Kompatibel med Hi-O Can bus teknologi<\/p>\n<\/li>\n<li class=\"\" data-start=\"1698\" data-end=\"1746\">\n<p class=\"\" data-start=\"1700\" data-end=\"1746\">Inkluderet 5m tilslutningskabel og stempelstik<\/p>\n<\/li>\n<\/ul>\n<p class=\"\" data-start=\"1748\" data-end=\"1774\"><strong data-start=\"1748\" data-end=\"1774\">Teknisk specifikation:<\/strong><\/p>\n<ul data-start=\"1775\" data-end=\"2147\">\n<li class=\"\" data-start=\"1775\" data-end=\"1799\">\n<p class=\"\" data-start=\"1777\" data-end=\"1799\">Indbygget transient beskyttelse<\/p>\n<\/li>\n<li class=\"\" data-start=\"1800\" data-end=\"1840\">\n<p class=\"\" data-start=\"1802\" data-end=\"1840\">Sp\u00e6ndingsforsyning 12-24VAC\/DC \u00b110% +15%<\/p>\n<\/li>\n<li class=\"\" data-start=\"1841\" data-end=\"1887\">\n<p class=\"\" data-start=\"1843\" data-end=\"1887\">Startstr\u00f8m ved 24V: 240mA, driftsstr\u00f8m: 145mA<\/p>\n<\/li>\n<li class=\"\" data-start=\"1888\" data-end=\"1934\">\n<p class=\"\" data-start=\"1890\" data-end=\"1934\">Startstr\u00f8m ved 12V: 620mA, driftsstr\u00f8m: 310mA<\/p>\n<\/li>\n<li class=\"\" data-start=\"1935\" data-end=\"1960\">\n<p class=\"\" data-start=\"1937\" data-end=\"1960\">Brandtestet 120 minutter<\/p>\n<\/li>\n<li class=\"\" data-start=\"1961\" data-end=\"1990\">\n<p class=\"\" data-start=\"1963\" data-end=\"1990\">D\u00f8rh\u00e6ngsel: H\u00f8jre\/Venstre<\/p>\n<\/li>\n<li class=\"\" data-start=\"1991\" data-end=\"2026\">\n<p class=\"\" data-start=\"1993\" data-end=\"2026\">L\u00e5setype: Enkeltfaldsl\u00e5s, Dobbeltfaldsl\u00e5s<\/p>\n<\/li>\n<li class=\"\" data-start=\"2027\" data-end=\"2071\">\n<p class=\"\" data-start=\"2029\" data-end=\"2071\">Sp\u00e6nding max: 27,6 V, Sp\u00e6nding min: 10,8 V<\/p>\n<\/li>\n<li class=\"\" data-start=\"2072\" data-end=\"2102\">\n<p class=\"\" data-start=\"2074\" data-end=\"2102\">Farve\/Overfladebehandling: Galvaniseret<\/p>\n<\/li>\n<li class=\"\" data-start=\"2103\" data-end=\"2125\">\n<p class=\"\" data-start=\"2105\" data-end=\"2125\">Produkth\u00f8jde: 140 mm<\/p>\n<\/li>\n<li class=\"\" data-start=\"2126\" data-end=\"2147\">\n<p class=\"\" data-start=\"2128\" data-end=\"2147\">Kabell\u00e6ngde: 5 meter<\/p>\n<\/li>\n<\/ul>","protected":false},"excerpt":{"rendered":"<h5><a href=\"https:\/\/elslutblecksguiden.se\/\" target=\"_blank\" rel=\"noopener\">Vejledning til ASSA Elektriske l\u00e5se, motorl\u00e5se, Elektriske slutplader og udskiftningsguide<\/a><\/h5>","protected":false},"featured_media":138779,"template":"","meta":{"_acf_changed":false},"product_brand":[],"product_cat":[3355],"product_tag":[4196,4200,2967],"class_list":{"0":"post-91559","1":"product","2":"type-product","3":"status-publish","4":"has-post-thumbnail","6":"product_cat-elslutbleck","7":"product_tag-12-24v","8":"product_tag-rattvand","9":"product_tag-rg-assa-abloy","10":"product_shipping_class-tunga-paket","11":"pa_brands-abloy","12":"tm-no-options","14":"first","15":"instock","16":"sale","17":"taxable","18":"shipping-taxable","19":"purchasable","20":"product-type-simple"},"acf":[],"_links":{"self":[{"href":"https:\/\/secureus.se\/dk\/wp-json\/wp\/v2\/product\/91559","targetHints":{"allow":["GET"]}}],"collection":[{"href":"https:\/\/secureus.se\/dk\/wp-json\/wp\/v2\/product"}],"about":[{"href":"https:\/\/secureus.se\/dk\/wp-json\/wp\/v2\/types\/product"}],"wp:featuredmedia":[{"embeddable":true,"href":"https:\/\/secureus.se\/dk\/wp-json\/wp\/v2\/media\/138779"}],"wp:attachment":[{"href":"https:\/\/secureus.se\/dk\/wp-json\/wp\/v2\/media?parent=91559"}],"wp:term":[{"taxonomy":"product_brand","embeddable":true,"href":"https:\/\/secureus.se\/dk\/wp-json\/wp\/v2\/product_brand?post=91559"},{"taxonomy":"product_cat","embeddable":true,"href":"https:\/\/secureus.se\/dk\/wp-json\/wp\/v2\/product_cat?post=91559"},{"taxonomy":"product_tag","embeddable":true,"href":"https:\/\/secureus.se\/dk\/wp-json\/wp\/v2\/product_tag?post=91559"}],"curies":[{"name":"wp","href":"https:\/\/api.w.org\/{rel}","templated":true}]}}