{"id":91563,"date":"2023-09-27T18:13:23","date_gmt":"2023-09-27T16:13:23","guid":{"rendered":"https:\/\/secureus.se\/elslutbleck-991m-brand-omvand-12-24v-kolvkontakt\/"},"modified":"2026-04-23T12:22:45","modified_gmt":"2026-04-23T10:22:45","slug":"elslutbleck-991m-brand-omvand-12-24v-kolvkontakt","status":"publish","type":"product","link":"https:\/\/secureus.se\/dk\/elslutbleck-991m-brand-omvand-12-24v-kolvkontakt\/","title":{"rendered":"Elektrisk endeplade 991M Fire Reverse 12-24V Stempelkontakt"},"content":{"rendered":"<div>\n<div>\n<h1>Elektrisk endeplade 991M Fire Reverse 12-24V Stempelkontakt<\/h1>\n<p>ASSA ABLOY 991M er et brandtestet elektrisk slutstykke med omvendt funktion, designet til sikker l\u00e5sning i brandcellegr\u00e6nser og andre sikkerhedskrav. Perfekt til skalbeskyttelse, kontorer og industri.<\/p>\n<p class=\"\" data-start=\"325\" data-end=\"775\">ASSA ABLOY 991M er et h\u00f8jtydende elektrisk slutstykke, der er brandtestet og opfylder kravene til installation i brandsektionsgr\u00e6nser, hvilket g\u00f8r det til et ideelt valg til sikkerhedsl\u00f8sninger i b\u00e5de brandfarlige og ikke-br\u00e6ndbare milj\u00f8er.<\/p>\n<p class=\"\" data-start=\"325\" data-end=\"775\">Den er designet til d\u00f8re, der bruges med sammenl\u00e5ste enkelt- og dobbeltl\u00e5se og er velegnet til skalbeskyttelse, indvendig l\u00e5sning og sikkerhedsl\u00f8sninger i detail-, kontor-, industri- og multifamiliebygninger.<\/p>\n<p class=\"\" data-start=\"777\" data-end=\"1104\">Med en omvendt funktion (l\u00e5st op i sp\u00e6ndingsl\u00f8s position), multi-sp\u00e6ndingsteknologi (12-24V DC) og en brudstyrke p\u00e5 900 kg, tilbyder dette elektriske slutstykke b\u00e5de sikkerhed og langvarig holdbarhed.<\/p>\n<p class=\"\" data-start=\"777\" data-end=\"1104\">Den er desuden st\u00f8dsikker og vendbar til b\u00e5de h\u00f8jre- og venstreh\u00e6ngte d\u00f8re, hvilket g\u00f8r den nem at installere i forskellige typer d\u00f8rsystemer.<\/p>\n<p class=\"\" data-start=\"1106\" data-end=\"1121\"><strong data-start=\"1106\" data-end=\"1121\">Egenskaber:<\/strong><\/p>\n<ul data-start=\"1122\" data-end=\"1456\">\n<li class=\"\" data-start=\"1122\" data-end=\"1164\">\n<p class=\"\" data-start=\"1124\" data-end=\"1164\">Omvendt funktion (l\u00e5st op i str\u00f8ml\u00f8s tilstand)<\/p>\n<\/li>\n<li class=\"\" data-start=\"1165\" data-end=\"1201\">\n<p class=\"\" data-start=\"1167\" data-end=\"1201\">Multisp\u00e6nding 12-24V DC (-10\/+15%)<\/p>\n<\/li>\n<li class=\"\" data-start=\"1202\" data-end=\"1233\">\n<p class=\"\" data-start=\"1204\" data-end=\"1233\">L\u00e5s stempelkontakt (mikrokontakt)<\/p>\n<\/li>\n<li class=\"\" data-start=\"1234\" data-end=\"1260\">\n<p class=\"\" data-start=\"1236\" data-end=\"1260\">Listeprintteknologi: 100 kg<\/p>\n<\/li>\n<li class=\"\" data-start=\"1261\" data-end=\"1286\">\n<p class=\"\" data-start=\"1263\" data-end=\"1286\">Brudstyrke: 900 kg<\/p>\n<\/li>\n<li class=\"\" data-start=\"1287\" data-end=\"1348\">\n<p class=\"\" data-start=\"1289\" data-end=\"1348\">Slagsikker og symmetrisk designet, vendbar h\u00f8jre\/venstre<\/p>\n<\/li>\n<li class=\"\" data-start=\"1349\" data-end=\"1404\">\n<p class=\"\" data-start=\"1351\" data-end=\"1404\">Brandklasse E\/EI 120, CE m\u00e6rket iht. SS-EN 14846:2008<\/p>\n<\/li>\n<li class=\"\" data-start=\"1405\" data-end=\"1456\">\n<p class=\"\" data-start=\"1407\" data-end=\"1456\">Opfylder krav til installation i brandsektionsgr\u00e6nser<\/p>\n<\/li>\n<\/ul>\n<p class=\"\" data-start=\"1458\" data-end=\"1487\"><strong data-start=\"1458\" data-end=\"1487\">Tekniske specifikationer:<\/strong><\/p>\n<ul data-start=\"1488\" data-end=\"2002\">\n<li class=\"\" data-start=\"1488\" data-end=\"1528\">\n<p class=\"\" data-start=\"1490\" data-end=\"1528\">Str\u00f8mforsyning: 12-24V DC (-10\/+15%)<\/p>\n<\/li>\n<li class=\"\" data-start=\"1529\" data-end=\"1570\">\n<p class=\"\" data-start=\"1531\" data-end=\"1570\">Startstr\u00f8m ved 24V: XX mA, drift: XX mA<\/p>\n<\/li>\n<li class=\"\" data-start=\"1571\" data-end=\"1641\">\n<p class=\"\" data-start=\"1573\" data-end=\"1641\">Hvilestr\u00f8m ved 24V: 0 mA (fremadg\u00e5ende funktion), XX mA (omvendt funktion)<\/p>\n<\/li>\n<li class=\"\" data-start=\"1642\" data-end=\"1683\">\n<p class=\"\" data-start=\"1644\" data-end=\"1683\">Startstr\u00f8m ved 12V: XX mA, drift: XX mA<\/p>\n<\/li>\n<li class=\"\" data-start=\"1684\" data-end=\"1754\">\n<p class=\"\" data-start=\"1686\" data-end=\"1754\">Hvilestr\u00f8m ved 12V: 0 mA (fremadg\u00e5ende funktion), XX mA (omvendt funktion)<\/p>\n<\/li>\n<li class=\"\" data-start=\"1755\" data-end=\"1777\">\n<p class=\"\" data-start=\"1757\" data-end=\"1777\">Brandtestet: 120 min<\/p>\n<\/li>\n<li class=\"\" data-start=\"1778\" data-end=\"1803\">\n<p class=\"\" data-start=\"1780\" data-end=\"1803\">Brudstyrke: 900 kg<\/p>\n<\/li>\n<li class=\"\" data-start=\"1804\" data-end=\"1834\">\n<p class=\"\" data-start=\"1806\" data-end=\"1834\">D\u00f8rh\u00e6ngsel: H\u00f8jre, Venstre<\/p>\n<\/li>\n<li class=\"\" data-start=\"1835\" data-end=\"1853\">\n<p class=\"\" data-start=\"1837\" data-end=\"1853\">Kabel inkluderet: Nr<\/p>\n<\/li>\n<li class=\"\" data-start=\"1854\" data-end=\"1873\">\n<p class=\"\" data-start=\"1856\" data-end=\"1873\">Listetryk: 100 kg<\/p>\n<\/li>\n<li class=\"\" data-start=\"1874\" data-end=\"1909\">\n<p class=\"\" data-start=\"1876\" data-end=\"1909\">L\u00e5setype: Enkeltfaldsl\u00e5s, Dobbeltfaldsl\u00e5s<\/p>\n<\/li>\n<li class=\"\" data-start=\"1910\" data-end=\"1963\">\n<p class=\"\" data-start=\"1912\" data-end=\"1963\">Produktm\u00e5l: Bredde: 28 mm, Dybde: 25 mm, H\u00f8jde: 90 mm<\/p>\n<\/li>\n<li class=\"\" data-start=\"1964\" data-end=\"1981\">\n<p class=\"\" data-start=\"1966\" data-end=\"1981\">Stempelkontakt: Ja<\/p>\n<\/li>\n<li class=\"\" data-start=\"1982\" data-end=\"2002\">\n<p class=\"\" data-start=\"1984\" data-end=\"2002\">Sp\u00e6nding AC\/DC: DC<\/p>\n<\/li>\n<\/ul>\n<\/div>\n<\/div>","protected":false},"excerpt":{"rendered":"<h5><a href=\"https:\/\/elslutblecksguiden.se\/\" target=\"_blank\" rel=\"noopener\">Vejledning til ASSA Elektriske l\u00e5se, motorl\u00e5se, Elektriske slutplader og udskiftningsguide<\/a><\/h5>","protected":false},"featured_media":140096,"template":"","meta":{"_acf_changed":false},"product_brand":[],"product_cat":[3355],"product_tag":[4196,4201,2967],"class_list":{"0":"post-91563","1":"product","2":"type-product","3":"status-publish","4":"has-post-thumbnail","6":"product_cat-elslutbleck","7":"product_tag-12-24v","8":"product_tag-omvand","9":"product_tag-rg-assa-abloy","10":"product_shipping_class-tunga-paket","11":"pa_brands-abloy","12":"tm-no-options","14":"first","15":"instock","16":"sale","17":"taxable","18":"shipping-taxable","19":"purchasable","20":"product-type-simple"},"acf":[],"_links":{"self":[{"href":"https:\/\/secureus.se\/dk\/wp-json\/wp\/v2\/product\/91563","targetHints":{"allow":["GET"]}}],"collection":[{"href":"https:\/\/secureus.se\/dk\/wp-json\/wp\/v2\/product"}],"about":[{"href":"https:\/\/secureus.se\/dk\/wp-json\/wp\/v2\/types\/product"}],"wp:featuredmedia":[{"embeddable":true,"href":"https:\/\/secureus.se\/dk\/wp-json\/wp\/v2\/media\/140096"}],"wp:attachment":[{"href":"https:\/\/secureus.se\/dk\/wp-json\/wp\/v2\/media?parent=91563"}],"wp:term":[{"taxonomy":"product_brand","embeddable":true,"href":"https:\/\/secureus.se\/dk\/wp-json\/wp\/v2\/product_brand?post=91563"},{"taxonomy":"product_cat","embeddable":true,"href":"https:\/\/secureus.se\/dk\/wp-json\/wp\/v2\/product_cat?post=91563"},{"taxonomy":"product_tag","embeddable":true,"href":"https:\/\/secureus.se\/dk\/wp-json\/wp\/v2\/product_tag?post=91563"}],"curies":[{"name":"wp","href":"https:\/\/api.w.org\/{rel}","templated":true}]}}