{"id":91795,"date":"2023-05-10T09:56:11","date_gmt":"2023-05-10T07:56:11","guid":{"rendered":"https:\/\/secureus.se\/eqqxb-easy-4x2x05-vit-b500\/"},"modified":"2025-09-22T15:27:51","modified_gmt":"2025-09-22T13:27:51","slug":"eqqxb-easy-4x2x05-vit-b500","status":"publish","type":"product","link":"https:\/\/secureus.se\/dk\/eqqxb-easy-4x2x05-vit-b500\/","title":{"rendered":"EQQXB EASY 4X2X0.5 HVID B500"},"content":{"rendered":"","protected":false},"excerpt":{"rendered":"<p>Parsnoet, halogenfrit, flammesikkert telekommunikationskabel. Monteres indend\u00f8rs i fast installation og i r\u00f8r. EQQXB EASY bruges til private kommunikationsnetv\u00e6rk i fast ejendom. Opfylder brandkrav iht. CPR klasse Dcas2d2a2.<\/p>","protected":false},"featured_media":140477,"template":"","meta":{"_acf_changed":false},"product_brand":[],"product_cat":[2678,1513],"product_tag":[2487],"class_list":{"0":"post-91795","1":"product","2":"type-product","3":"status-publish","4":"has-post-thumbnail","6":"product_cat-telekabel-oskarmad","7":"product_cat-tele-larm-och-signalkabel","8":"product_tag-kabel-oskarmad","9":"product_shipping_class-tunga-paket","10":"tm-no-options","12":"first","13":"instock","14":"sale","15":"taxable","16":"shipping-taxable","17":"purchasable","18":"product-type-simple"},"acf":[],"_links":{"self":[{"href":"https:\/\/secureus.se\/dk\/wp-json\/wp\/v2\/product\/91795","targetHints":{"allow":["GET"]}}],"collection":[{"href":"https:\/\/secureus.se\/dk\/wp-json\/wp\/v2\/product"}],"about":[{"href":"https:\/\/secureus.se\/dk\/wp-json\/wp\/v2\/types\/product"}],"wp:featuredmedia":[{"embeddable":true,"href":"https:\/\/secureus.se\/dk\/wp-json\/wp\/v2\/media\/140477"}],"wp:attachment":[{"href":"https:\/\/secureus.se\/dk\/wp-json\/wp\/v2\/media?parent=91795"}],"wp:term":[{"taxonomy":"product_brand","embeddable":true,"href":"https:\/\/secureus.se\/dk\/wp-json\/wp\/v2\/product_brand?post=91795"},{"taxonomy":"product_cat","embeddable":true,"href":"https:\/\/secureus.se\/dk\/wp-json\/wp\/v2\/product_cat?post=91795"},{"taxonomy":"product_tag","embeddable":true,"href":"https:\/\/secureus.se\/dk\/wp-json\/wp\/v2\/product_tag?post=91795"}],"curies":[{"name":"wp","href":"https:\/\/api.w.org\/{rel}","templated":true}]}}