{"id":91802,"date":"2024-05-21T08:48:30","date_gmt":"2024-05-21T06:48:30","guid":{"rendered":"https:\/\/secureus.se\/?post_type=product&#038;p=91802"},"modified":"2026-04-09T11:39:11","modified_gmt":"2026-04-09T09:39:11","slug":"wd-purple-pro-14tb-wd142purp-35-7200rpm-sata-harddisk-6-gbps","status":"publish","type":"product","link":"https:\/\/secureus.se\/dk\/wd-purple-pro-14tb-wd142purp-35-7200rpm-sata-harddisk-6-gbps\/","title":{"rendered":"WD Purple Pro 14TB WD142PURP 3,5&quot; 7200RPM SATA-harddisk, 6 Gbps"},"content":{"rendered":"<h2>Avanceret opbevaring til smarte videol\u00f8sninger<\/h2>\n<p><strong>WD Purple Pro-drev<\/strong> er designet til avancerede AI-aktiverede optagere, videoanalyseservere og deep learning-l\u00f8sninger, der kr\u00e6ver h\u00f8j kapacitet, ydeevne og arbejdsbelastningskapacitet.<\/p>\n<h3>Funktioner<\/h3>\n<p><strong>WD Purple Pro harddisk til overv\u00e5gning<\/strong>: Udstyret med avancerede funktioner til h\u00f8j ydeevne, p\u00e5lidelighed og arbejdsbelastningskapacitet til AI-aktiverede optagere, videoanalysatorer, deep learning-servere og cloud-baseret lagring, inklusive RAID- og JBOD-konfigurationer.<\/p>\n<p><strong>Arbejdsbyrde<\/strong>: Underst\u00f8tter op til 550 TB\/\u00e5r inden for kapacitetsomr\u00e5derne 8TB\u201322TB.<\/p>\n<p><strong>Robust konstruktion<\/strong>: Designet med korrosionsbestandige komponenter til barske milj\u00f8er og med ekstra holdbarhed til kabinetter med flere enheder.<\/p>\n<p><strong>Opbevaring til avancerede smarte videol\u00f8sninger<\/strong>: WD Purple\u2122 Pro-drev er optimeret til n\u00e6ste generations h\u00f8jtydende AI-aktiverede optagere, videoanalysatorer, deep learning-servere og cloud-l\u00f8sninger, der nyder godt af h\u00f8j kapacitet og ydeevne. WD Purple Pro-drev har **AllFrame\u2122 AI-teknologi**, som hj\u00e6lper med at reducere billedtab, forbedre videoafspilning og underst\u00f8tter op til 32 AI-streams pr. drev til in-system deep learning-analyse. De tilbyder ogs\u00e5 ydeevne i virksomhedsklasse, dataintegritet og enhedsp\u00e5lidelighed, is\u00e6r i st\u00f8rre systemer og kabinetter, hvor der forekommer driftsvibrationer.<\/p>\n<h4>Forbedre din smarte videol\u00f8sning<\/h4>\n<p>Western Digital er en global leder inden for harddiskindustrien. Med **WD Purple\u2122 Pro smart videolagring** f\u00e5r du et drev, der er udviklet til h\u00f8j ydeevne, holdbarhed og arbejdsbelastningskapacitet til avancerede AI-aktiverede optagere, apparater og servere. Udtr\u00e6k effektivt v\u00e6rdi og indsigt fra streamet og lagret video og bidrag til en smartere verden med avanceret WD Purple Pro-lagring til smarte videol\u00f8sninger.<\/p>\n<h5>Western Digitals eksklusive AllFrame\u2122 AI-teknologi<\/h5>\n<p>Alle <strong>WD Purple\u2122 Pro-drev<\/strong> er udstyret med <strong>AllFrame AI-teknologi<\/strong>, som ikke kun forbedrer ATA-streaming for at reducere billedtab og forbedre videoafspilning, men ogs\u00e5 underst\u00f8tter op til 32 AI-streams til deep learning-analyse i systemet.<\/p>\n<h5>Flere kameraer, flere streams<\/h5>\n<p>Moderne optagere underst\u00f8tter nu flere videostreams pr. kamera. **WD Purple\u2122 Pro-enheder** er optimeret til at h\u00e5ndtere op til 64 single-stream HD-kameraer og kan ogs\u00e5 underst\u00f8tte mange af de nyeste smartkameraer, der transmitterer flere streams. Denne fleksibilitet g\u00f8r det muligt at opgradere eller skalere din sikkerheds- eller smarte videol\u00f8sning i fremtiden.<\/p>\n<h5>Avanceret arbejdsbelastningskapacitet for avancerede systemer<\/h5>\n<p>WD Purple\u2122 Pro-drev har en arbejdsbelastningsrating p\u00e5 op til 550 TB\/\u00e5r for at underst\u00f8tte den tunge videodatafangst og -analyse, der findes i avancerede AI-aktiverede optagere, videoanalysatorer, deep learning-servere og cloud-lagring. Kombinationen af streamingoptimeringer og forbedret holdbarhed og p\u00e5lidelighed g\u00f8r WD Purple Pro-lagring ideel til enhver analyseserver, uanset om den behandler video streamet direkte fra kameraer eller store m\u00e6ngder optagede videodata.<\/p>\n<h5>Designet til p\u00e5lidelig drift i avancerede h\u00f8jtydende smarte videol\u00f8sninger<\/h5>\n<p>Med en MTBF p\u00e5 op til 2,5 millioner timer (12TB, 14TB og 18TB) er **WD Purple\u2122 Pro-drev** udviklet til avancerede smarte videol\u00f8sninger, der fungerer d\u00f8gnet rundt. Med korrosionsbestandige komponenter og fuld underst\u00f8ttelse af kabinetter til flere enheder leverer WD Purple Pro-drev p\u00e5lidelig drift i store overv\u00e5gningssystemer selv i barske milj\u00f8er.<\/p>\n<h5>Dokumenteret h\u00f8j kapacitet<\/h5>\n<p>Nu i sin sjette generation leverer den gennempr\u00f8vede **HelioSeal\u2122-teknologi** h\u00f8jkapacitets WD Purple\u2122 Pro-harddiske (12TB, 14TB og 18TB) til de massive lagringsbehov for AI-drevet smart video og deep learning analytics.<\/p>\n<h5>Proaktiv lagerstyring med WDDA<\/h5>\n<p>Western Digital\u00ae Device Analytics\u2122 (WDDA) giver et v\u00e6ld af parametriske drifts- og diagnostiske data til kompatible systemer. Algoritmer fortolker dataene og instruerer systemet i at advare systemadministratorer om specifikke anbefalede handlinger for at l\u00f8se potentielle problemer. WDDA er beregnet til at give OEM&#039;er, systemintegratorer og it-professionelle bedre muligheder for at overv\u00e5ge og proaktivt administrere underst\u00f8ttede lagerenheder for at opretholde optimal drift.<\/p>\n<h5>Fem \u00e5rs garanti<\/h5>\n<p>Som en f\u00f8rende producent af harddiske st\u00e5r Western Digital bag WD Purple\u2122 Pro smart videolagring med 5 \u00e5rs begr\u00e6nset garanti.<\/p>\n<h5>Fuld specifikationer<\/h5>\n<p><strong>Egenskaber:<\/strong><br \/>\n\u2013 Designet til p\u00e5lidelig drift i avancerede h\u00f8jtydende smarte videol\u00f8sninger<br \/>\n\u2013 Proaktiv lagerstyring med WDDA<br \/>\n- Western Digitals eksklusive AllFrame AI-teknologi<\/p>\n<p><strong>Kapacitet<\/strong>: 14 TB<br \/>\n<strong>Formfaktor<\/strong>: 3,5 tommer<br \/>\n<strong>Forbindelse<\/strong>: SATA<br \/>\n<strong>Kompatibilitet<\/strong>: Op til 64 single stream-kameraer<br \/>\n<strong>Interface<\/strong>: SATA<br \/>\n<strong>Overf\u00f8rselshastighed<\/strong>: Op til 255 MB\/s<br \/>\n<strong>Diskhastighed (RPM)<\/strong>: 7200 RPM<br \/>\n<strong>Optageteknologi<\/strong>: CMR<br \/>\n<strong>Cache st\u00f8rrelse<\/strong>: 512 MB<br \/>\n<strong>Garanti<\/strong>: 5 \u00e5rs begr\u00e6nset garanti<br \/>\n<strong>Dimensioner (L x B x H)<\/strong>: 147 mm x 101,6 mm x 26,1 mm<br \/>\n<strong>V\u00e6gt<\/strong>: 690 gram<br \/>\n<strong>Model nummer<\/strong>: WD142PURP<br \/>\n<strong>Driftstemperatur<\/strong>: 0\u00b0C til 65\u00b0C<br \/>\n<strong>Ikke-driftstemperatur<\/strong>: -40\u00b0C til 70\u00b0C<br \/>\n<strong>Certificeringer<\/strong>: BSMI, ICES-003\/NMB-003, CE, FCC, KC, Maghreb, RCM, UKCA, VCCI, CB-Scheme, TUV, UL<\/p>","protected":false},"excerpt":{"rendered":"<p>WD WD142PURP 3,5&quot; Purple Pro 14TB 7200RPM SATA-harddisk, 6 Gbps<\/p>\n<p><strong>WD Purple Pro-drev<\/strong> er designet til avancerede AI-aktiverede optagere, videoanalyseservere og deep learning-l\u00f8sninger, der kr\u00e6ver h\u00f8j kapacitet, ydeevne og arbejdsbelastningskapacitet.<\/p>","protected":false},"featured_media":137599,"template":"","meta":{"_acf_changed":false},"product_brand":[],"product_cat":[3261],"product_tag":[],"class_list":{"0":"post-91802","1":"product","2":"type-product","3":"status-publish","4":"has-post-thumbnail","6":"product_cat-hdd-harddisk-3-5","7":"product_shipping_class-tunga-paket","8":"pa_brands-western-digital","9":"tm-no-options","11":"first","12":"outofstock","13":"sale","14":"taxable","15":"shipping-taxable","16":"purchasable","17":"product-type-simple"},"acf":[],"_links":{"self":[{"href":"https:\/\/secureus.se\/dk\/wp-json\/wp\/v2\/product\/91802","targetHints":{"allow":["GET"]}}],"collection":[{"href":"https:\/\/secureus.se\/dk\/wp-json\/wp\/v2\/product"}],"about":[{"href":"https:\/\/secureus.se\/dk\/wp-json\/wp\/v2\/types\/product"}],"wp:featuredmedia":[{"embeddable":true,"href":"https:\/\/secureus.se\/dk\/wp-json\/wp\/v2\/media\/137599"}],"wp:attachment":[{"href":"https:\/\/secureus.se\/dk\/wp-json\/wp\/v2\/media?parent=91802"}],"wp:term":[{"taxonomy":"product_brand","embeddable":true,"href":"https:\/\/secureus.se\/dk\/wp-json\/wp\/v2\/product_brand?post=91802"},{"taxonomy":"product_cat","embeddable":true,"href":"https:\/\/secureus.se\/dk\/wp-json\/wp\/v2\/product_cat?post=91802"},{"taxonomy":"product_tag","embeddable":true,"href":"https:\/\/secureus.se\/dk\/wp-json\/wp\/v2\/product_tag?post=91802"}],"curies":[{"name":"wp","href":"https:\/\/api.w.org\/{rel}","templated":true}]}}