{"id":91878,"date":"2024-01-15T11:17:59","date_gmt":"2024-01-15T10:17:59","guid":{"rendered":"https:\/\/secureus.se\/eaton-1360-csa-fulleon-electromagnetic-door-release\/"},"modified":"2026-03-26T14:23:51","modified_gmt":"2026-03-26T13:23:51","slug":"eaton-1360-csa-fulleon-electromagnetic-door-release","status":"publish","type":"product","link":"https:\/\/secureus.se\/dk\/eaton-1360-csa-fulleon-electromagnetic-door-release\/","title":{"rendered":"D\u00f8rholdermagnet med nulstillingsknap Eaton 1360-CSA 24V, 100kg"},"content":{"rendered":"<p>Eaton 1360-CSA Fulleon elektromagnetisk d\u00f8rudl\u00f8ser med udl\u00f8serknap, 24V, 100 kg, aluminium<\/p>","protected":false},"excerpt":{"rendered":"<p>Eaton 1360-CSA Fulleon elektromagnetisk d\u00f8rudl\u00f8ser med udl\u00f8serknap, 24V, 100 kg, aluminium<\/p>","protected":false},"featured_media":138429,"template":"","meta":{"_acf_changed":false},"product_brand":[],"product_cat":[1560],"product_tag":[],"class_list":{"0":"post-91878","1":"product","2":"type-product","3":"status-publish","4":"has-post-thumbnail","6":"product_cat-branddorrstangning","7":"product_shipping_class-tunga-paket","8":"pa_brands-eaton","9":"tm-no-options","11":"first","12":"instock","13":"sale","14":"taxable","15":"shipping-taxable","16":"purchasable","17":"product-type-simple"},"acf":[],"_links":{"self":[{"href":"https:\/\/secureus.se\/dk\/wp-json\/wp\/v2\/product\/91878","targetHints":{"allow":["GET"]}}],"collection":[{"href":"https:\/\/secureus.se\/dk\/wp-json\/wp\/v2\/product"}],"about":[{"href":"https:\/\/secureus.se\/dk\/wp-json\/wp\/v2\/types\/product"}],"wp:featuredmedia":[{"embeddable":true,"href":"https:\/\/secureus.se\/dk\/wp-json\/wp\/v2\/media\/138429"}],"wp:attachment":[{"href":"https:\/\/secureus.se\/dk\/wp-json\/wp\/v2\/media?parent=91878"}],"wp:term":[{"taxonomy":"product_brand","embeddable":true,"href":"https:\/\/secureus.se\/dk\/wp-json\/wp\/v2\/product_brand?post=91878"},{"taxonomy":"product_cat","embeddable":true,"href":"https:\/\/secureus.se\/dk\/wp-json\/wp\/v2\/product_cat?post=91878"},{"taxonomy":"product_tag","embeddable":true,"href":"https:\/\/secureus.se\/dk\/wp-json\/wp\/v2\/product_tag?post=91878"}],"curies":[{"name":"wp","href":"https:\/\/api.w.org\/{rel}","templated":true}]}}