{"id":92182,"date":"2024-06-04T12:25:14","date_gmt":"2024-06-04T10:25:14","guid":{"rendered":"https:\/\/secureus.se\/?post_type=product&#038;p=92182"},"modified":"2026-03-31T13:24:25","modified_gmt":"2026-03-31T11:24:25","slug":"axema-vaka-tagg-em4200-vit-anpassad-for-axema-vaka-passersystem","status":"publish","type":"product","link":"https:\/\/secureus.se\/dk\/axema-vaka-tagg-em4200-vit-anpassad-for-axema-vaka-passersystem\/","title":{"rendered":"Axema Tagg EM4200 Hvid Tilpasset til Axema Vaka Access System"},"content":{"rendered":"<h1><strong>Axema Vaka Tagg Passerbakke EM4200\u00a0<\/strong><\/h1>\n<p><strong>Vores EM4200 &quot;ABS Plus&quot; Access Token er skabt til at opfylde de mest kr\u00e6vende behov inden for sikkerhed og identifikation.<\/strong><\/p>\n<ul>\n<li>Dette ID-kort EM4200 f\u00e5s i 6 farver som standard og altid p\u00e5 vores lager med omg\u00e5ende levering<\/li>\n<li>Robust konstruktion i ABS-materiale med en tynd profil p\u00e5 kun 2,9 mm<\/li>\n<li>Taggar EM4200 er tilpasset med numre til Axema Vaka, som er en af Sveriges st\u00f8rste leverand\u00f8rer af sikkerhedssystemer.<\/li>\n<\/ul>\n<p>&quot;ABS Plus&quot; RFID-n\u00f8gler \/ tags er p\u00e5 lager i over 100.000 eksemplarer og f\u00e5s i 6 farver (r\u00f8d, bl\u00e5, hvid, sort, gr\u00f8n, gul) og med forskellige chips.<\/p>\n<p>Uanset om du har brug for et p\u00e5lideligt produkt til adgangssystemer, bes\u00f8gssystemer, booking, alarmer, bilopladere, lagerstyring eller andre applikationer, er vores &quot;ABS Plus&quot; det perfekte valg.<\/p>\n<p>\u00d8nsker du dine egne numre eller se p\u00e5 dit Axema Vaka tag, s\u00e5 kontakt os for et design helt gratis.<b>\u00a0<\/b><\/p>","protected":false},"excerpt":{"rendered":"<p>Vores mest popul\u00e6re RFID adgangsm\u00e6rke &quot;ABS Plus&quot; - den perfekte l\u00f8sning til dit adgangskontrolsystem - Axema Vaka<\/p>","protected":false},"featured_media":92173,"template":"","meta":{"_acf_changed":false},"product_brand":[],"product_cat":[3842],"product_tag":[],"class_list":{"0":"post-92182","1":"product","2":"type-product","3":"status-publish","4":"has-post-thumbnail","6":"product_cat-axema-vaka-taggar","7":"product_shipping_class-postnord-varubrev","8":"pa_brands-stonehouse-security","9":"pa_chip-teknik-em4200","10":"pa_farg-vit-2","11":"pa_pro-larmsystem-axema-vaka-2","12":"tm-no-options","14":"first","15":"instock","16":"featured","17":"taxable","18":"shipping-taxable","19":"purchasable","20":"product-type-simple"},"acf":[],"_links":{"self":[{"href":"https:\/\/secureus.se\/dk\/wp-json\/wp\/v2\/product\/92182","targetHints":{"allow":["GET"]}}],"collection":[{"href":"https:\/\/secureus.se\/dk\/wp-json\/wp\/v2\/product"}],"about":[{"href":"https:\/\/secureus.se\/dk\/wp-json\/wp\/v2\/types\/product"}],"wp:featuredmedia":[{"embeddable":true,"href":"https:\/\/secureus.se\/dk\/wp-json\/wp\/v2\/media\/92173"}],"wp:attachment":[{"href":"https:\/\/secureus.se\/dk\/wp-json\/wp\/v2\/media?parent=92182"}],"wp:term":[{"taxonomy":"product_brand","embeddable":true,"href":"https:\/\/secureus.se\/dk\/wp-json\/wp\/v2\/product_brand?post=92182"},{"taxonomy":"product_cat","embeddable":true,"href":"https:\/\/secureus.se\/dk\/wp-json\/wp\/v2\/product_cat?post=92182"},{"taxonomy":"product_tag","embeddable":true,"href":"https:\/\/secureus.se\/dk\/wp-json\/wp\/v2\/product_tag?post=92182"}],"curies":[{"name":"wp","href":"https:\/\/api.w.org\/{rel}","templated":true}]}}