{"id":92671,"date":"2024-06-12T13:12:56","date_gmt":"2024-06-12T11:12:56","guid":{"rendered":"https:\/\/secureus.se\/?post_type=product&#038;p=92671"},"modified":"2026-04-08T16:00:46","modified_gmt":"2026-04-08T14:00:46","slug":"provkit-solo-2-27-m-provning-rok","status":"publish","type":"product","link":"https:\/\/secureus.se\/dk\/provkit-solo-2-27-m-provning-rok\/","title":{"rendered":"Testkit Solo 2 - 2,7 m - Test af r\u00f8g"},"content":{"rendered":"<h1>Testkit Solo 2 - 2,7 m - Test af r\u00f8g<\/h1>\n<h3 data-start=\"284\" data-end=\"325\">Effektivt tests\u00e6t til r\u00f8gdetektorer<\/h3>\n<p data-start=\"326\" data-end=\"557\">Solo 2 er et praktisk tests\u00e6t til kontrol af funktionen af r\u00f8galarmer p\u00e5 lavere installationer, op til cirka 2,7 m.<\/p>\n<p data-start=\"326\" data-end=\"557\">S\u00e6ttet er kompakt og nemt at h\u00e5ndtere, samtidig med at det giver professionelle resultater med minimalt udstyr.<\/p>\n<h3 data-start=\"559\" data-end=\"582\">Indholdet af Solo 2<\/h3>\n<ul data-start=\"583\" data-end=\"972\">\n<li data-start=\"583\" data-end=\"690\">\n<p data-start=\"585\" data-end=\"690\"><strong data-start=\"585\" data-end=\"613\">Detektortester Solo 330<\/strong> \u2013 til r\u00f8gdetektorer og CO-detektorer, der anvendes med Solo A5 testgasflasker.<\/p>\n<\/li>\n<li data-start=\"691\" data-end=\"908\">\n<p data-start=\"693\" data-end=\"908\"><strong data-start=\"693\" data-end=\"723\">Forl\u00e6ngerstang Solo 101<\/strong> \u2013 1,13 m, lavet af glasfiber, ikke elektrisk ledende.<\/p>\n<\/li>\n<li data-start=\"691\" data-end=\"908\">\n<p data-start=\"693\" data-end=\"908\">Kan forbindes med 1\u20133 Solo 101 eller kombineres med Solo 108\/Solo 100 for st\u00f8rre r\u00e6kkevidde p\u00e5 op til 7,3 m eller 9,3 m.<\/p>\n<\/li>\n<li data-start=\"909\" data-end=\"972\">\n<p data-start=\"911\" data-end=\"972\"><strong data-start=\"911\" data-end=\"940\">1 \u00d7 Solo A5 testgasflaske<\/strong> \u2013 nok til cirka 400 pr\u00f8ver.<\/p>\n<\/li>\n<\/ul>\n<h3 data-start=\"974\" data-end=\"1006\">Nem og sikker brug<\/h3>\n<ol data-start=\"1007\" data-end=\"1272\">\n<li data-start=\"1007\" data-end=\"1064\">\n<p data-start=\"1010\" data-end=\"1064\">Ryst Solo A5 testgasflasken og monter den i Solo 330.<\/p>\n<\/li>\n<li data-start=\"1065\" data-end=\"1109\">\n<p data-start=\"1068\" data-end=\"1109\">Skru beholderen p\u00e5, og drej den \u00bc omgang.<\/p>\n<\/li>\n<li data-start=\"1110\" data-end=\"1192\">\n<p data-start=\"1113\" data-end=\"1192\">Placer koppen omkring detektoren, tryk let mod loftet og lad gassen str\u00f8mme ud.<\/p>\n<\/li>\n<li data-start=\"1193\" data-end=\"1272\">\n<p data-start=\"1196\" data-end=\"1272\">Vent cirka 10 sekunder, indtil detektoren udsender en alarm. Gentag om n\u00f8dvendigt den korte test.<\/p>\n<\/li>\n<\/ol>\n<h3 data-start=\"1274\" data-end=\"1299\">Fordele ved Solo 2<\/h3>\n<ul data-start=\"1300\" data-end=\"1531\">\n<li data-start=\"1300\" data-end=\"1337\">\n<p data-start=\"1302\" data-end=\"1337\">Kompakt og nem at transportere<\/p>\n<\/li>\n<li data-start=\"1338\" data-end=\"1409\">\n<p data-start=\"1340\" data-end=\"1409\">R\u00e6kkevidde op til 2,7 m, kan udvides med flere forl\u00e6ngerst\u00e6nger<\/p>\n<\/li>\n<li data-start=\"1410\" data-end=\"1455\">\n<p data-start=\"1412\" data-end=\"1455\">Nem montering af testeren p\u00e5 teststangen<\/p>\n<\/li>\n<li data-start=\"1456\" data-end=\"1531\">\n<p data-start=\"1458\" data-end=\"1531\">Sikker og professionel test af de fleste m\u00e6rker af r\u00f8galarmer<\/p>\n<\/li>\n<\/ul>\n<h3 data-start=\"1533\" data-end=\"1563\">Tekniske specifikationer<\/h3>\n<ul data-start=\"1564\" data-end=\"1816\">\n<li data-start=\"1564\" data-end=\"1626\">\n<p data-start=\"1566\" data-end=\"1626\">Testh\u00f8jde: op til 2,7 m (kan udvides med flere st\u00e6nger)<\/p>\n<\/li>\n<li data-start=\"1627\" data-end=\"1672\">\n<p data-start=\"1629\" data-end=\"1672\">Indhold: Solo 330, Solo 101, 1 \u00d7 Solo A5<\/p>\n<\/li>\n<li data-start=\"1673\" data-end=\"1727\">\n<p data-start=\"1675\" data-end=\"1727\">Stangmateriale: Glasfiber, ikke elektrisk ledende<\/p>\n<\/li>\n<li data-start=\"1728\" data-end=\"1768\">\n<p data-start=\"1730\" data-end=\"1768\">Testgasflaskekapacitet: ca. 400 pr\u00f8ver<\/p>\n<\/li>\n<li data-start=\"1769\" data-end=\"1816\">\n<p data-start=\"1771\" data-end=\"1816\">Kompatibel med: Solo- og Testifire-testere<\/p>\n<\/li>\n<\/ul>","protected":false},"excerpt":{"rendered":"<p>Solo 2 testkittet er et kompakt s\u00e6t til test af r\u00f8gdetektorer op til ca. 2,7 m. Indeholder Solo 101 forl\u00e6ngerstang, Solo 330 detektortester og 1 Solo A5 testgasflaske.<\/p>\n<p>Perfekt til enklere installationer og mindre h\u00f8jder.<\/p>","protected":false},"featured_media":137668,"template":"","meta":{"_acf_changed":false},"product_brand":[],"product_cat":[3849,2945],"product_tag":[],"class_list":{"0":"post-92671","1":"product","2":"type-product","3":"status-publish","4":"has-post-thumbnail","6":"product_cat-solo-kit","7":"product_cat-solo","8":"product_shipping_class-tunga-paket","9":"tm-no-options","11":"first","12":"instock","13":"taxable","14":"shipping-taxable","15":"purchasable","16":"product-type-simple"},"acf":[],"_links":{"self":[{"href":"https:\/\/secureus.se\/dk\/wp-json\/wp\/v2\/product\/92671","targetHints":{"allow":["GET"]}}],"collection":[{"href":"https:\/\/secureus.se\/dk\/wp-json\/wp\/v2\/product"}],"about":[{"href":"https:\/\/secureus.se\/dk\/wp-json\/wp\/v2\/types\/product"}],"wp:featuredmedia":[{"embeddable":true,"href":"https:\/\/secureus.se\/dk\/wp-json\/wp\/v2\/media\/137668"}],"wp:attachment":[{"href":"https:\/\/secureus.se\/dk\/wp-json\/wp\/v2\/media?parent=92671"}],"wp:term":[{"taxonomy":"product_brand","embeddable":true,"href":"https:\/\/secureus.se\/dk\/wp-json\/wp\/v2\/product_brand?post=92671"},{"taxonomy":"product_cat","embeddable":true,"href":"https:\/\/secureus.se\/dk\/wp-json\/wp\/v2\/product_cat?post=92671"},{"taxonomy":"product_tag","embeddable":true,"href":"https:\/\/secureus.se\/dk\/wp-json\/wp\/v2\/product_tag?post=92671"}],"curies":[{"name":"wp","href":"https:\/\/api.w.org\/{rel}","templated":true}]}}