{"id":92675,"date":"2024-06-12T13:12:59","date_gmt":"2024-06-12T11:12:59","guid":{"rendered":"https:\/\/secureus.se\/provkit-solo-4-4-m-provning-rok\/"},"modified":"2026-04-23T12:57:06","modified_gmt":"2026-04-23T10:57:06","slug":"provkit-solo-4-4-m-provning-rok","status":"publish","type":"product","link":"https:\/\/secureus.se\/dk\/provkit-solo-4-4-m-provning-rok\/","title":{"rendered":"Testkit Solo 4 \u2013 4 m \u2013 Testing Smoke"},"content":{"rendered":"<h1>Testkit Solo 4 \u2013 4 m \u2013 Testing Smoke<\/h1>\n<h3 data-start=\"306\" data-end=\"359\">Komplet tests\u00e6t til r\u00f8gdetektorer op til 4 m<\/h3>\n<p data-start=\"360\" data-end=\"639\">Solo 4 er et komplet tests\u00e6t med Solo 108 teleskopstang, Solo 330 testgasholder og tre Solo A5 (tidligere Solo A3) testgasflasker, designet til m\u00e5nedlig og kvartalsvis test af r\u00f8gdetektorer i brandalarmsystemer.<\/p>\n<p data-start=\"360\" data-end=\"639\">S\u00e6ttet giver nem adgang til mellemh\u00f8je lofter uden behov for en stige.<\/p>\n<h3 data-start=\"641\" data-end=\"669\">Teleskopstang Solo 108<\/h3>\n<p data-start=\"670\" data-end=\"937\">Lavet af let og stift glasfibermateriale, ikke-ledende, hvilket g\u00f8r den stabil ved test i h\u00f8jere h\u00f8jder. Solo 108 kan kombineres med 1-3 Solo 101 for en samlet testh\u00f8jde p\u00e5 op til cirka 7,3 m.<\/p>\n<p data-start=\"670\" data-end=\"937\">Passer til Solo- og Testifire-testere og takedown-testere.<\/p>\n<h3 data-start=\"939\" data-end=\"968\">Testgasholder Solo 330<\/h3>\n<p data-start=\"969\" data-end=\"1347\">Solo 330 bruges til funktionstest af r\u00f8g- og CO-detektorer med en diameter p\u00e5 op til 100 mm. Den drejelige kop g\u00f8r det muligt at teste detektorer, der ikke er vinkelret p\u00e5 gulvet, eller som er vanskelige at n\u00e5 direkte nedefra.<\/p>\n<p data-start=\"969\" data-end=\"1347\">Solo A5 testgasflasker producerer realistisk r\u00f8g, der aktiverer b\u00e5de optiske og ioniserende r\u00f8gdetektorer. \u00c9n cylinder er tilstr\u00e6kkelig til cirka 400 tests.<\/p>\n<h3 data-start=\"1349\" data-end=\"1371\">Nem at bruge<\/h3>\n<ol data-start=\"1372\" data-end=\"1720\">\n<li data-start=\"1372\" data-end=\"1422\">\n<p data-start=\"1375\" data-end=\"1422\">Ryst Solo A5-flasken, og monter den i testeren.<\/p>\n<\/li>\n<li data-start=\"1423\" data-end=\"1471\">\n<p data-start=\"1426\" data-end=\"1471\">Skru beholderen p\u00e5 igen, og drej den \u00bc omgang.<\/p>\n<\/li>\n<li data-start=\"1472\" data-end=\"1569\">\n<p data-start=\"1475\" data-end=\"1569\">Placer koppen omkring detektoren, tryk let mod loftet og lad gassen str\u00f8mme ud i 1 sekund.<\/p>\n<\/li>\n<li data-start=\"1570\" data-end=\"1652\">\n<p data-start=\"1573\" data-end=\"1652\">Vent cirka 10 sekunder, indtil detektoren udl\u00f8ser en alarm. Gentag den korte test om n\u00f8dvendigt.<\/p>\n<\/li>\n<li data-start=\"1653\" data-end=\"1720\">\n<p data-start=\"1656\" data-end=\"1720\">Gassen fordamper hurtigt, og detektoren kan nulstilles med det samme.<\/p>\n<\/li>\n<\/ol>\n<h3 data-start=\"1722\" data-end=\"1747\">Fordele ved Solo 4<\/h3>\n<ul data-start=\"1748\" data-end=\"2071\">\n<li data-start=\"1748\" data-end=\"1802\">\n<p data-start=\"1750\" data-end=\"1802\">Komplet s\u00e6t med 3 testgasflasker til flere tests<\/p>\n<\/li>\n<li data-start=\"1803\" data-end=\"1848\">\n<p data-start=\"1805\" data-end=\"1848\">Let og robust teleskopstang lavet af glasfiber<\/p>\n<\/li>\n<li data-start=\"1849\" data-end=\"1898\">\n<p data-start=\"1851\" data-end=\"1898\">Drejelig tester til sv\u00e6rt tilg\u00e6ngelige detektorer<\/p>\n<\/li>\n<li data-start=\"1899\" data-end=\"1969\">\n<p data-start=\"1901\" data-end=\"1969\">R\u00e6kkevidde op til 4 m (kan kombineres med Solo 101 op til 7,3 m)<\/p>\n<\/li>\n<li data-start=\"1970\" data-end=\"2016\">\n<p data-start=\"1972\" data-end=\"2016\">Passer til de fleste m\u00e6rker af r\u00f8galarmer<\/p>\n<\/li>\n<li data-start=\"2017\" data-end=\"2071\">\n<p data-start=\"2019\" data-end=\"2071\">Nem og sikker brug med hurtig genopretning<\/p>\n<\/li>\n<\/ul>\n<h3 data-start=\"2073\" data-end=\"2088\">Transportere<\/h3>\n<p data-start=\"2089\" data-end=\"2243\">S\u00e6ttet kan organiseres i Solo 610 opbevaringskufferten med plads til st\u00e6nger, testinstrumenter og testgasflasker, hvilket forenkler transport og beskytter udstyret.<\/p>\n<p data-start=\"2245\" data-end=\"2276\"><strong data-start=\"2245\" data-end=\"2274\">Tekniske specifikationer:<\/strong><\/p>\n<ul data-start=\"2277\" data-end=\"2711\">\n<li data-start=\"2277\" data-end=\"2304\">\n<p data-start=\"2279\" data-end=\"2304\">Produkt: Solo 4 testkit<\/p>\n<\/li>\n<li data-start=\"2305\" data-end=\"2392\">\n<p data-start=\"2307\" data-end=\"2392\">Indhold: Teleskopstang Solo 108, testgasholder Solo 330, 3 testgasflasker Solo A5<\/p>\n<\/li>\n<li data-start=\"2393\" data-end=\"2464\">\n<p data-start=\"2395\" data-end=\"2464\">R\u00e6kkevidde: Op til 4 m (kan kombineres med Solo 101 op til 7,3 m)<\/p>\n<\/li>\n<li data-start=\"2465\" data-end=\"2527\">\n<p data-start=\"2467\" data-end=\"2527\">Teleskopstangmateriale: Glasfiber, ikke elektrisk ledende<\/p>\n<\/li>\n<li data-start=\"2528\" data-end=\"2600\">\n<p data-start=\"2530\" data-end=\"2600\">Anvendelse: Funktionstest af r\u00f8gdetektorer (optiske og ioniserende)<\/p>\n<\/li>\n<li data-start=\"2601\" data-end=\"2647\">\n<p data-start=\"2603\" data-end=\"2647\">Kapacitet pr. testgasflaske: ca. 400 tests<\/p>\n<\/li>\n<li data-start=\"2648\" data-end=\"2711\">\n<p data-start=\"2650\" data-end=\"2711\">Kompatibel med: Solo- og Testifire-testere, Solo takedown-testere<\/p>\n<\/li>\n<\/ul>","protected":false},"excerpt":{"rendered":"<p>Solo 4 testkittet indeholder Solo 108 teleskopstang, Solo 330 testgasholder og 3 Solo A5 testgasflasker til test af r\u00f8gdetektorer op til ca. 4 m i h\u00f8jden.<\/p>\n<p>Perfekt til teknikere, der \u00f8nsker at udf\u00f8re sikre og effektive funktionstests p\u00e5 CO- og r\u00f8gdetektorer.<\/p>","protected":false},"featured_media":137660,"template":"","meta":{"_acf_changed":false},"product_brand":[],"product_cat":[3849,2945],"product_tag":[],"class_list":{"0":"post-92675","1":"product","2":"type-product","3":"status-publish","4":"has-post-thumbnail","6":"product_cat-solo-kit","7":"product_cat-solo","8":"product_shipping_class-tunga-paket","9":"tm-no-options","11":"first","12":"instock","13":"taxable","14":"shipping-taxable","15":"purchasable","16":"product-type-simple"},"acf":[],"_links":{"self":[{"href":"https:\/\/secureus.se\/dk\/wp-json\/wp\/v2\/product\/92675","targetHints":{"allow":["GET"]}}],"collection":[{"href":"https:\/\/secureus.se\/dk\/wp-json\/wp\/v2\/product"}],"about":[{"href":"https:\/\/secureus.se\/dk\/wp-json\/wp\/v2\/types\/product"}],"wp:featuredmedia":[{"embeddable":true,"href":"https:\/\/secureus.se\/dk\/wp-json\/wp\/v2\/media\/137660"}],"wp:attachment":[{"href":"https:\/\/secureus.se\/dk\/wp-json\/wp\/v2\/media?parent=92675"}],"wp:term":[{"taxonomy":"product_brand","embeddable":true,"href":"https:\/\/secureus.se\/dk\/wp-json\/wp\/v2\/product_brand?post=92675"},{"taxonomy":"product_cat","embeddable":true,"href":"https:\/\/secureus.se\/dk\/wp-json\/wp\/v2\/product_cat?post=92675"},{"taxonomy":"product_tag","embeddable":true,"href":"https:\/\/secureus.se\/dk\/wp-json\/wp\/v2\/product_tag?post=92675"}],"curies":[{"name":"wp","href":"https:\/\/api.w.org\/{rel}","templated":true}]}}