{"id":92677,"date":"2024-06-12T13:13:01","date_gmt":"2024-06-12T11:13:01","guid":{"rendered":"https:\/\/secureus.se\/provkit-solo-5-6-m-provning-rok\/"},"modified":"2026-03-26T12:24:18","modified_gmt":"2026-03-26T11:24:18","slug":"provkit-solo-5-6-m-provning-rok","status":"publish","type":"product","link":"https:\/\/secureus.se\/dk\/provkit-solo-5-6-m-provning-rok\/","title":{"rendered":"Test kit Solo 5 \u2013 6 m \u2013 Testing Smoke"},"content":{"rendered":"<h1>Test kit Solo 5 \u2013 6 m \u2013 Testing Smoke<\/h1>\n<h3 data-start=\"305\" data-end=\"358\">Komplet tests\u00e6t til r\u00f8gdetektorer op til 6 m<\/h3>\n<p data-start=\"359\" data-end=\"687\">Solo 5 er et komplet tests\u00e6t, der kombinerer Solo 100 teleskopstangen, Solo 330 testgasholderen og tre Solo A5 (tidligere Solo A3) testgasflasker til effektiv test af r\u00f8gdetektorer.<\/p>\n<p data-start=\"359\" data-end=\"687\">S\u00e6ttet er tilpasset til m\u00e5nedlige og kvartalsvise test af brandalarmsystemer, hvilket g\u00f8r det nemt at udf\u00f8re test p\u00e5 mellemh\u00f8je lofter uden stige.<\/p>\n<h3 data-start=\"689\" data-end=\"717\">Teleskopstang Solo 100<\/h3>\n<p data-start=\"718\" data-end=\"994\">Lavet af let og stift glasfibermateriale, ikke-elektrisk ledende, hvilket giver god stabilitet ved h\u00f8je testh\u00f8jder.<\/p>\n<p data-start=\"718\" data-end=\"994\">Teleskopstangen kan kombineres med 1-3 Solo 101&#039;ere for en samlet testh\u00f8jde p\u00e5 op til ca. 9,3 m. Passer til Solo- og Testifire-testere og downriggere.<\/p>\n<h3 data-start=\"996\" data-end=\"1025\">Testgasholder Solo 330<\/h3>\n<p data-start=\"1026\" data-end=\"1404\">Solo 330 bruges til funktionstest af r\u00f8g- og CO-detektorer med en diameter p\u00e5 op til 100 mm.<\/p>\n<p data-start=\"1026\" data-end=\"1404\">Den drejelige kop g\u00f8r det muligt at teste detektorer, der ikke er vinkelret p\u00e5 gulvet, eller som er vanskelige at n\u00e5 direkte nedefra.<\/p>\n<p data-start=\"1026\" data-end=\"1404\">Solo A5 testgasflaskerne producerer realistisk r\u00f8g, der aktiverer b\u00e5de optiske og ioniserende r\u00f8gdetektorer.<\/p>\n<p data-start=\"1026\" data-end=\"1404\">En flaske er nok til cirka 400 tests.<\/p>\n<h3 data-start=\"1406\" data-end=\"1428\">Nem at bruge<\/h3>\n<ol data-start=\"1429\" data-end=\"1793\">\n<li data-start=\"1429\" data-end=\"1487\">\n<p data-start=\"1432\" data-end=\"1487\">Ryst Solo A5-flasken godt, og monter den i testeren.<\/p>\n<\/li>\n<li data-start=\"1488\" data-end=\"1536\">\n<p data-start=\"1491\" data-end=\"1536\">Skru beholderen p\u00e5 igen, og drej den \u00bc omgang.<\/p>\n<\/li>\n<li data-start=\"1537\" data-end=\"1634\">\n<p data-start=\"1540\" data-end=\"1634\">Placer koppen omkring detektoren, tryk let mod loftet og lad gassen str\u00f8mme ud i 1 sekund.<\/p>\n<\/li>\n<li data-start=\"1635\" data-end=\"1717\">\n<p data-start=\"1638\" data-end=\"1717\">Vent cirka 10 sekunder, indtil detektoren udl\u00f8ser en alarm. Gentag den korte test om n\u00f8dvendigt.<\/p>\n<\/li>\n<li data-start=\"1718\" data-end=\"1793\">\n<p data-start=\"1721\" data-end=\"1793\">Gassen fordamper hurtigt, hvilket g\u00f8r detektoren hurtigt kan nulstilles.<\/p>\n<\/li>\n<\/ol>\n<h3 data-start=\"1795\" data-end=\"1820\">Fordele ved Solo 5<\/h3>\n<ul data-start=\"1821\" data-end=\"2144\">\n<li data-start=\"1821\" data-end=\"1875\">\n<p data-start=\"1823\" data-end=\"1875\">Komplet s\u00e6t med 3 testgasflasker til flere tests<\/p>\n<\/li>\n<li data-start=\"1876\" data-end=\"1921\">\n<p data-start=\"1878\" data-end=\"1921\">Let og robust teleskopstang lavet af glasfiber<\/p>\n<\/li>\n<li data-start=\"1922\" data-end=\"1971\">\n<p data-start=\"1924\" data-end=\"1971\">Drejelig tester til sv\u00e6rt tilg\u00e6ngelige detektorer<\/p>\n<\/li>\n<li data-start=\"1972\" data-end=\"2042\">\n<p data-start=\"1974\" data-end=\"2042\">R\u00e6kkevidde op til 6 m (kan kombineres med Solo 101 op til 9,3 m)<\/p>\n<\/li>\n<li data-start=\"2043\" data-end=\"2089\">\n<p data-start=\"2045\" data-end=\"2089\">Passer til de fleste m\u00e6rker af r\u00f8galarmer<\/p>\n<\/li>\n<li data-start=\"2090\" data-end=\"2144\">\n<p data-start=\"2092\" data-end=\"2144\">Nem og sikker brug med hurtig genopretning<\/p>\n<\/li>\n<\/ul>\n<h3 data-start=\"2146\" data-end=\"2161\">Transportere<\/h3>\n<p data-start=\"2162\" data-end=\"2317\">S\u00e6ttet kan organiseres i Solo 610 opbevaringskufferten, med plads til st\u00e6nger, testere og testgasflasker, hvilket forenkler transporten og beskytter udstyret.<\/p>\n<p data-start=\"2319\" data-end=\"2346\">TEKNISKE SPECIFIKATIONER:<\/p>\n<ul data-start=\"2347\" data-end=\"2781\">\n<li data-start=\"2347\" data-end=\"2374\">\n<p data-start=\"2349\" data-end=\"2374\">Produkt: Solo 5 testkit<\/p>\n<\/li>\n<li data-start=\"2375\" data-end=\"2462\">\n<p data-start=\"2377\" data-end=\"2462\">Indhold: Teleskopstang Solo 100, testgasholder Solo 330, 3 testgasflasker Solo A5<\/p>\n<\/li>\n<li data-start=\"2463\" data-end=\"2534\">\n<p data-start=\"2465\" data-end=\"2534\">R\u00e6kkevidde: Op til 6 m (kan kombineres med Solo 101 op til 9,3 m)<\/p>\n<\/li>\n<li data-start=\"2535\" data-end=\"2597\">\n<p data-start=\"2537\" data-end=\"2597\">Teleskopstangmateriale: Glasfiber, ikke elektrisk ledende<\/p>\n<\/li>\n<li data-start=\"2598\" data-end=\"2670\">\n<p data-start=\"2600\" data-end=\"2670\">Anvendelse: Funktionstest af r\u00f8gdetektorer (optiske og ioniserende)<\/p>\n<\/li>\n<li data-start=\"2671\" data-end=\"2717\">\n<p data-start=\"2673\" data-end=\"2717\">Kapacitet pr. testgasflaske: ca. 400 tests<\/p>\n<\/li>\n<li data-start=\"2718\" data-end=\"2781\">\n<p data-start=\"2720\" data-end=\"2781\">Kompatibel med: Solo- og Testifire-testere, Solo takedown-testere<\/p>\n<\/li>\n<\/ul>","protected":false},"excerpt":{"rendered":"<p>Solo 5 testkittet indeholder Solo 100 teleskopstang, Solo 330 testgasholder og 3 Solo A5 testgasflasker til test af r\u00f8gdetektorer op til ca. 6 m i h\u00f8jden.<\/p>\n<p>Perfekt til teknikere, der har brug for sikker og effektiv testning af flere detektorer i samme arbejdsomr\u00e5de.<\/p>","protected":false},"featured_media":137652,"template":"","meta":{"_acf_changed":false},"product_brand":[],"product_cat":[3849,2945],"product_tag":[],"class_list":{"0":"post-92677","1":"product","2":"type-product","3":"status-publish","4":"has-post-thumbnail","6":"product_cat-solo-kit","7":"product_cat-solo","8":"product_shipping_class-tunga-paket","9":"tm-no-options","11":"first","12":"onbackorder","13":"taxable","14":"shipping-taxable","15":"purchasable","16":"product-type-simple"},"acf":[],"_links":{"self":[{"href":"https:\/\/secureus.se\/dk\/wp-json\/wp\/v2\/product\/92677","targetHints":{"allow":["GET"]}}],"collection":[{"href":"https:\/\/secureus.se\/dk\/wp-json\/wp\/v2\/product"}],"about":[{"href":"https:\/\/secureus.se\/dk\/wp-json\/wp\/v2\/types\/product"}],"wp:featuredmedia":[{"embeddable":true,"href":"https:\/\/secureus.se\/dk\/wp-json\/wp\/v2\/media\/137652"}],"wp:attachment":[{"href":"https:\/\/secureus.se\/dk\/wp-json\/wp\/v2\/media?parent=92677"}],"wp:term":[{"taxonomy":"product_brand","embeddable":true,"href":"https:\/\/secureus.se\/dk\/wp-json\/wp\/v2\/product_brand?post=92677"},{"taxonomy":"product_cat","embeddable":true,"href":"https:\/\/secureus.se\/dk\/wp-json\/wp\/v2\/product_cat?post=92677"},{"taxonomy":"product_tag","embeddable":true,"href":"https:\/\/secureus.se\/dk\/wp-json\/wp\/v2\/product_tag?post=92677"}],"curies":[{"name":"wp","href":"https:\/\/api.w.org\/{rel}","templated":true}]}}