{"id":92679,"date":"2024-06-12T13:13:02","date_gmt":"2024-06-12T11:13:02","guid":{"rendered":"https:\/\/secureus.se\/provkit-solo-6-6-m-provning-rok\/"},"modified":"2026-03-26T12:24:12","modified_gmt":"2026-03-26T11:24:12","slug":"provkit-solo-6-6-m-provning-rok","status":"publish","type":"product","link":"https:\/\/secureus.se\/dk\/provkit-solo-6-6-m-provning-rok\/","title":{"rendered":"Test kit Solo 6 \u2013 6 m \u2013 Testing Smoke"},"content":{"rendered":"<h1>Test kit Solo 6 \u2013 6 m \u2013 Testing Smoke<\/h1>\n<h3 data-start=\"282\" data-end=\"335\">Komplet tests\u00e6t til r\u00f8gdetektorer op til 6 m<\/h3>\n<p data-start=\"336\" data-end=\"639\">Solo 6 er et praktisk tests\u00e6t, der kombinerer Solo 100 teleskopstangen, Solo 330 detektortesteren og Solo A5 testgasflasken (tidligere Solo A3) til effektiv test af r\u00f8gdetektorer.<\/p>\n<p data-start=\"336\" data-end=\"639\">S\u00e6ttet er designet til at muligg\u00f8re m\u00e5nedlig og kvartalsvis test af brandalarmsystemer uden behov for brug af stige.<\/p>\n<h3 data-start=\"641\" data-end=\"669\">Teleskopstang Solo 100<\/h3>\n<p data-start=\"670\" data-end=\"896\">Lavet af h\u00f8jkvalitets glasfibermateriale, ikke-elektrisk ledende, hvilket g\u00f8r den let, men stiv.<\/p>\n<p data-start=\"670\" data-end=\"896\">Kan monteres med 1-3 Solo 101 for at n\u00e5 op til ca. 9,3 m h\u00f8jde. Passer til Solo- og Testifire-testere og nedtagningsenheder.<\/p>\n<h3 data-start=\"898\" data-end=\"928\">Detektortester Solo 330<\/h3>\n<p data-start=\"929\" data-end=\"1312\">Solo 330 bruges til funktionstest af r\u00f8g- og CO-detektorer med en diameter p\u00e5 op til 100 mm.<\/p>\n<p data-start=\"929\" data-end=\"1312\">Den drejelige kop g\u00f8r det muligt at teste detektorer, der ikke er vinkelret p\u00e5 gulvet, eller som er vanskelige at f\u00e5 adgang til.<\/p>\n<p data-start=\"929\" data-end=\"1312\">Solo A5 testgasflasken producerer en aerosol, der simulerer \u00e6gte r\u00f8g og aktiverer b\u00e5de optiske og ioniserende r\u00f8gdetektorer.<\/p>\n<p data-start=\"929\" data-end=\"1312\">En flaske er nok til cirka 400 tests.<\/p>\n<h3 data-start=\"1314\" data-end=\"1330\">Brug<\/h3>\n<ol data-start=\"1331\" data-end=\"1672\">\n<li data-start=\"1331\" data-end=\"1395\">\n<p data-start=\"1334\" data-end=\"1395\">Monter testeren p\u00e5 teleskopstangen, indtil den klikker p\u00e5 plads.<\/p>\n<\/li>\n<li data-start=\"1396\" data-end=\"1452\">\n<p data-start=\"1399\" data-end=\"1452\">Placer Solo A5-flasken i testeren, og drej den \u00bc omgang.<\/p>\n<\/li>\n<li data-start=\"1453\" data-end=\"1530\">\n<p data-start=\"1456\" data-end=\"1530\">Placer koppen omkring detektoren, og tryk let mod loftet i cirka 1 sekund.<\/p>\n<\/li>\n<li data-start=\"1531\" data-end=\"1603\">\n<p data-start=\"1534\" data-end=\"1603\">Vent 10 sekunder p\u00e5 alarmen. Hvis den ikke udl\u00f8ser alarmen, gentag testen kort.<\/p>\n<\/li>\n<li data-start=\"1604\" data-end=\"1672\">\n<p data-start=\"1607\" data-end=\"1672\">Gassen fordamper hurtigt, hvilket muligg\u00f8r \u00f8jeblikkelig genopretning.<\/p>\n<\/li>\n<\/ol>\n<h3 data-start=\"1674\" data-end=\"1699\">Fordele ved Solo 6<\/h3>\n<ul data-start=\"1700\" data-end=\"1933\">\n<li data-start=\"1700\" data-end=\"1742\">\n<p data-start=\"1702\" data-end=\"1742\">Komplet s\u00e6t til testning op til 6 m<\/p>\n<\/li>\n<li data-start=\"1743\" data-end=\"1788\">\n<p data-start=\"1745\" data-end=\"1788\">Let, robust og sikkert glasfibermateriale<\/p>\n<\/li>\n<li data-start=\"1789\" data-end=\"1841\">\n<p data-start=\"1791\" data-end=\"1841\">Solo A5 testgasflaske til realistisk r\u00f8gtestning<\/p>\n<\/li>\n<li data-start=\"1842\" data-end=\"1886\">\n<p data-start=\"1844\" data-end=\"1886\">Kan bruges med Solo 101 for ekstra h\u00f8jde<\/p>\n<\/li>\n<li data-start=\"1887\" data-end=\"1933\">\n<p data-start=\"1889\" data-end=\"1933\">Passer til de fleste m\u00e6rker af r\u00f8galarmer<\/p>\n<\/li>\n<\/ul>\n<h3 data-start=\"1935\" data-end=\"1950\">Transportere<\/h3>\n<p data-start=\"1951\" data-end=\"2063\">S\u00e6ttet kan b\u00e6res og organiseres i Solo 610 opbevaringskufferten, med plads til st\u00e6nger, testinstrumenter og testgasflasker.<\/p>\n<p data-start=\"2065\" data-end=\"2092\">TEKNISKE SPECIFIKATIONER:<\/p>\n<ul data-start=\"2093\" data-end=\"2521\">\n<li data-start=\"2093\" data-end=\"2120\">\n<p data-start=\"2095\" data-end=\"2120\">Produkt: Solo 6 testkit<\/p>\n<\/li>\n<li data-start=\"2121\" data-end=\"2206\">\n<p data-start=\"2123\" data-end=\"2206\">Indhold: Teleskopstang Solo 100, Detektortester Solo 330, Testgasflaske Solo A5<\/p>\n<\/li>\n<li data-start=\"2207\" data-end=\"2278\">\n<p data-start=\"2209\" data-end=\"2278\">R\u00e6kkevidde: Op til 6 m (kan kombineres med Solo 101 op til 9,3 m)<\/p>\n<\/li>\n<li data-start=\"2279\" data-end=\"2341\">\n<p data-start=\"2281\" data-end=\"2341\">Teleskopstangmateriale: Glasfiber, ikke elektrisk ledende<\/p>\n<\/li>\n<li data-start=\"2342\" data-end=\"2414\">\n<p data-start=\"2344\" data-end=\"2414\">Anvendelse: Funktionstest af r\u00f8gdetektorer (optiske og ioniserende)<\/p>\n<\/li>\n<li data-start=\"2415\" data-end=\"2457\">\n<p data-start=\"2417\" data-end=\"2457\">Testgasflaskekapacitet: ca. 400 tests<\/p>\n<\/li>\n<li data-start=\"2458\" data-end=\"2521\">\n<p data-start=\"2460\" data-end=\"2521\">Kompatibel med: Solo- og Testifire-testere, Solo takedown-testere<\/p>\n<\/li>\n<\/ul>","protected":false},"excerpt":{"rendered":"<p>Solo 6 testkittet indeholder Solo 100 teleskopstangen, Solo 330 detektortesteren og en Solo A5 testgasflaske til test af r\u00f8gdetektorer op til ca. 6 m i h\u00f8jden.<\/p>\n<p>Perfekt til teknikere, der har brug for effektiv og sikker testning p\u00e5 mellemh\u00f8je lofter.<\/p>","protected":false},"featured_media":137216,"template":"","meta":{"_acf_changed":false},"product_brand":[],"product_cat":[3849,2945],"product_tag":[],"class_list":{"0":"post-92679","1":"product","2":"type-product","3":"status-publish","4":"has-post-thumbnail","6":"product_cat-solo-kit","7":"product_cat-solo","8":"product_shipping_class-tunga-paket","9":"tm-no-options","11":"first","12":"onbackorder","13":"taxable","14":"shipping-taxable","15":"purchasable","16":"product-type-simple"},"acf":[],"_links":{"self":[{"href":"https:\/\/secureus.se\/dk\/wp-json\/wp\/v2\/product\/92679","targetHints":{"allow":["GET"]}}],"collection":[{"href":"https:\/\/secureus.se\/dk\/wp-json\/wp\/v2\/product"}],"about":[{"href":"https:\/\/secureus.se\/dk\/wp-json\/wp\/v2\/types\/product"}],"wp:featuredmedia":[{"embeddable":true,"href":"https:\/\/secureus.se\/dk\/wp-json\/wp\/v2\/media\/137216"}],"wp:attachment":[{"href":"https:\/\/secureus.se\/dk\/wp-json\/wp\/v2\/media?parent=92679"}],"wp:term":[{"taxonomy":"product_brand","embeddable":true,"href":"https:\/\/secureus.se\/dk\/wp-json\/wp\/v2\/product_brand?post=92679"},{"taxonomy":"product_cat","embeddable":true,"href":"https:\/\/secureus.se\/dk\/wp-json\/wp\/v2\/product_cat?post=92679"},{"taxonomy":"product_tag","embeddable":true,"href":"https:\/\/secureus.se\/dk\/wp-json\/wp\/v2\/product_tag?post=92679"}],"curies":[{"name":"wp","href":"https:\/\/api.w.org\/{rel}","templated":true}]}}